{"id":4064,"date":"2023-10-12T13:12:38","date_gmt":"2023-10-12T13:12:38","guid":{"rendered":"https:\/\/sthlmup.se\/?page_id=4064"},"modified":"2025-10-01T13:32:26","modified_gmt":"2025-10-01T13:32:26","slug":"bli-medlem-i-sthlm-up","status":"publish","type":"page","link":"https:\/\/sthlmup.se\/en\/bli-medlem-i-sthlm-up\/","title":{"rendered":"Become a member of SthlmUP"},"content":{"rendered":"<div data-elementor-type=\"wp-page\" data-elementor-id=\"4064\" class=\"elementor elementor-4064\">\n\t\t\t\t\t\t<section class=\"elementor-section elementor-top-section elementor-element elementor-element-272c5f9 elementor-section-boxed elementor-section-height-default elementor-section-height-default\" data-id=\"272c5f9\" data-element_type=\"section\">\n\t\t\t\t\t\t<div class=\"elementor-container elementor-column-gap-default\">\n\t\t\t\t\t<div class=\"elementor-column elementor-col-100 elementor-top-column elementor-element elementor-element-150c620\" data-id=\"150c620\" data-element_type=\"column\">\n\t\t\t<div class=\"elementor-widget-wrap elementor-element-populated\">\n\t\t\t\t\t\t<div class=\"elementor-element elementor-element-d850961 elementor-widget elementor-widget-heading\" data-id=\"d850961\" data-element_type=\"widget\" data-widget_type=\"heading.default\">\n\t\t\t\t<div class=\"elementor-widget-container\">\n\t\t\t\t\t<h2 class=\"elementor-heading-title elementor-size-default\">Medlemskap i SthlmUP<\/h2>\t\t\t\t<\/div>\n\t\t\t\t<\/div>\n\t\t\t\t<section class=\"elementor-section elementor-inner-section elementor-element elementor-element-76bee01 elementor-section-boxed elementor-section-height-default elementor-section-height-default\" data-id=\"76bee01\" data-element_type=\"section\">\n\t\t\t\t\t\t<div class=\"elementor-container elementor-column-gap-default\">\n\t\t\t\t\t<div class=\"elementor-column elementor-col-50 elementor-inner-column elementor-element elementor-element-1719fd7\" data-id=\"1719fd7\" data-element_type=\"column\">\n\t\t\t<div class=\"elementor-widget-wrap elementor-element-populated\">\n\t\t\t\t\t\t<div class=\"elementor-element elementor-element-ba29488 elementor-widget__width-initial elementor-widget elementor-widget-text-editor\" data-id=\"ba29488\" data-element_type=\"widget\" data-widget_type=\"text-editor.default\">\n\t\t\t\t<div class=\"elementor-widget-container\">\n\t\t\t\t\t\t\t\t\t<p style=\"caret-color: #000000; color: #000000;\">F\u00f6r att delta i aktiviteter och event som SthlmUP anordnar beh\u00f6ver du bli medlem. Som medlem f\u00e5r du m\u00f6jlighet att delta i alla v\u00e5ra aktiviteter, p\u00e5verka din utbildning, skapa v\u00e4rdefulla kontakter och vara med och forma f\u00f6reningens verksamhet.<\/p><p style=\"caret-color: #000000; color: #000000;\">Det finns \u00e4ven st\u00f6dmedlemskap f\u00f6r dig som vill delta p\u00e5 v\u00e5ra evenemang men som inte studerar PAO, ASPA eller liknande utbildning vid Stockholms universitet.\u00a0<\/p><p style=\"caret-color: #000000; color: #000000;\">Tillsammans str\u00e4var vi efter att skapa gemenskap och g\u00f6ra studietiden mer givande och underh\u00e5llande. Vill du engagera dig i f\u00f6reningen? Kontakta oss g\u00e4rna via mejl eller genom fliken\u00a0<em>Kontakt<\/em>\u00a0h\u00e4r p\u00e5 hemsida<\/p>\t\t\t\t\t\t\t\t<\/div>\n\t\t\t\t<\/div>\n\t\t\t\t\t<\/div>\n\t\t<\/div>\n\t\t\t\t<div class=\"elementor-column elementor-col-50 elementor-inner-column elementor-element elementor-element-bbc6c6d\" data-id=\"bbc6c6d\" data-element_type=\"column\">\n\t\t\t<div class=\"elementor-widget-wrap elementor-element-populated\">\n\t\t\t\t\t\t<div class=\"elementor-element elementor-element-d88a794 elementor-widget__width-initial elementor-widget elementor-widget-image\" data-id=\"d88a794\" data-element_type=\"widget\" data-widget_type=\"image.default\">\n\t\t\t\t<div class=\"elementor-widget-container\">\n\t\t\t\t\t\t\t\t\t\t\t\t\t\t\t<img fetchpriority=\"high\" decoding=\"async\" width=\"1536\" height=\"1152\" src=\"https:\/\/sthlmup.se\/wp-content\/uploads\/2024\/11\/IMG_0584-1536x1152.jpg\" class=\"attachment-1536x1536 size-1536x1536 wp-image-5477\" alt=\"\" srcset=\"https:\/\/sthlmup.se\/wp-content\/uploads\/2024\/11\/IMG_0584-1536x1152.jpg 1536w, https:\/\/sthlmup.se\/wp-content\/uploads\/2024\/11\/IMG_0584-300x225.jpg 300w, https:\/\/sthlmup.se\/wp-content\/uploads\/2024\/11\/IMG_0584-1024x768.jpg 1024w, https:\/\/sthlmup.se\/wp-content\/uploads\/2024\/11\/IMG_0584-768x576.jpg 768w, https:\/\/sthlmup.se\/wp-content\/uploads\/2024\/11\/IMG_0584-16x12.jpg 16w, https:\/\/sthlmup.se\/wp-content\/uploads\/2024\/11\/elementor\/thumbs\/IMG_0584-qxqsnswg1cnaficpcxfltftp63w8cggft9yhhanmig.jpg 400w, https:\/\/sthlmup.se\/wp-content\/uploads\/2024\/11\/IMG_0584.jpg 2048w\" sizes=\"(max-width: 1536px) 100vw, 1536px\" \/>\t\t\t\t\t\t\t\t\t\t\t\t\t\t\t<\/div>\n\t\t\t\t<\/div>\n\t\t\t\t\t<\/div>\n\t\t<\/div>\n\t\t\t\t\t<\/div>\n\t\t<\/section>\n\t\t\t\t\t<\/div>\n\t\t<\/div>\n\t\t\t\t\t<\/div>\n\t\t<\/section>\n\t\t\t\t<section class=\"elementor-section elementor-top-section elementor-element elementor-element-f12b2f0 elementor-section-boxed elementor-section-height-default elementor-section-height-default\" data-id=\"f12b2f0\" data-element_type=\"section\">\n\t\t\t\t\t\t<div class=\"elementor-container elementor-column-gap-default\">\n\t\t\t\t\t<div class=\"elementor-column elementor-col-100 elementor-top-column elementor-element elementor-element-eabec9c\" data-id=\"eabec9c\" data-element_type=\"column\">\n\t\t\t<div class=\"elementor-widget-wrap elementor-element-populated\">\n\t\t\t\t\t\t<div class=\"elementor-element elementor-element-0299a46 elementor-widget-divider--view-line elementor-widget elementor-widget-divider\" data-id=\"0299a46\" data-element_type=\"widget\" data-widget_type=\"divider.default\">\n\t\t\t\t<div class=\"elementor-widget-container\">\n\t\t\t\t\t\t\t<div class=\"elementor-divider\">\n\t\t\t<span class=\"elementor-divider-separator\">\n\t\t\t\t\t\t<\/span>\n\t\t<\/div>\n\t\t\t\t\t\t<\/div>\n\t\t\t\t<\/div>\n\t\t\t\t\t<\/div>\n\t\t<\/div>\n\t\t\t\t\t<\/div>\n\t\t<\/section>\n\t\t\t\t<section class=\"elementor-section elementor-top-section elementor-element elementor-element-5ec2723 elementor-section-boxed elementor-section-height-default elementor-section-height-default\" data-id=\"5ec2723\" data-element_type=\"section\">\n\t\t\t\t\t\t<div class=\"elementor-container elementor-column-gap-default\">\n\t\t\t\t\t<div class=\"elementor-column elementor-col-100 elementor-top-column elementor-element elementor-element-97e9d42\" data-id=\"97e9d42\" data-element_type=\"column\">\n\t\t\t<div class=\"elementor-widget-wrap elementor-element-populated\">\n\t\t\t\t\t\t<div class=\"elementor-element elementor-element-ca9fcea elementor-button-success elementor-align-center elementor-widget elementor-widget-button\" data-id=\"ca9fcea\" data-element_type=\"widget\" data-widget_type=\"button.default\">\n\t\t\t\t<div class=\"elementor-widget-container\">\n\t\t\t\t\t\t\t\t\t<div class=\"elementor-button-wrapper\">\n\t\t\t\t\t<a class=\"elementor-button elementor-button-link elementor-size-lg\" href=\"https:\/\/hitract.se\/hitclub\/sthlmup\/hitprofile\">\n\t\t\t\t\t\t<span class=\"elementor-button-content-wrapper\">\n\t\t\t\t\t\t\t\t\t<span class=\"elementor-button-text\">Sign up<\/span>\n\t\t\t\t\t<\/span>\n\t\t\t\t\t<\/a>\n\t\t\t\t<\/div>\n\t\t\t\t\t\t\t\t<\/div>\n\t\t\t\t<\/div>\n\t\t\t\t<div class=\"elementor-element elementor-element-6b2ae34 elementor-widget-divider--view-line elementor-widget elementor-widget-divider\" data-id=\"6b2ae34\" data-element_type=\"widget\" data-widget_type=\"divider.default\">\n\t\t\t\t<div class=\"elementor-widget-container\">\n\t\t\t\t\t\t\t<div class=\"elementor-divider\">\n\t\t\t<span class=\"elementor-divider-separator\">\n\t\t\t\t\t\t<\/span>\n\t\t<\/div>\n\t\t\t\t\t\t<\/div>\n\t\t\t\t<\/div>\n\t\t\t\t\t<\/div>\n\t\t<\/div>\n\t\t\t\t\t<\/div>\n\t\t<\/section>\n\t\t\t\t<section class=\"elementor-section elementor-top-section elementor-element elementor-element-baa7bcc elementor-section-boxed elementor-section-height-default elementor-section-height-default\" data-id=\"baa7bcc\" data-element_type=\"section\">\n\t\t\t\t\t\t<div class=\"elementor-container elementor-column-gap-default\">\n\t\t\t\t\t<div class=\"elementor-column elementor-col-100 elementor-top-column elementor-element elementor-element-cd25095\" data-id=\"cd25095\" data-element_type=\"column\">\n\t\t\t<div class=\"elementor-widget-wrap elementor-element-populated\">\n\t\t\t\t\t\t<div class=\"elementor-element elementor-element-e56f634 elementor-arrows-position-inside elementor-pagination-position-outside elementor-widget elementor-widget-image-carousel\" data-id=\"e56f634\" data-element_type=\"widget\" data-settings=\"{&quot;navigation&quot;:&quot;both&quot;,&quot;autoplay&quot;:&quot;yes&quot;,&quot;pause_on_hover&quot;:&quot;yes&quot;,&quot;pause_on_interaction&quot;:&quot;yes&quot;,&quot;autoplay_speed&quot;:5000,&quot;infinite&quot;:&quot;yes&quot;,&quot;speed&quot;:500}\" data-widget_type=\"image-carousel.default\">\n\t\t\t\t<div class=\"elementor-widget-container\">\n\t\t\t\t\t\t\t<div class=\"elementor-image-carousel-wrapper swiper\" role=\"region\" aria-roledescription=\"carousel\" aria-label=\"Bildkarusell\" dir=\"ltr\">\n\t\t\t<div class=\"elementor-image-carousel swiper-wrapper\" aria-live=\"off\">\n\t\t\t\t\t\t\t\t<div class=\"swiper-slide\" role=\"group\" aria-roledescription=\"slide\" aria-label=\"1 of 10\"><figure class=\"swiper-slide-inner\"><img decoding=\"async\" class=\"swiper-slide-image\" src=\"https:\/\/sthlmup.se\/wp-content\/uploads\/2025\/10\/IMG_8081-1024x1024.jpg\" alt=\"IMG_8081\" \/><\/figure><\/div><div class=\"swiper-slide\" role=\"group\" aria-roledescription=\"slide\" aria-label=\"2 of 10\"><figure class=\"swiper-slide-inner\"><img decoding=\"async\" class=\"swiper-slide-image\" src=\"https:\/\/sthlmup.se\/wp-content\/uploads\/2025\/10\/IMG_8123-1024x1024.jpg\" alt=\"IMG_8123\" \/><\/figure><\/div><div class=\"swiper-slide\" role=\"group\" aria-roledescription=\"slide\" aria-label=\"3 of 10\"><figure class=\"swiper-slide-inner\"><img decoding=\"async\" class=\"swiper-slide-image\" src=\"https:\/\/sthlmup.se\/wp-content\/uploads\/2025\/10\/IMG_8129-1024x1024.jpg\" alt=\"IMG_8129\" \/><\/figure><\/div><div class=\"swiper-slide\" role=\"group\" aria-roledescription=\"slide\" aria-label=\"4 of 10\"><figure class=\"swiper-slide-inner\"><img decoding=\"async\" class=\"swiper-slide-image\" src=\"https:\/\/sthlmup.se\/wp-content\/uploads\/2025\/10\/IMG_8136-1024x1024.jpg\" alt=\"IMG_8136\" \/><\/figure><\/div><div class=\"swiper-slide\" role=\"group\" aria-roledescription=\"slide\" aria-label=\"5 of 10\"><figure class=\"swiper-slide-inner\"><img decoding=\"async\" class=\"swiper-slide-image\" src=\"https:\/\/sthlmup.se\/wp-content\/uploads\/2025\/10\/IMG_8138-1024x1024.jpg\" alt=\"IMG_8138\" \/><\/figure><\/div><div class=\"swiper-slide\" role=\"group\" aria-roledescription=\"slide\" aria-label=\"6 of 10\"><figure class=\"swiper-slide-inner\"><img decoding=\"async\" class=\"swiper-slide-image\" src=\"https:\/\/sthlmup.se\/wp-content\/uploads\/2025\/10\/IMG_8151-1024x1024.jpg\" alt=\"IMG_8151\" \/><\/figure><\/div><div class=\"swiper-slide\" role=\"group\" aria-roledescription=\"slide\" aria-label=\"7 of 10\"><figure class=\"swiper-slide-inner\"><img decoding=\"async\" class=\"swiper-slide-image\" src=\"https:\/\/sthlmup.se\/wp-content\/uploads\/2025\/10\/IMG_8120-1024x1024.jpg\" alt=\"IMG_8120\" \/><\/figure><\/div><div class=\"swiper-slide\" role=\"group\" aria-roledescription=\"slide\" aria-label=\"8 of 10\"><figure class=\"swiper-slide-inner\"><img decoding=\"async\" class=\"swiper-slide-image\" src=\"https:\/\/sthlmup.se\/wp-content\/uploads\/2025\/10\/IMG_8102-1024x1024.jpg\" alt=\"IMG_8102\" \/><\/figure><\/div><div class=\"swiper-slide\" role=\"group\" aria-roledescription=\"slide\" aria-label=\"9 of 10\"><figure class=\"swiper-slide-inner\"><img decoding=\"async\" class=\"swiper-slide-image\" src=\"https:\/\/sthlmup.se\/wp-content\/uploads\/2025\/10\/IMG_8104-1024x1024.jpg\" alt=\"IMG_8104\" \/><\/figure><\/div><div class=\"swiper-slide\" role=\"group\" aria-roledescription=\"slide\" aria-label=\"10 of 10\"><figure class=\"swiper-slide-inner\"><img decoding=\"async\" class=\"swiper-slide-image\" src=\"https:\/\/sthlmup.se\/wp-content\/uploads\/2025\/10\/IMG_8108-1024x1024.jpg\" alt=\"IMG_8108\" \/><\/figure><\/div>\t\t\t<\/div>\n\t\t\t\t\t\t\t\t\t\t\t\t<div class=\"elementor-swiper-button elementor-swiper-button-prev\" role=\"button\" tabindex=\"0\">\n\t\t\t\t\t\t<i aria-hidden=\"true\" class=\"eicon-chevron-left\"><\/i>\t\t\t\t\t<\/div>\n\t\t\t\t\t<div class=\"elementor-swiper-button elementor-swiper-button-next\" role=\"button\" tabindex=\"0\">\n\t\t\t\t\t\t<i aria-hidden=\"true\" class=\"eicon-chevron-right\"><\/i>\t\t\t\t\t<\/div>\n\t\t\t\t\n\t\t\t\t\t\t\t\t\t<div class=\"swiper-pagination\"><\/div>\n\t\t\t\t\t\t\t\t\t<\/div>\n\t\t\t\t\t\t<\/div>\n\t\t\t\t<\/div>\n\t\t\t\t\t<\/div>\n\t\t<\/div>\n\t\t\t\t\t<\/div>\n\t\t<\/section>\n\t\t\t\t<section class=\"elementor-section elementor-top-section elementor-element elementor-element-22365f5 elementor-section-boxed elementor-section-height-default elementor-section-height-default\" data-id=\"22365f5\" data-element_type=\"section\">\n\t\t\t\t\t\t<div class=\"elementor-container elementor-column-gap-default\">\n\t\t\t\t\t<div class=\"elementor-column elementor-col-100 elementor-top-column elementor-element elementor-element-84dbe44\" data-id=\"84dbe44\" data-element_type=\"column\">\n\t\t\t<div class=\"elementor-widget-wrap elementor-element-populated\">\n\t\t\t\t\t\t<div class=\"elementor-element elementor-element-f98d07c elementor-widget__width-initial elementor-widget elementor-widget-image\" data-id=\"f98d07c\" data-element_type=\"widget\" data-widget_type=\"image.default\">\n\t\t\t\t<div class=\"elementor-widget-container\">\n\t\t\t\t\t\t\t\t\t\t\t\t\t\t\t<img decoding=\"async\" width=\"1024\" height=\"768\" src=\"https:\/\/sthlmup.se\/wp-content\/uploads\/2024\/11\/IMG_0539-1024x768.jpg\" class=\"attachment-large size-large wp-image-4970\" alt=\"\" srcset=\"https:\/\/sthlmup.se\/wp-content\/uploads\/2024\/11\/IMG_0539-1024x768.jpg 1024w, https:\/\/sthlmup.se\/wp-content\/uploads\/2024\/11\/IMG_0539-300x225.jpg 300w, https:\/\/sthlmup.se\/wp-content\/uploads\/2024\/11\/IMG_0539-768x576.jpg 768w, https:\/\/sthlmup.se\/wp-content\/uploads\/2024\/11\/IMG_0539-1536x1152.jpg 1536w, https:\/\/sthlmup.se\/wp-content\/uploads\/2024\/11\/IMG_0539-16x12.jpg 16w, https:\/\/sthlmup.se\/wp-content\/uploads\/2024\/11\/IMG_0539.jpg 2048w\" sizes=\"(max-width: 1024px) 100vw, 1024px\" \/>\t\t\t\t\t\t\t\t\t\t\t\t\t\t\t<\/div>\n\t\t\t\t<\/div>\n\t\t\t\t<div class=\"elementor-element elementor-element-e506556 elementor-widget__width-initial elementor-widget elementor-widget-image\" data-id=\"e506556\" data-element_type=\"widget\" data-widget_type=\"image.default\">\n\t\t\t\t<div class=\"elementor-widget-container\">\n\t\t\t\t\t\t\t\t\t\t\t\t\t\t\t<img decoding=\"async\" width=\"1024\" height=\"768\" src=\"https:\/\/sthlmup.se\/wp-content\/uploads\/2024\/11\/IMG_0540-1-1024x768.jpg\" class=\"attachment-large size-large wp-image-4971\" alt=\"\" srcset=\"https:\/\/sthlmup.se\/wp-content\/uploads\/2024\/11\/IMG_0540-1-1024x768.jpg 1024w, https:\/\/sthlmup.se\/wp-content\/uploads\/2024\/11\/IMG_0540-1-300x225.jpg 300w, https:\/\/sthlmup.se\/wp-content\/uploads\/2024\/11\/IMG_0540-1-768x576.jpg 768w, https:\/\/sthlmup.se\/wp-content\/uploads\/2024\/11\/IMG_0540-1-1536x1152.jpg 1536w, https:\/\/sthlmup.se\/wp-content\/uploads\/2024\/11\/IMG_0540-1-16x12.jpg 16w, https:\/\/sthlmup.se\/wp-content\/uploads\/2024\/11\/IMG_0540-1.jpg 2048w\" sizes=\"(max-width: 1024px) 100vw, 1024px\" \/>\t\t\t\t\t\t\t\t\t\t\t\t\t\t\t<\/div>\n\t\t\t\t<\/div>\n\t\t\t\t\t<\/div>\n\t\t<\/div>\n\t\t\t\t\t<\/div>\n\t\t<\/section>\n\t\t\t\t<section class=\"elementor-section elementor-top-section elementor-element elementor-element-1ffd0b4 elementor-section-boxed elementor-section-height-default elementor-section-height-default\" data-id=\"1ffd0b4\" data-element_type=\"section\">\n\t\t\t\t\t\t<div class=\"elementor-container elementor-column-gap-default\">\n\t\t\t\t\t<div class=\"elementor-column elementor-col-100 elementor-top-column elementor-element elementor-element-7e41d74\" data-id=\"7e41d74\" data-element_type=\"column\">\n\t\t\t<div class=\"elementor-widget-wrap elementor-element-populated\">\n\t\t\t\t\t\t\t<\/div>\n\t\t<\/div>\n\t\t\t\t\t<\/div>\n\t\t<\/section>\n\t\t\t\t<\/div>","protected":false},"excerpt":{"rendered":"<p>Medlemskap i SthlmUP F\u00f6r att delta i aktiviteter och event som SthlmUP anordnar beh\u00f6ver du bli medlem. Som medlem f\u00e5r du m\u00f6jlighet att delta i alla v\u00e5ra aktiviteter, p\u00e5verka din [&hellip;]<\/p>","protected":false},"author":2,"featured_media":0,"parent":0,"menu_order":0,"comment_status":"closed","ping_status":"closed","template":"","meta":{"footnotes":""},"class_list":["post-4064","page","type-page","status-publish","hentry"],"_links":{"self":[{"href":"https:\/\/sthlmup.se\/en\/wp-json\/wp\/v2\/pages\/4064","targetHints":{"allow":["GET"]}}],"collection":[{"href":"https:\/\/sthlmup.se\/en\/wp-json\/wp\/v2\/pages"}],"about":[{"href":"https:\/\/sthlmup.se\/en\/wp-json\/wp\/v2\/types\/page"}],"author":[{"embeddable":true,"href":"https:\/\/sthlmup.se\/en\/wp-json\/wp\/v2\/users\/2"}],"replies":[{"embeddable":true,"href":"https:\/\/sthlmup.se\/en\/wp-json\/wp\/v2\/comments?post=4064"}],"version-history":[{"count":55,"href":"https:\/\/sthlmup.se\/en\/wp-json\/wp\/v2\/pages\/4064\/revisions"}],"predecessor-version":[{"id":6181,"href":"https:\/\/sthlmup.se\/en\/wp-json\/wp\/v2\/pages\/4064\/revisions\/6181"}],"wp:attachment":[{"href":"https:\/\/sthlmup.se\/en\/wp-json\/wp\/v2\/media?parent=4064"}],"curies":[{"name":"wp","href":"https:\/\/api.w.org\/{rel}","templated":true}]}}