{"id":4081,"date":"2023-10-19T18:30:02","date_gmt":"2023-10-19T18:30:02","guid":{"rendered":"https:\/\/sthlmup.se\/?page_id=4081"},"modified":"2023-10-19T20:48:50","modified_gmt":"2023-10-19T20:48:50","slug":"vara-utskott","status":"publish","type":"page","link":"https:\/\/sthlmup.se\/en\/vara-utskott\/","title":{"rendered":"V\u00e5ra utskott"},"content":{"rendered":"<div data-elementor-type=\"wp-page\" data-elementor-id=\"4081\" class=\"elementor elementor-4081\">\n\t\t\t\t\t\t<section class=\"elementor-section elementor-top-section elementor-element elementor-element-58f3656d elementor-section-boxed elementor-section-height-default elementor-section-height-default\" data-id=\"58f3656d\" data-element_type=\"section\">\n\t\t\t\t\t\t<div class=\"elementor-container elementor-column-gap-default\">\n\t\t\t\t\t<div class=\"elementor-column elementor-col-100 elementor-top-column elementor-element elementor-element-2db3b499\" data-id=\"2db3b499\" data-element_type=\"column\">\n\t\t\t<div class=\"elementor-widget-wrap elementor-element-populated\">\n\t\t\t\t\t\t<div class=\"elementor-element elementor-element-4bf1260e elementor-widget elementor-widget-text-editor\" data-id=\"4bf1260e\" data-element_type=\"widget\" data-widget_type=\"text-editor.default\">\n\t\t\t\t<div class=\"elementor-widget-container\">\n\t\t\t\t\t\t\t\t\t<p><\/p>\n<p>Sthlm-up erbjuder m\u00e5nga olika s\u00e4tt att engagera sig i studentlivet. En v\u00e4g in kan vara att g\u00e5 med i en av v\u00e5ra utskott f\u00f6r att p\u00e5verka och utveckla studentlivet.<\/p>\n<p><\/p>\n<p><\/p>\n<p>Detta \u00e4r en fantastisk m\u00f6jlighet f\u00f6r dig som vill vara med i en h\u00e4rlig gemenskap som SthlmUP! Du f\u00e5r m\u00f6jligheten att sitta med i f\u00f6reningens styrelse d\u00e4r ni kan utveckla och f\u00f6rb\u00e4ttra PAO:ares studentliv. Ut\u00f6ver det s\u00e5 f\u00e5r du l\u00e4ra k\u00e4nna nya kamrater, ett ut\u00f6kat n\u00e4tverk och goda erfarenheter inf\u00f6r arbetslivet. Som ett plus i kanten \u00e4r det \u00e4ven en bra merit att ha p\u00e5 sitt CV.<\/p>\n<p><\/p>\n<p><\/p>\n<figure class=\"wp-block-image is-resized\"><img decoding=\"async\" src=\"https:\/\/static.xx.fbcdn.net\/images\/emoji.php\/v9\/t35\/2\/16\/2b50.png\" alt=\"\u2b50\ufe0f\" width=\"89\" height=\"89\"><\/figure>\n<p><\/p>\n<p><\/p>\n<p>V\u00e5ra utskott \u00e4r:<\/p>\n<p><\/p>\n<p><\/p>\n<ul class=\"wp-block-list\">\n<li><a href=\"https:\/\/sthlmup.se\/en\/klubbmasteriet\/\">Klubbm\u00e4steriet<\/a><\/li>\n<li><a href=\"https:\/\/sthlmup.se\/en\/ekonomiutskottet\/\">Ekonomiutskottet<\/a><\/li>\n<li><a href=\"https:\/\/sthlmup.se\/en\/nojesutskottet\/\">The Entertainment Committee<\/a><\/li>\n<li><a href=\"https:\/\/sthlmup.se\/en\/naringslivsutskottet\/\">The Business Committee<\/a><\/li>\n<li><a href=\"https:\/\/sthlmup.se\/en\/utbildningsutskottet\/\">Education Committee<\/a><\/li>\n<li><a href=\"https:\/\/sthlmup.se\/en\/pr-marknadsforingsutskottet\/\">PR &amp; Marknadsutskottet<\/a><\/li>\n<li><a href=\"https:\/\/sthlmup.se\/en\/aktivitetsutskottet\/\">Activity Committee<\/a><\/li>\n<li><a href=\"https:\/\/sthlmup.se\/en\/projektutskottet\/\">Projektutskottet<\/a><\/li>\n<li><a href=\"https:\/\/sthlmup.se\/en\/valberedningen\/\">The Nomination Committee<\/a>&nbsp;<\/li>\n<\/ul>\n<div>&nbsp;<\/div>\n<p><\/p>\n<p><\/p>\n<p>Har du fr\u00e5gor om hur f\u00f6reningen fungerar kontakta ordf\u00f6rande Hannes eller vice ordf\u00f6rande Erik f\u00f6r mer information, har du fr\u00e5gor om ett visst utskott ta kontakt med den personen genom att klicka respektive utskott. F\u00f6r att ans\u00f6ka om en roll inom styrelsen s\u00e5 kontakta valberedningen genom att skicka ett mail.<\/p>\n<p><\/p>\n<p><\/p>\n<div class=\"wp-block-buttons is-layout-flex wp-block-buttons-is-layout-flex\">\n<p><\/p>\n<div class=\"wp-block-button\"><a class=\"wp-block-button__link wp-element-button\" href=\"mailto:valberedning@sthlmup.se\" target=\"_blank\" rel=\"noreferrer noopener\">G\u00e5 med i styrelsen.<\/a><\/div>\n<p><\/p>\n<\/div>\n<p><\/p>\t\t\t\t\t\t\t\t<\/div>\n\t\t\t\t<\/div>\n\t\t\t\t\t<\/div>\n\t\t<\/div>\n\t\t\t\t\t<\/div>\n\t\t<\/section>\n\t\t\t\t<\/div>","protected":false},"excerpt":{"rendered":"<p>Sthlm-up erbjuder m\u00e5nga olika s\u00e4tt att engagera sig i studentlivet. En v\u00e4g in kan vara att g\u00e5 med i en av v\u00e5ra utskott f\u00f6r att p\u00e5verka och utveckla studentlivet. Detta [&hellip;]<\/p>","protected":false},"author":2,"featured_media":0,"parent":0,"menu_order":0,"comment_status":"closed","ping_status":"closed","template":"","meta":{"footnotes":""},"class_list":["post-4081","page","type-page","status-publish","hentry"],"_links":{"self":[{"href":"https:\/\/sthlmup.se\/en\/wp-json\/wp\/v2\/pages\/4081","targetHints":{"allow":["GET"]}}],"collection":[{"href":"https:\/\/sthlmup.se\/en\/wp-json\/wp\/v2\/pages"}],"about":[{"href":"https:\/\/sthlmup.se\/en\/wp-json\/wp\/v2\/types\/page"}],"author":[{"embeddable":true,"href":"https:\/\/sthlmup.se\/en\/wp-json\/wp\/v2\/users\/2"}],"replies":[{"embeddable":true,"href":"https:\/\/sthlmup.se\/en\/wp-json\/wp\/v2\/comments?post=4081"}],"version-history":[{"count":20,"href":"https:\/\/sthlmup.se\/en\/wp-json\/wp\/v2\/pages\/4081\/revisions"}],"predecessor-version":[{"id":4291,"href":"https:\/\/sthlmup.se\/en\/wp-json\/wp\/v2\/pages\/4081\/revisions\/4291"}],"wp:attachment":[{"href":"https:\/\/sthlmup.se\/en\/wp-json\/wp\/v2\/media?parent=4081"}],"curies":[{"name":"wp","href":"https:\/\/api.w.org\/{rel}","templated":true}]}}