{"id":4115,"date":"2023-10-19T18:59:35","date_gmt":"2023-10-19T18:59:35","guid":{"rendered":"https:\/\/sthlmup.se\/?page_id=4115"},"modified":"2023-10-20T20:53:16","modified_gmt":"2023-10-20T20:53:16","slug":"klubbmasteriet","status":"publish","type":"page","link":"https:\/\/sthlmup.se\/en\/klubbmasteriet\/","title":{"rendered":"Klubbm\u00e4steriet"},"content":{"rendered":"<div data-elementor-type=\"wp-page\" data-elementor-id=\"4115\" class=\"elementor elementor-4115\">\n\t\t\t\t\t\t<section class=\"elementor-section elementor-top-section elementor-element elementor-element-90c4dc7 elementor-section-boxed elementor-section-height-default elementor-section-height-default\" data-id=\"90c4dc7\" data-element_type=\"section\">\n\t\t\t\t\t\t<div class=\"elementor-container elementor-column-gap-default\">\n\t\t\t\t\t<div class=\"elementor-column elementor-col-100 elementor-top-column elementor-element elementor-element-287bed06\" data-id=\"287bed06\" data-element_type=\"column\">\n\t\t\t<div class=\"elementor-widget-wrap elementor-element-populated\">\n\t\t\t\t\t\t<div class=\"elementor-element elementor-element-a859402 elementor-widget elementor-widget-text-editor\" data-id=\"a859402\" data-element_type=\"widget\" data-widget_type=\"text-editor.default\">\n\t\t\t\t<div class=\"elementor-widget-container\">\n\t\t\t\t\t\t\t\t\t\n<p>Klubbm\u00e4steriet arbetar med onsdagspub och overaller till alla SthlmUPs medlemmar. H\u00e4r finns det god m\u00f6jlighet att engagera sig f\u00f6r att utveckla sina bartenderskills, designa m\u00e4rken eller hj\u00e4lpa klubbm\u00e4stare Hanna med verksamheten.<\/p>\n\n<p>Anledningar till att g\u00e5 med i Klubbm\u00e4steriet:<\/p>\n\n<ul class=\"wp-block-list\">\n<li>Studentpub varannan Onsdag med studentv\u00e4nliga priser<\/li>\n\n<li>Pubrundor, d\u00e4r vi g\u00e5r runt till olika studentpubbar i stockholm.<\/li>\n\n<li>Sommarfesten.<\/li>\n\n<li>Samla m\u00e4rken till din ovve och h\u00e4ng med i gemenskapen PS&#8230; vi har v\u00e5ra egna m\u00e4rken.<\/li>\n\n<li>H\u00e4ng med olika studentkryssningar och andra resor.<\/li>\n<\/ul>\n\n<p>Utskottet har precis skapats och s\u00f6ker nya taggade personer f\u00f6r att utveckla det. Intresserad? Kontakta Hanna<\/p>\n\n<div class=\"wp-block-buttons is-layout-flex wp-block-buttons-is-layout-flex\">\n<div class=\"wp-block-button\"><a class=\"wp-block-button__link wp-element-button\" href=\"mailto:klubbmastare@sthlmup.se\">Kontakta Hanna<\/a><\/div>\n<\/div>\n\n<figure class=\"wp-block-video\"><\/figure>\n\t\t\t\t\t\t\t\t<\/div>\n\t\t\t\t<\/div>\n\t\t\t\t\t<\/div>\n\t\t<\/div>\n\t\t\t\t\t<\/div>\n\t\t<\/section>\n\t\t\t\t<section class=\"elementor-section elementor-top-section elementor-element elementor-element-e79370a elementor-section-boxed elementor-section-height-default elementor-section-height-default\" data-id=\"e79370a\" data-element_type=\"section\">\n\t\t\t\t\t\t<div class=\"elementor-container elementor-column-gap-default\">\n\t\t\t\t\t<div class=\"elementor-column elementor-col-100 elementor-top-column elementor-element elementor-element-5c6c5b9\" data-id=\"5c6c5b9\" data-element_type=\"column\">\n\t\t\t<div class=\"elementor-widget-wrap elementor-element-populated\">\n\t\t\t\t\t\t<div class=\"elementor-element elementor-element-8a158d3 elementor-widget elementor-widget-image\" data-id=\"8a158d3\" data-element_type=\"widget\" data-widget_type=\"image.default\">\n\t\t\t\t<div class=\"elementor-widget-container\">\n\t\t\t\t\t\t\t\t\t\t\t\t\t\t\t<img fetchpriority=\"high\" decoding=\"async\" width=\"576\" height=\"1024\" src=\"https:\/\/sthlmup.se\/wp-content\/uploads\/2023\/10\/377663545_1036570400858156_8956354023197789495_n-1-576x1024.jpg\" class=\"attachment-large size-large wp-image-4603\" alt=\"\" srcset=\"https:\/\/sthlmup.se\/wp-content\/uploads\/2023\/10\/377663545_1036570400858156_8956354023197789495_n-1-576x1024.jpg 576w, https:\/\/sthlmup.se\/wp-content\/uploads\/2023\/10\/377663545_1036570400858156_8956354023197789495_n-1-169x300.jpg 169w, https:\/\/sthlmup.se\/wp-content\/uploads\/2023\/10\/377663545_1036570400858156_8956354023197789495_n-1-7x12.jpg 7w, https:\/\/sthlmup.se\/wp-content\/uploads\/2023\/10\/377663545_1036570400858156_8956354023197789495_n-1.jpg 720w\" sizes=\"(max-width: 576px) 100vw, 576px\" \/>\t\t\t\t\t\t\t\t\t\t\t\t\t\t\t<\/div>\n\t\t\t\t<\/div>\n\t\t\t\t\t<\/div>\n\t\t<\/div>\n\t\t\t\t\t<\/div>\n\t\t<\/section>\n\t\t\t\t<\/div>","protected":false},"excerpt":{"rendered":"<p>Klubbm\u00e4steriet arbetar med onsdagspub och overaller till alla SthlmUPs medlemmar. H\u00e4r finns det god m\u00f6jlighet att engagera sig f\u00f6r att utveckla sina bartenderskills, designa m\u00e4rken eller hj\u00e4lpa klubbm\u00e4stare Hanna med [&hellip;]<\/p>","protected":false},"author":2,"featured_media":0,"parent":0,"menu_order":0,"comment_status":"closed","ping_status":"closed","template":"","meta":{"footnotes":""},"class_list":["post-4115","page","type-page","status-publish","hentry"],"_links":{"self":[{"href":"https:\/\/sthlmup.se\/en\/wp-json\/wp\/v2\/pages\/4115","targetHints":{"allow":["GET"]}}],"collection":[{"href":"https:\/\/sthlmup.se\/en\/wp-json\/wp\/v2\/pages"}],"about":[{"href":"https:\/\/sthlmup.se\/en\/wp-json\/wp\/v2\/types\/page"}],"author":[{"embeddable":true,"href":"https:\/\/sthlmup.se\/en\/wp-json\/wp\/v2\/users\/2"}],"replies":[{"embeddable":true,"href":"https:\/\/sthlmup.se\/en\/wp-json\/wp\/v2\/comments?post=4115"}],"version-history":[{"count":11,"href":"https:\/\/sthlmup.se\/en\/wp-json\/wp\/v2\/pages\/4115\/revisions"}],"predecessor-version":[{"id":4674,"href":"https:\/\/sthlmup.se\/en\/wp-json\/wp\/v2\/pages\/4115\/revisions\/4674"}],"wp:attachment":[{"href":"https:\/\/sthlmup.se\/en\/wp-json\/wp\/v2\/media?parent=4115"}],"curies":[{"name":"wp","href":"https:\/\/api.w.org\/{rel}","templated":true}]}}