{"id":4117,"date":"2023-10-19T19:06:09","date_gmt":"2023-10-19T19:06:09","guid":{"rendered":"https:\/\/sthlmup.se\/?page_id=4117"},"modified":"2024-11-27T14:17:54","modified_gmt":"2024-11-27T14:17:54","slug":"ekonomiutskottet","status":"publish","type":"page","link":"https:\/\/sthlmup.se\/en\/ekonomiutskottet\/","title":{"rendered":"Ekonomiutskottet"},"content":{"rendered":"<div data-elementor-type=\"wp-page\" data-elementor-id=\"4117\" class=\"elementor elementor-4117\">\n\t\t\t\t\t\t<section class=\"elementor-section elementor-top-section elementor-element elementor-element-696e2524 elementor-section-boxed elementor-section-height-default elementor-section-height-default\" data-id=\"696e2524\" data-element_type=\"section\">\n\t\t\t\t\t\t<div class=\"elementor-container elementor-column-gap-default\">\n\t\t\t\t\t<div class=\"elementor-column elementor-col-100 elementor-top-column elementor-element elementor-element-7b9affcc\" data-id=\"7b9affcc\" data-element_type=\"column\">\n\t\t\t<div class=\"elementor-widget-wrap elementor-element-populated\">\n\t\t\t\t\t\t<div class=\"elementor-element elementor-element-66e95cb9 elementor-widget elementor-widget-text-editor\" data-id=\"66e95cb9\" data-element_type=\"widget\" data-widget_type=\"text-editor.default\">\n\t\t\t\t<div class=\"elementor-widget-container\">\n\t\t\t\t\t\t\t\t\t<p><\/p>\n<p>Ekonomiutskottet best\u00e5r av en ekonomiansvarig samt tv\u00e5 vice ekonomiansvariga. Utskottet ansvarar f\u00f6r f\u00f6reningens ekonomi och budget.\u00a0<\/p>\n<p><\/p>\n<p><\/p>\n<p>Utskottets uppgifter innefattar bland annat:<\/p>\n<p><\/p>\n<p><\/p>\n<ul>\n<li style=\"list-style-type: none;\">\n<ul>\n<li>Bokf\u00f6ring<\/li>\n<li>Billing<\/li>\n<li>Redovisning<\/li>\n<li>Skapa \u00e5rsbudget<\/li>\n<\/ul>\n<\/li>\n<\/ul>\n<p><\/p>\n<p><!-- \/wp:list --><\/p>\n<p><!-- wp:paragraph --><\/p>\n<p><!-- \/wp:paragraph --><\/p>\n<p><!-- wp:paragraph --><\/p>\n<p>Mer om utskottet:<\/p>\n<p>Ekonomiutskottet i SthlmUP arbetar med allt som r\u00f6r budget och ekonomi, att vara en del av utskottet skapar unika m\u00f6jligheter och v\u00e4rdefull erfarenhet av bland annat budgethantering, ekonomisk planering och bokf\u00f6ring. Samtidigt f\u00e5r du en bred inblick i hela styrelsens arbete, vilket ger dig en djupare f\u00f6rst\u00e5else f\u00f6r hur en f\u00f6rening styrs och utvecklas. Du erbjuds ocks\u00e5 m\u00f6jligheten att jobba n\u00e4ra andra engagerade medlemmar och tillsammans med de utveckla f\u00f6reningen fram\u00e5t. Genom arbete utvecklar du \u00e4ven praktiska f\u00e4rdigheter som \u00e4r anv\u00e4ndbara b\u00e5de under studietiden men ocks\u00e5 f\u00f6r ditt framtida arbetsliv.\u00a0<\/p>\n<p><!-- \/wp:paragraph --><\/p>\n<p><!-- wp:paragraph --><\/p>\n<p>Har du n\u00e5gra fr\u00e5gor om ekonomiutskottet s\u00e5 \u00e4r det bara att maila v\u00e5r ekonomiansvarig Tilde Roos\u00a0<\/p>\n<p><!-- \/wp:buttons --><\/p>\t\t\t\t\t\t\t\t<\/div>\n\t\t\t\t<\/div>\n\t\t\t\t\t<\/div>\n\t\t<\/div>\n\t\t\t\t\t<\/div>\n\t\t<\/section>\n\t\t\t\t<section class=\"elementor-section elementor-top-section elementor-element elementor-element-cafd299 elementor-section-boxed elementor-section-height-default elementor-section-height-default\" data-id=\"cafd299\" data-element_type=\"section\">\n\t\t\t\t\t\t<div class=\"elementor-container elementor-column-gap-default\">\n\t\t\t\t\t<div class=\"elementor-column elementor-col-100 elementor-top-column elementor-element elementor-element-c23c05e\" data-id=\"c23c05e\" data-element_type=\"column\">\n\t\t\t<div class=\"elementor-widget-wrap\">\n\t\t\t\t\t\t\t<\/div>\n\t\t<\/div>\n\t\t\t\t\t<\/div>\n\t\t<\/section>\n\t\t\t\t<section class=\"elementor-section elementor-top-section elementor-element elementor-element-d137575 elementor-section-boxed elementor-section-height-default elementor-section-height-default\" data-id=\"d137575\" data-element_type=\"section\">\n\t\t\t\t\t\t<div class=\"elementor-container elementor-column-gap-default\">\n\t\t\t\t\t<div class=\"elementor-column elementor-col-100 elementor-top-column elementor-element elementor-element-0fc0515\" data-id=\"0fc0515\" data-element_type=\"column\">\n\t\t\t<div class=\"elementor-widget-wrap elementor-element-populated\">\n\t\t\t\t\t\t<div class=\"elementor-element elementor-element-b93acd9 elementor-button-success elementor-align-center elementor-widget elementor-widget-button\" data-id=\"b93acd9\" data-element_type=\"widget\" data-widget_type=\"button.default\">\n\t\t\t\t<div class=\"elementor-widget-container\">\n\t\t\t\t\t\t\t\t\t<div class=\"elementor-button-wrapper\">\n\t\t\t\t\t<a class=\"elementor-button elementor-button-link elementor-size-md\" href=\"http:\/\/ekonomi@sthlmup.se\/en\/\">\n\t\t\t\t\t\t<span class=\"elementor-button-content-wrapper\">\n\t\t\t\t\t\t\t\t\t<span class=\"elementor-button-text\">Kontakta Tilde <\/span>\n\t\t\t\t\t<\/span>\n\t\t\t\t\t<\/a>\n\t\t\t\t<\/div>\n\t\t\t\t\t\t\t\t<\/div>\n\t\t\t\t<\/div>\n\t\t\t\t\t<\/div>\n\t\t<\/div>\n\t\t\t\t\t<\/div>\n\t\t<\/section>\n\t\t\t\t<\/div>","protected":false},"excerpt":{"rendered":"<p>Ekonomiutskottet best\u00e5r av en ekonomiansvarig samt tv\u00e5 vice ekonomiansvariga. Utskottet ansvarar f\u00f6r f\u00f6reningens ekonomi och budget.\u00a0 Utskottets uppgifter innefattar bland annat: Mer om utskottet: Ekonomiutskottet i SthlmUP arbetar med allt [&hellip;]<\/p>","protected":false},"author":2,"featured_media":0,"parent":0,"menu_order":0,"comment_status":"closed","ping_status":"closed","template":"","meta":{"footnotes":""},"class_list":["post-4117","page","type-page","status-publish","hentry"],"_links":{"self":[{"href":"https:\/\/sthlmup.se\/en\/wp-json\/wp\/v2\/pages\/4117","targetHints":{"allow":["GET"]}}],"collection":[{"href":"https:\/\/sthlmup.se\/en\/wp-json\/wp\/v2\/pages"}],"about":[{"href":"https:\/\/sthlmup.se\/en\/wp-json\/wp\/v2\/types\/page"}],"author":[{"embeddable":true,"href":"https:\/\/sthlmup.se\/en\/wp-json\/wp\/v2\/users\/2"}],"replies":[{"embeddable":true,"href":"https:\/\/sthlmup.se\/en\/wp-json\/wp\/v2\/comments?post=4117"}],"version-history":[{"count":9,"href":"https:\/\/sthlmup.se\/en\/wp-json\/wp\/v2\/pages\/4117\/revisions"}],"predecessor-version":[{"id":4946,"href":"https:\/\/sthlmup.se\/en\/wp-json\/wp\/v2\/pages\/4117\/revisions\/4946"}],"wp:attachment":[{"href":"https:\/\/sthlmup.se\/en\/wp-json\/wp\/v2\/media?parent=4117"}],"curies":[{"name":"wp","href":"https:\/\/api.w.org\/{rel}","templated":true}]}}