{"id":4155,"date":"2023-10-19T19:33:59","date_gmt":"2023-10-19T19:33:59","guid":{"rendered":"https:\/\/sthlmup.se\/?page_id=4155"},"modified":"2024-01-09T19:19:09","modified_gmt":"2024-01-09T19:19:09","slug":"naringslivsutskottet","status":"publish","type":"page","link":"https:\/\/sthlmup.se\/en\/naringslivsutskottet\/","title":{"rendered":"The Business Committee"},"content":{"rendered":"<div data-elementor-type=\"wp-page\" data-elementor-id=\"4155\" class=\"elementor elementor-4155\">\n\t\t\t\t\t\t<section class=\"elementor-section elementor-top-section elementor-element elementor-element-59e7629f elementor-section-boxed elementor-section-height-default elementor-section-height-default\" data-id=\"59e7629f\" data-element_type=\"section\">\n\t\t\t\t\t\t<div class=\"elementor-container elementor-column-gap-default\">\n\t\t\t\t\t<div class=\"elementor-column elementor-col-100 elementor-top-column elementor-element elementor-element-ffcbf90\" data-id=\"ffcbf90\" data-element_type=\"column\">\n\t\t\t<div class=\"elementor-widget-wrap elementor-element-populated\">\n\t\t\t\t\t\t<div class=\"elementor-element elementor-element-5f4c9886 elementor-widget elementor-widget-text-editor\" data-id=\"5f4c9886\" data-element_type=\"widget\" data-widget_type=\"text-editor.default\">\n\t\t\t\t<div class=\"elementor-widget-container\">\n\t\t\t\t\t\t\t\t\t<p><\/p>\n<p>N\u00e4ringslivsutskottet str\u00e4var efter att binda samman de akademiska studierna med arbetsmarknaden. Vi arbetar aktivt med att skapa en bredare f\u00f6rst\u00e5else kring arbetslivet och arbetets variation genom att knyta kontakt med n\u00e4ringslivet och framtida arbetsgivare. Det h\u00e4r g\u00f6r vi genom att bjuda in relevanta f\u00f6rel\u00e4sare, anordna workshops, mingeltillf\u00e4llen, studiebes\u00f6k och en personalvetardag vilket medf\u00f6r en inblick i arbetslivet efter utbildningen. Detta \u00e4r ett perfekt uppdrag f\u00f6r att kunna knyta m\u00e5nga kontakter i n\u00e4ringslivet som man kan ha stor nytta av n\u00e4r man \u00e4r f\u00e4rdigutbildad. Vill du veta mer kontakta ordf\u00f6rande f\u00f6r n\u00e4ringslivsutskottet Julia.<\/p>\n<p><a class=\"wp-block-button__link wp-element-button\" href=\"mailto:styrelsen@sthlmup.se\">Kontakta Julia<\/a><\/p>\n<div class=\"wp-block-buttons\">\n<p><\/p>\n<\/div>\n<p><!-- \/wp:buttons --><\/p>\t\t\t\t\t\t\t\t<\/div>\n\t\t\t\t<\/div>\n\t\t\t\t\t<\/div>\n\t\t<\/div>\n\t\t\t\t\t<\/div>\n\t\t<\/section>\n\t\t\t\t<\/div>","protected":false},"excerpt":{"rendered":"<p>N\u00e4ringslivsutskottet str\u00e4var efter att binda samman de akademiska studierna med arbetsmarknaden. Vi arbetar aktivt med att skapa en bredare f\u00f6rst\u00e5else kring arbetslivet och arbetets variation genom att knyta kontakt med [&hellip;]<\/p>","protected":false},"author":2,"featured_media":0,"parent":0,"menu_order":0,"comment_status":"closed","ping_status":"closed","template":"","meta":{"footnotes":""},"class_list":["post-4155","page","type-page","status-publish","hentry"],"_links":{"self":[{"href":"https:\/\/sthlmup.se\/en\/wp-json\/wp\/v2\/pages\/4155","targetHints":{"allow":["GET"]}}],"collection":[{"href":"https:\/\/sthlmup.se\/en\/wp-json\/wp\/v2\/pages"}],"about":[{"href":"https:\/\/sthlmup.se\/en\/wp-json\/wp\/v2\/types\/page"}],"author":[{"embeddable":true,"href":"https:\/\/sthlmup.se\/en\/wp-json\/wp\/v2\/users\/2"}],"replies":[{"embeddable":true,"href":"https:\/\/sthlmup.se\/en\/wp-json\/wp\/v2\/comments?post=4155"}],"version-history":[{"count":5,"href":"https:\/\/sthlmup.se\/en\/wp-json\/wp\/v2\/pages\/4155\/revisions"}],"predecessor-version":[{"id":4725,"href":"https:\/\/sthlmup.se\/en\/wp-json\/wp\/v2\/pages\/4155\/revisions\/4725"}],"wp:attachment":[{"href":"https:\/\/sthlmup.se\/en\/wp-json\/wp\/v2\/media?parent=4155"}],"curies":[{"name":"wp","href":"https:\/\/api.w.org\/{rel}","templated":true}]}}