{"id":4157,"date":"2023-10-19T19:20:36","date_gmt":"2023-10-19T19:20:36","guid":{"rendered":"https:\/\/sthlmup.se\/?page_id=4157"},"modified":"2024-11-20T16:02:01","modified_gmt":"2024-11-20T16:02:01","slug":"utbildningsutskottet","status":"publish","type":"page","link":"https:\/\/sthlmup.se\/en\/utbildningsutskottet\/","title":{"rendered":"Education Committee"},"content":{"rendered":"<div data-elementor-type=\"wp-page\" data-elementor-id=\"4157\" class=\"elementor elementor-4157\">\n\t\t\t\t\t\t<section class=\"elementor-section elementor-top-section elementor-element elementor-element-6c9d53b4 elementor-section-boxed elementor-section-height-default elementor-section-height-default\" data-id=\"6c9d53b4\" data-element_type=\"section\">\n\t\t\t\t\t\t<div class=\"elementor-container elementor-column-gap-default\">\n\t\t\t\t\t<div class=\"elementor-column elementor-col-100 elementor-top-column elementor-element elementor-element-77e10ceb\" data-id=\"77e10ceb\" data-element_type=\"column\">\n\t\t\t<div class=\"elementor-widget-wrap elementor-element-populated\">\n\t\t\t\t\t\t<div class=\"elementor-element elementor-element-798990d elementor-widget elementor-widget-text-editor\" data-id=\"798990d\" data-element_type=\"widget\" data-widget_type=\"text-editor.default\">\n\t\t\t\t<div class=\"elementor-widget-container\">\n\t\t\t\t\t\t\t\t\t\n<p>Utskottet str\u00e4var efter att tillsammans skapa en plattform d\u00e4r studenter, l\u00e4rare och ledningen p\u00e5 skolan m\u00f6ts. Utskottet har regelbundna m\u00f6ten med b\u00e5de l\u00e4rare och ledning via ledningsgruppsm\u00f6ten. D\u00e4r diskuterar alla typer av f\u00f6rslag, som r\u00f6r utbildningen i b\u00e5de stort och sm\u00e5tt. F\u00f6rslagen kan ber\u00f6ra b\u00e5de ansvarig l\u00e4rare, ledningsgruppen eller oss studenter. Allt \u00e4r beroende p\u00e5 var m\u00f6jligheten f\u00f6r genomf\u00f6rande \u00e4r som st\u00f6rst. Denna avv\u00e4gning \u00e4r en st\u00e4ndigt levande process d\u00e5 vi tillh\u00f6r inte mindre \u00e4n fyra olika institutioner som alla har olika behov. Har du synpunkter eller f\u00f6rslag p\u00e5 programmet tveka att h\u00f6ra av dig eller engagera dig i utskottet.<\/p>\n\n<p>Vill du veta mer kontakta utbildningutskottets ordf\u00f6rande Ariella<\/p>\n\n<div class=\"wp-block-buttons is-layout-flex wp-block-buttons-is-layout-flex\">\n<div class=\"wp-block-button\"><a class=\"wp-block-button__link wp-element-button\" href=\"mailto:utbildning@sthlmup.se\">Kontakta Ariella<\/a><\/div>\n<\/div>\n\t\t\t\t\t\t\t\t<\/div>\n\t\t\t\t<\/div>\n\t\t\t\t\t<\/div>\n\t\t<\/div>\n\t\t\t\t\t<\/div>\n\t\t<\/section>\n\t\t\t\t<\/div>","protected":false},"excerpt":{"rendered":"<p>Utskottet str\u00e4var efter att tillsammans skapa en plattform d\u00e4r studenter, l\u00e4rare och ledningen p\u00e5 skolan m\u00f6ts. Utskottet har regelbundna m\u00f6ten med b\u00e5de l\u00e4rare och ledning via ledningsgruppsm\u00f6ten. D\u00e4r diskuterar alla [&hellip;]<\/p>","protected":false},"author":2,"featured_media":0,"parent":0,"menu_order":0,"comment_status":"closed","ping_status":"closed","template":"","meta":{"footnotes":""},"class_list":["post-4157","page","type-page","status-publish","hentry"],"_links":{"self":[{"href":"https:\/\/sthlmup.se\/en\/wp-json\/wp\/v2\/pages\/4157","targetHints":{"allow":["GET"]}}],"collection":[{"href":"https:\/\/sthlmup.se\/en\/wp-json\/wp\/v2\/pages"}],"about":[{"href":"https:\/\/sthlmup.se\/en\/wp-json\/wp\/v2\/types\/page"}],"author":[{"embeddable":true,"href":"https:\/\/sthlmup.se\/en\/wp-json\/wp\/v2\/users\/2"}],"replies":[{"embeddable":true,"href":"https:\/\/sthlmup.se\/en\/wp-json\/wp\/v2\/comments?post=4157"}],"version-history":[{"count":7,"href":"https:\/\/sthlmup.se\/en\/wp-json\/wp\/v2\/pages\/4157\/revisions"}],"predecessor-version":[{"id":4930,"href":"https:\/\/sthlmup.se\/en\/wp-json\/wp\/v2\/pages\/4157\/revisions\/4930"}],"wp:attachment":[{"href":"https:\/\/sthlmup.se\/en\/wp-json\/wp\/v2\/media?parent=4157"}],"curies":[{"name":"wp","href":"https:\/\/api.w.org\/{rel}","templated":true}]}}