{"id":4159,"date":"2023-10-19T19:27:43","date_gmt":"2023-10-19T19:27:43","guid":{"rendered":"https:\/\/sthlmup.se\/?page_id=4159"},"modified":"2023-10-19T19:27:43","modified_gmt":"2023-10-19T19:27:43","slug":"pr-marknadsforingsutskottet","status":"publish","type":"page","link":"https:\/\/sthlmup.se\/en\/pr-marknadsforingsutskottet\/","title":{"rendered":"PR &amp; Marknadsf\u00f6ringsutskottet"},"content":{"rendered":"<p>PR- och Marknadsf\u00f6ringsutskottet arbetar \u00f6vergripande med SthlmUP:s samtliga utskott f\u00f6r att utveckla det interna s\u00e5v\u00e4l som det externa informationsfl\u00f6det. Genom olika sociala plattformar som Facebook, Instagram och LinkedIn utvecklar vi kreativa l\u00f6sningar d\u00e4r v\u00e5r f\u00f6rhoppning \u00e4r att vi p\u00e5 ett effektivare s\u00e4tt ska n\u00e5 ut till SthlmUP:s alla medlemmar. Vi arbetar \u00e4ven aktivt med att f\u00f6rb\u00e4ttra hemsidan d\u00e4r v\u00e5rt m\u00e5l \u00e4r att hemsidan ska bli den centrala och sj\u00e4lvklara m\u00f6tespunkten f\u00f6r alla Stockholms universitets personalvetarstudenter. Vill du veta mer kontakta ordf\u00f6rande f\u00f6r PR &amp; Marknadsutskottet Della<\/p>\n\n\n\n<div class=\"wp-block-buttons is-layout-flex wp-block-buttons-is-layout-flex\">\n<div class=\"wp-block-button\"><a class=\"wp-block-button__link wp-element-button\" href=\"mailto:prmu@sthlmup.se\">Kontakta Della<\/a><\/div>\n<\/div>","protected":false},"excerpt":{"rendered":"<p>PR- och Marknadsf\u00f6ringsutskottet arbetar \u00f6vergripande med SthlmUP:s samtliga utskott f\u00f6r att utveckla det interna s\u00e5v\u00e4l som det externa informationsfl\u00f6det. Genom olika sociala plattformar som Facebook, Instagram och LinkedIn utvecklar vi [&hellip;]<\/p>","protected":false},"author":2,"featured_media":0,"parent":0,"menu_order":0,"comment_status":"closed","ping_status":"closed","template":"","meta":{"footnotes":""},"class_list":["post-4159","page","type-page","status-publish","hentry"],"_links":{"self":[{"href":"https:\/\/sthlmup.se\/en\/wp-json\/wp\/v2\/pages\/4159","targetHints":{"allow":["GET"]}}],"collection":[{"href":"https:\/\/sthlmup.se\/en\/wp-json\/wp\/v2\/pages"}],"about":[{"href":"https:\/\/sthlmup.se\/en\/wp-json\/wp\/v2\/types\/page"}],"author":[{"embeddable":true,"href":"https:\/\/sthlmup.se\/en\/wp-json\/wp\/v2\/users\/2"}],"replies":[{"embeddable":true,"href":"https:\/\/sthlmup.se\/en\/wp-json\/wp\/v2\/comments?post=4159"}],"version-history":[{"count":2,"href":"https:\/\/sthlmup.se\/en\/wp-json\/wp\/v2\/pages\/4159\/revisions"}],"predecessor-version":[{"id":4245,"href":"https:\/\/sthlmup.se\/en\/wp-json\/wp\/v2\/pages\/4159\/revisions\/4245"}],"wp:attachment":[{"href":"https:\/\/sthlmup.se\/en\/wp-json\/wp\/v2\/media?parent=4159"}],"curies":[{"name":"wp","href":"https:\/\/api.w.org\/{rel}","templated":true}]}}