{"id":4161,"date":"2023-10-19T18:39:12","date_gmt":"2023-10-19T18:39:12","guid":{"rendered":"https:\/\/sthlmup.se\/?page_id=4161"},"modified":"2024-04-11T16:12:44","modified_gmt":"2024-04-11T16:12:44","slug":"aktivitetsutskottet","status":"publish","type":"page","link":"https:\/\/sthlmup.se\/en\/aktivitetsutskottet\/","title":{"rendered":"Activity Committee"},"content":{"rendered":"<div data-elementor-type=\"wp-page\" data-elementor-id=\"4161\" class=\"elementor elementor-4161\">\n\t\t\t\t\t\t<section class=\"elementor-section elementor-top-section elementor-element elementor-element-1a8b710b elementor-section-boxed elementor-section-height-default elementor-section-height-default\" data-id=\"1a8b710b\" data-element_type=\"section\">\n\t\t\t\t\t\t<div class=\"elementor-container elementor-column-gap-default\">\n\t\t\t\t\t<div class=\"elementor-column elementor-col-100 elementor-top-column elementor-element elementor-element-339d0392\" data-id=\"339d0392\" data-element_type=\"column\">\n\t\t\t<div class=\"elementor-widget-wrap elementor-element-populated\">\n\t\t\t\t\t\t<div class=\"elementor-element elementor-element-72abb08f elementor-widget elementor-widget-text-editor\" data-id=\"72abb08f\" data-element_type=\"widget\" data-widget_type=\"text-editor.default\">\n\t\t\t\t<div class=\"elementor-widget-container\">\n\t\t\t\t\t\t\t\t\t<p><\/p>\n<p>Aktivitetsutskottet har som m\u00e5l att fr\u00e4mja den fysiska och psykiska h\u00e4lsan inom f\u00f6reningen. Utskottet \u00e4r relativt nytt och tills\u00e4tter en projektgrupp som tillsammans hj\u00e4lps \u00e5t att organisera de olika evenemangen. Projektgruppen s\u00f6ker alltid efter nya personer som vill hj\u00e4lpa till.\u00a0<\/p>\n<p><\/p>\n<p>Ett urval av de evenemang som utskottet styr:<\/p>\n<p><\/p>\n<ul class=\"wp-block-list\">\n<li style=\"list-style-type: none;\">\n<ul><\/ul>\n<\/li>\n<\/ul>\n<ul>\n<li style=\"list-style-type: none;\">\n<ul>\n<li>\u00c5reresan<\/li>\n<\/ul>\n<\/li>\n<\/ul>\n<p><\/p>\n<ul>\n<li style=\"list-style-type: none;\">\n<ul>\n<li>Europaresan<\/li>\n<\/ul>\n<\/li>\n<\/ul>\n<p><\/p>\n<ul>\n<li style=\"list-style-type: none;\">\n<ul>\n<li>Br\u00e4nnbollsturnering<\/li>\n<\/ul>\n<\/li>\n<\/ul>\n<p><\/p>\n<ul>\n<li style=\"list-style-type: none;\">\n<ul>\n<li>Bowlingkv\u00e4ll<\/li>\n<\/ul>\n<\/li>\n<\/ul>\n<p><\/p>\n<ul>\n<li style=\"list-style-type: none;\">\n<ul>\n<li>F\u00f6rel\u00e4sningar<\/li>\n<\/ul>\n<\/li>\n<\/ul>\n<p><\/p>\n<p><\/p>\n<p>Vill du veta mer, eller har du n\u00e5gon fr\u00e5ga, kontakta d\u00e5 aktivitetsutskottets ordf\u00f6rande Elliot.<\/p>\n<p><\/p>\t\t\t\t\t\t\t\t<\/div>\n\t\t\t\t<\/div>\n\t\t\t\t\t<\/div>\n\t\t<\/div>\n\t\t\t\t\t<\/div>\n\t\t<\/section>\n\t\t\t\t<section class=\"elementor-section elementor-top-section elementor-element elementor-element-811592c elementor-section-boxed elementor-section-height-default elementor-section-height-default\" data-id=\"811592c\" data-element_type=\"section\">\n\t\t\t\t\t\t<div class=\"elementor-container elementor-column-gap-default\">\n\t\t\t\t\t<div class=\"elementor-column elementor-col-100 elementor-top-column elementor-element elementor-element-85348a4\" data-id=\"85348a4\" data-element_type=\"column\">\n\t\t\t<div class=\"elementor-widget-wrap elementor-element-populated\">\n\t\t\t\t\t\t<div class=\"elementor-element elementor-element-3ebf1ba elementor-button-info elementor-widget elementor-widget-button\" data-id=\"3ebf1ba\" data-element_type=\"widget\" data-widget_type=\"button.default\">\n\t\t\t\t<div class=\"elementor-widget-container\">\n\t\t\t\t\t\t\t\t\t<div class=\"elementor-button-wrapper\">\n\t\t\t\t\t<a class=\"elementor-button elementor-button-link elementor-size-sm\" href=\"mailto:aktivitet@sthlmup.se\">\n\t\t\t\t\t\t<span class=\"elementor-button-content-wrapper\">\n\t\t\t\t\t\t\t\t\t<span class=\"elementor-button-text\">Kontakta Elliot<\/span>\n\t\t\t\t\t<\/span>\n\t\t\t\t\t<\/a>\n\t\t\t\t<\/div>\n\t\t\t\t\t\t\t\t<\/div>\n\t\t\t\t<\/div>\n\t\t\t\t\t<\/div>\n\t\t<\/div>\n\t\t\t\t\t<\/div>\n\t\t<\/section>\n\t\t\t\t<\/div>","protected":false},"excerpt":{"rendered":"<p>Aktivitetsutskottet har som m\u00e5l att fr\u00e4mja den fysiska och psykiska h\u00e4lsan inom f\u00f6reningen. Utskottet \u00e4r relativt nytt och tills\u00e4tter en projektgrupp som tillsammans hj\u00e4lps \u00e5t att organisera de olika evenemangen. [&hellip;]<\/p>","protected":false},"author":2,"featured_media":0,"parent":0,"menu_order":0,"comment_status":"closed","ping_status":"closed","template":"","meta":{"footnotes":""},"class_list":["post-4161","page","type-page","status-publish","hentry"],"_links":{"self":[{"href":"https:\/\/sthlmup.se\/en\/wp-json\/wp\/v2\/pages\/4161","targetHints":{"allow":["GET"]}}],"collection":[{"href":"https:\/\/sthlmup.se\/en\/wp-json\/wp\/v2\/pages"}],"about":[{"href":"https:\/\/sthlmup.se\/en\/wp-json\/wp\/v2\/types\/page"}],"author":[{"embeddable":true,"href":"https:\/\/sthlmup.se\/en\/wp-json\/wp\/v2\/users\/2"}],"replies":[{"embeddable":true,"href":"https:\/\/sthlmup.se\/en\/wp-json\/wp\/v2\/comments?post=4161"}],"version-history":[{"count":19,"href":"https:\/\/sthlmup.se\/en\/wp-json\/wp\/v2\/pages\/4161\/revisions"}],"predecessor-version":[{"id":4798,"href":"https:\/\/sthlmup.se\/en\/wp-json\/wp\/v2\/pages\/4161\/revisions\/4798"}],"wp:attachment":[{"href":"https:\/\/sthlmup.se\/en\/wp-json\/wp\/v2\/media?parent=4161"}],"curies":[{"name":"wp","href":"https:\/\/api.w.org\/{rel}","templated":true}]}}