{"id":4163,"date":"2023-10-19T19:36:59","date_gmt":"2023-10-19T19:36:59","guid":{"rendered":"https:\/\/sthlmup.se\/?page_id=4163"},"modified":"2024-01-09T19:24:51","modified_gmt":"2024-01-09T19:24:51","slug":"valberedningen","status":"publish","type":"page","link":"https:\/\/sthlmup.se\/en\/valberedningen\/","title":{"rendered":"The Nomination Committee"},"content":{"rendered":"<div data-elementor-type=\"wp-page\" data-elementor-id=\"4163\" class=\"elementor elementor-4163\">\n\t\t\t\t\t\t<section class=\"elementor-section elementor-top-section elementor-element elementor-element-5b12cea elementor-section-boxed elementor-section-height-default elementor-section-height-default\" data-id=\"5b12cea\" data-element_type=\"section\">\n\t\t\t\t\t\t<div class=\"elementor-container elementor-column-gap-default\">\n\t\t\t\t\t<div class=\"elementor-column elementor-col-100 elementor-top-column elementor-element elementor-element-58f2585\" data-id=\"58f2585\" data-element_type=\"column\">\n\t\t\t<div class=\"elementor-widget-wrap elementor-element-populated\">\n\t\t\t\t\t\t<div class=\"elementor-element elementor-element-55574777 elementor-widget elementor-widget-text-editor\" data-id=\"55574777\" data-element_type=\"widget\" data-widget_type=\"text-editor.default\">\n\t\t\t\t<div class=\"elementor-widget-container\">\n\t\t\t\t\t\t\t\t\t<p><\/p>\n<p>The Nomination Committee&#039;s work is to find suitable candidates for the roles in the Board, the Nomination Committee and the Audit before the annual meeting, and to find suitable candidates for vacant roles before the half-yearly meeting.<\/p>\n<p><\/p>\n<p><\/p>\n<p>The Nomination Committee interviews applicants and the candidates who choose to accept the nominations. After that, the nomination committee deliberates to agree on a proposal that is first presented to the board and then to the members. Finally, it is the annual meeting or the half-yearly meeting, ie members present at each meeting, who decide who may manage the trust for each role.&nbsp;<\/p>\n<p><\/p>\n<p><\/p>\n<p>Hur arbetet genomf\u00f6rs \u00e4r upp till varje valberedning och kan exempelvis inneb\u00e4ra att delta i insparkar f\u00f6r nya PAO-studenter och att n\u00e4rvara vid SthlmUP:s utskottsm\u00f6ten. Medlemmar kan dels sj\u00e4lva s\u00f6ka till de olika rollerna, dels bli nominerade av andra medlemmar i f\u00f6reningen. Har du fr\u00e5gor om valberedningen kontakta valberedarna Jessica och Linda.<\/p>\n<p><\/p>\n<p><\/p>\n<div class=\"wp-block-buttons is-layout-flex wp-block-buttons-is-layout-flex\">\n<p><\/p>\n<div class=\"wp-block-button\"><a class=\"wp-block-button__link wp-element-button\" href=\"mailto:valberedning@sthlmup.se\">Contact the nomination committee<\/a><\/div>\n<p><\/p>\n<\/div>\n<p><\/p>\t\t\t\t\t\t\t\t<\/div>\n\t\t\t\t<\/div>\n\t\t\t\t\t<\/div>\n\t\t<\/div>\n\t\t\t\t\t<\/div>\n\t\t<\/section>\n\t\t\t\t<\/div>","protected":false},"excerpt":{"rendered":"<p>Valberedningens arbete g\u00e5r ut p\u00e5 att inf\u00f6r \u00e5rsm\u00f6te finna l\u00e4mpliga kandidater till rollerna i styrelsen, valberedningen och revisionen samt inf\u00f6r halv\u00e5rsm\u00f6te finna l\u00e4mpliga kandidater till vakanta roller. Valberedningen intervjuar s\u00f6kande [&hellip;]<\/p>","protected":false},"author":2,"featured_media":0,"parent":0,"menu_order":0,"comment_status":"closed","ping_status":"closed","template":"","meta":{"footnotes":""},"class_list":["post-4163","page","type-page","status-publish","hentry"],"_links":{"self":[{"href":"https:\/\/sthlmup.se\/en\/wp-json\/wp\/v2\/pages\/4163","targetHints":{"allow":["GET"]}}],"collection":[{"href":"https:\/\/sthlmup.se\/en\/wp-json\/wp\/v2\/pages"}],"about":[{"href":"https:\/\/sthlmup.se\/en\/wp-json\/wp\/v2\/types\/page"}],"author":[{"embeddable":true,"href":"https:\/\/sthlmup.se\/en\/wp-json\/wp\/v2\/users\/2"}],"replies":[{"embeddable":true,"href":"https:\/\/sthlmup.se\/en\/wp-json\/wp\/v2\/comments?post=4163"}],"version-history":[{"count":8,"href":"https:\/\/sthlmup.se\/en\/wp-json\/wp\/v2\/pages\/4163\/revisions"}],"predecessor-version":[{"id":4728,"href":"https:\/\/sthlmup.se\/en\/wp-json\/wp\/v2\/pages\/4163\/revisions\/4728"}],"wp:attachment":[{"href":"https:\/\/sthlmup.se\/en\/wp-json\/wp\/v2\/media?parent=4163"}],"curies":[{"name":"wp","href":"https:\/\/api.w.org\/{rel}","templated":true}]}}