{"id":4173,"date":"2023-10-12T21:00:16","date_gmt":"2023-10-12T21:00:16","guid":{"rendered":"https:\/\/sthlmup.se\/?page_id=4173"},"modified":"2023-10-12T21:06:00","modified_gmt":"2023-10-12T21:06:00","slug":"kop-din-ovve-nu","status":"publish","type":"page","link":"https:\/\/sthlmup.se\/en\/kop-din-ovve-nu\/","title":{"rendered":"K\u00f6p din ovve nu!"},"content":{"rendered":"<div data-elementor-type=\"wp-page\" data-elementor-id=\"4173\" class=\"elementor elementor-4173\">\n\t\t\t\t\t\t<section class=\"elementor-section elementor-top-section elementor-element elementor-element-3cf4329d elementor-section-boxed elementor-section-height-default elementor-section-height-default\" data-id=\"3cf4329d\" data-element_type=\"section\">\n\t\t\t\t\t\t<div class=\"elementor-container elementor-column-gap-default\">\n\t\t\t\t\t<div class=\"elementor-column elementor-col-100 elementor-top-column elementor-element elementor-element-1413a411\" data-id=\"1413a411\" data-element_type=\"column\">\n\t\t\t<div class=\"elementor-widget-wrap elementor-element-populated\">\n\t\t\t\t\t\t<div class=\"elementor-element elementor-element-2f818799 elementor-widget elementor-widget-text-editor\" data-id=\"2f818799\" data-element_type=\"widget\" data-widget_type=\"text-editor.default\">\n\t\t\t\t<div class=\"elementor-widget-container\">\n\t\t\t\t\t\t\t\t\t\n<p>F\u00f6r att leva studentlivet fullt ut s\u00e5 s\u00e4tter v\u00e5r orange-vita overall den sista pusselbiten. Genom att ansluta till v\u00e5rt klubbm\u00e4steri s\u00e5 maxar du studentlivet med b\u00e5de gemenskap och m\u00e4rken. K\u00f6p ovven redan nu och h\u00e4ng med p\u00e5 allt det roliga.<\/p>\n\t\t\t\t\t\t\t\t<\/div>\n\t\t\t\t<\/div>\n\t\t\t\t\t<\/div>\n\t\t<\/div>\n\t\t\t\t\t<\/div>\n\t\t<\/section>\n\t\t\t\t<section class=\"elementor-section elementor-top-section elementor-element elementor-element-f954105 elementor-section-boxed elementor-section-height-default elementor-section-height-default\" data-id=\"f954105\" data-element_type=\"section\">\n\t\t\t\t\t\t<div class=\"elementor-container elementor-column-gap-default\">\n\t\t\t\t\t<div class=\"elementor-column elementor-col-100 elementor-top-column elementor-element elementor-element-a01d979\" data-id=\"a01d979\" data-element_type=\"column\">\n\t\t\t<div class=\"elementor-widget-wrap elementor-element-populated\">\n\t\t\t\t\t\t<div class=\"elementor-element elementor-element-d115aa3 elementor-button-success elementor-align-center elementor-widget elementor-widget-button\" data-id=\"d115aa3\" data-element_type=\"widget\" data-widget_type=\"button.default\">\n\t\t\t\t<div class=\"elementor-widget-container\">\n\t\t\t\t\t\t\t\t\t<div class=\"elementor-button-wrapper\">\n\t\t\t\t\t<a class=\"elementor-button elementor-button-link elementor-size-lg\" href=\"https:\/\/hitract.se\/hitclub\/74\">\n\t\t\t\t\t\t<span class=\"elementor-button-content-wrapper\">\n\t\t\t\t\t\t\t\t\t<span class=\"elementor-button-text\">K\u00f6p ovve<\/span>\n\t\t\t\t\t<\/span>\n\t\t\t\t\t<\/a>\n\t\t\t\t<\/div>\n\t\t\t\t\t\t\t\t<\/div>\n\t\t\t\t<\/div>\n\t\t\t\t\t<\/div>\n\t\t<\/div>\n\t\t\t\t\t<\/div>\n\t\t<\/section>\n\t\t\t\t<section class=\"elementor-section elementor-top-section elementor-element elementor-element-aef0398 elementor-section-boxed elementor-section-height-default elementor-section-height-default\" data-id=\"aef0398\" data-element_type=\"section\">\n\t\t\t\t\t\t<div class=\"elementor-container elementor-column-gap-default\">\n\t\t\t\t\t<div class=\"elementor-column elementor-col-100 elementor-top-column elementor-element elementor-element-174ece4\" data-id=\"174ece4\" data-element_type=\"column\">\n\t\t\t<div class=\"elementor-widget-wrap elementor-element-populated\">\n\t\t\t\t\t\t<div class=\"elementor-element elementor-element-fe7a3fe elementor-widget elementor-widget-image\" data-id=\"fe7a3fe\" data-element_type=\"widget\" data-widget_type=\"image.default\">\n\t\t\t\t<div class=\"elementor-widget-container\">\n\t\t\t\t\t\t\t\t\t\t\t\t\t\t\t<img fetchpriority=\"high\" decoding=\"async\" width=\"347\" height=\"206\" src=\"https:\/\/sthlmup.se\/wp-content\/uploads\/2023\/10\/370200954_6454458934683570_256056189171403164_n.jpg\" class=\"attachment-large size-large wp-image-4174\" alt=\"\" srcset=\"https:\/\/sthlmup.se\/wp-content\/uploads\/2023\/10\/370200954_6454458934683570_256056189171403164_n.jpg 347w, https:\/\/sthlmup.se\/wp-content\/uploads\/2023\/10\/370200954_6454458934683570_256056189171403164_n-300x178.jpg 300w, https:\/\/sthlmup.se\/wp-content\/uploads\/2023\/10\/370200954_6454458934683570_256056189171403164_n-18x12.jpg 18w\" sizes=\"(max-width: 347px) 100vw, 347px\" \/>\t\t\t\t\t\t\t\t\t\t\t\t\t\t\t<\/div>\n\t\t\t\t<\/div>\n\t\t\t\t\t<\/div>\n\t\t<\/div>\n\t\t\t\t\t<\/div>\n\t\t<\/section>\n\t\t\t\t<\/div>","protected":false},"excerpt":{"rendered":"<p>F\u00f6r att leva studentlivet fullt ut s\u00e5 s\u00e4tter v\u00e5r orange-vita overall den sista pusselbiten. Genom att ansluta till v\u00e5rt klubbm\u00e4steri s\u00e5 maxar du studentlivet med b\u00e5de gemenskap och m\u00e4rken. K\u00f6p [&hellip;]<\/p>","protected":false},"author":2,"featured_media":0,"parent":0,"menu_order":0,"comment_status":"closed","ping_status":"closed","template":"","meta":{"footnotes":""},"class_list":["post-4173","page","type-page","status-publish","hentry"],"_links":{"self":[{"href":"https:\/\/sthlmup.se\/en\/wp-json\/wp\/v2\/pages\/4173","targetHints":{"allow":["GET"]}}],"collection":[{"href":"https:\/\/sthlmup.se\/en\/wp-json\/wp\/v2\/pages"}],"about":[{"href":"https:\/\/sthlmup.se\/en\/wp-json\/wp\/v2\/types\/page"}],"author":[{"embeddable":true,"href":"https:\/\/sthlmup.se\/en\/wp-json\/wp\/v2\/users\/2"}],"replies":[{"embeddable":true,"href":"https:\/\/sthlmup.se\/en\/wp-json\/wp\/v2\/comments?post=4173"}],"version-history":[{"count":8,"href":"https:\/\/sthlmup.se\/en\/wp-json\/wp\/v2\/pages\/4173\/revisions"}],"predecessor-version":[{"id":4184,"href":"https:\/\/sthlmup.se\/en\/wp-json\/wp\/v2\/pages\/4173\/revisions\/4184"}],"wp:attachment":[{"href":"https:\/\/sthlmup.se\/en\/wp-json\/wp\/v2\/media?parent=4173"}],"curies":[{"name":"wp","href":"https:\/\/api.w.org\/{rel}","templated":true}]}}