{"id":4214,"date":"2023-10-19T18:21:06","date_gmt":"2023-10-19T18:21:06","guid":{"rendered":"https:\/\/sthlmup.se\/?page_id=4214"},"modified":"2024-07-28T09:20:01","modified_gmt":"2024-07-28T09:20:01","slug":"ga-med-i-styrelsen","status":"publish","type":"page","link":"https:\/\/sthlmup.se\/en\/ga-med-i-styrelsen\/","title":{"rendered":"G\u00e5 med i styrelsen!"},"content":{"rendered":"<div data-elementor-type=\"wp-page\" data-elementor-id=\"4214\" class=\"elementor elementor-4214\">\n\t\t\t\t\t\t<section class=\"elementor-section elementor-top-section elementor-element elementor-element-56ba07f elementor-section-boxed elementor-section-height-default elementor-section-height-default\" data-id=\"56ba07f\" data-element_type=\"section\">\n\t\t\t\t\t\t<div class=\"elementor-container elementor-column-gap-default\">\n\t\t\t\t\t<div class=\"elementor-column elementor-col-100 elementor-top-column elementor-element elementor-element-5d285685\" data-id=\"5d285685\" data-element_type=\"column\">\n\t\t\t<div class=\"elementor-widget-wrap elementor-element-populated\">\n\t\t\t\t\t\t<div class=\"elementor-element elementor-element-22da5be elementor-widget__width-initial elementor-widget elementor-widget-text-editor\" data-id=\"22da5be\" data-element_type=\"widget\" data-widget_type=\"text-editor.default\">\n\t\t\t\t<div class=\"elementor-widget-container\">\n\t\t\t\t\t\t\t\t\t<p><\/p>\n<p>Snart \u00e4r det dags f\u00f6r \u00e5rsm\u00f6te och d\u00e4rmed \u00e4ven f\u00f6r att tills\u00e4tta nya roller.<img decoding=\"async\" src=\"https:\/\/static.xx.fbcdn.net\/images\/emoji.php\/v9\/tf7\/2\/16\/1f929.png\" alt=\"\ud83e\udd29\" width=\"16\" height=\"16\" \/><\/p>\n<p><\/p>\n<p><\/p>\n<p>Detta \u00e4r en fantastisk m\u00f6jlighet f\u00f6r dig som vill vara med i en h\u00e4rlig gemenskap som SthlmUP! Du f\u00e5r m\u00f6jligheten att sitta med i f\u00f6reningens styrelse d\u00e4r ni kan utveckla och f\u00f6rb\u00e4ttra PAO:ares studentliv. Ut\u00f6ver det s\u00e5 f\u00e5r du l\u00e4ra k\u00e4nna nya kamrater, ett ut\u00f6kat n\u00e4tverk och goda erfarenheter inf\u00f6r arbetslivet. Som ett plus i kanten \u00e4r det \u00e4ven en bra merit att ha p\u00e5 sitt CV.<img decoding=\"async\" src=\"https:\/\/static.xx.fbcdn.net\/images\/emoji.php\/v9\/t35\/2\/16\/2b50.png\" alt=\"\u2b50\ufe0f\" width=\"16\" height=\"16\" \/><\/p>\n<p>Mer information kommer snart!<\/p>\n<p><\/p>\n<p><\/p>\n<p>Vid fr\u00e5gor eller funderingar \u00e4r ni varmt v\u00e4lkomna att kontakta valberedningen p\u00e5 mail. G\u00e5 till om f\u00f6reningen och skrolla ned till styrelsen, och kontakta det utskottet som du \u00e4r intresserad av. Vet du inte vilket utskott du ska kontakta g\u00e5r att alltid bra att skicka ett mail till ordf\u00f6rande eller vice ordf\u00f6rande.<\/p>\n<p><\/p>\n<p><\/p>\n<p><\/p>\n<p><\/p>\n<p>Rollbeskrivningar:\u00a0<\/p>\n<p><\/p>\n<p><\/p>\n<p><a href=\"https:\/\/docs.google.com\/document\/d\/1VeOEFHXdKdqjy0f5oi0gDxY_0AxYfRAdCLx2wvZKJCE\/edit?fbclid=IwAR088dzfsmh3YORDAbqWRcMw3VkrS2lpyAiVN-yFODOKh8DZnmnjEmk_qKU\" target=\"_blank\" rel=\"noreferrer noopener\">https:\/\/docs.google.com\/&#8230;\/1VeOEFHXdKdqjy0f5oi0g&#8230;\/edit&#8230;<\/a><\/p>\n<p><\/p>\t\t\t\t\t\t\t\t<\/div>\n\t\t\t\t<\/div>\n\t\t\t\t\t<\/div>\n\t\t<\/div>\n\t\t\t\t\t<\/div>\n\t\t<\/section>\n\t\t\t\t<\/div>","protected":false},"excerpt":{"rendered":"<p>Snart \u00e4r det dags f\u00f6r \u00e5rsm\u00f6te och d\u00e4rmed \u00e4ven f\u00f6r att tills\u00e4tta nya roller. Detta \u00e4r en fantastisk m\u00f6jlighet f\u00f6r dig som vill vara med i en h\u00e4rlig gemenskap som [&hellip;]<\/p>","protected":false},"author":2,"featured_media":0,"parent":0,"menu_order":0,"comment_status":"closed","ping_status":"closed","template":"","meta":{"footnotes":""},"class_list":["post-4214","page","type-page","status-publish","hentry"],"_links":{"self":[{"href":"https:\/\/sthlmup.se\/en\/wp-json\/wp\/v2\/pages\/4214","targetHints":{"allow":["GET"]}}],"collection":[{"href":"https:\/\/sthlmup.se\/en\/wp-json\/wp\/v2\/pages"}],"about":[{"href":"https:\/\/sthlmup.se\/en\/wp-json\/wp\/v2\/types\/page"}],"author":[{"embeddable":true,"href":"https:\/\/sthlmup.se\/en\/wp-json\/wp\/v2\/users\/2"}],"replies":[{"embeddable":true,"href":"https:\/\/sthlmup.se\/en\/wp-json\/wp\/v2\/comments?post=4214"}],"version-history":[{"count":4,"href":"https:\/\/sthlmup.se\/en\/wp-json\/wp\/v2\/pages\/4214\/revisions"}],"predecessor-version":[{"id":4897,"href":"https:\/\/sthlmup.se\/en\/wp-json\/wp\/v2\/pages\/4214\/revisions\/4897"}],"wp:attachment":[{"href":"https:\/\/sthlmup.se\/en\/wp-json\/wp\/v2\/media?parent=4214"}],"curies":[{"name":"wp","href":"https:\/\/api.w.org\/{rel}","templated":true}]}}