{"id":4251,"date":"2023-10-19T19:46:49","date_gmt":"2023-10-19T19:46:49","guid":{"rendered":"https:\/\/sthlmup.se\/?page_id=4251"},"modified":"2023-10-19T19:46:49","modified_gmt":"2023-10-19T19:46:49","slug":"om-foreningen-2","status":"publish","type":"page","link":"https:\/\/sthlmup.se\/en\/om-foreningen-2\/","title":{"rendered":"About the association"},"content":{"rendered":"<h5 class=\"wp-block-heading\">Who are we?<\/h5>\n\n\n\n<p>SthlmUP is a student association for you who study the PAO program, PAO master, AKPA or similar education at Stockholm University.&nbsp;<\/p>\n\n\n\n<p>SthlmUP works for a broad community among the semesters and to create a good community. Our purpose is also to be involved, together with our members, and influence the education while we make good contacts with working life.&nbsp;<\/p>\n\n\n\n<h5 class=\"wp-block-heading\">What is our purpose?<\/h5>\n\n\n\n<p>The purpose of SthlmUP is to gild the study time for our members. This is done in part through our four different committees that work to create different activities. Within the committees, there are good opportunities to get involved high and low.<\/p>","protected":false},"excerpt":{"rendered":"<p>Vilka \u00e4r vi? SthlmUP \u00e4r en studentf\u00f6rening f\u00f6r dig som studerar PAO-programmet, PAO-mastern, AKPA eller liknande utbildning p\u00e5 Stockholms Universitet.&nbsp; SthlmUP arbetar f\u00f6r en bred gemenskap bland terminerna och f\u00f6r [&hellip;]<\/p>","protected":false},"author":2,"featured_media":0,"parent":0,"menu_order":0,"comment_status":"closed","ping_status":"closed","template":"","meta":{"footnotes":""},"class_list":["post-4251","page","type-page","status-publish","hentry"],"_links":{"self":[{"href":"https:\/\/sthlmup.se\/en\/wp-json\/wp\/v2\/pages\/4251","targetHints":{"allow":["GET"]}}],"collection":[{"href":"https:\/\/sthlmup.se\/en\/wp-json\/wp\/v2\/pages"}],"about":[{"href":"https:\/\/sthlmup.se\/en\/wp-json\/wp\/v2\/types\/page"}],"author":[{"embeddable":true,"href":"https:\/\/sthlmup.se\/en\/wp-json\/wp\/v2\/users\/2"}],"replies":[{"embeddable":true,"href":"https:\/\/sthlmup.se\/en\/wp-json\/wp\/v2\/comments?post=4251"}],"version-history":[{"count":1,"href":"https:\/\/sthlmup.se\/en\/wp-json\/wp\/v2\/pages\/4251\/revisions"}],"predecessor-version":[{"id":4252,"href":"https:\/\/sthlmup.se\/en\/wp-json\/wp\/v2\/pages\/4251\/revisions\/4252"}],"wp:attachment":[{"href":"https:\/\/sthlmup.se\/en\/wp-json\/wp\/v2\/media?parent=4251"}],"curies":[{"name":"wp","href":"https:\/\/api.w.org\/{rel}","templated":true}]}}