{"id":4263,"date":"2023-10-19T20:05:57","date_gmt":"2023-10-19T20:05:57","guid":{"rendered":"https:\/\/sthlmup.se\/?page_id=4263"},"modified":"2024-11-20T16:06:38","modified_gmt":"2024-11-20T16:06:38","slug":"nojesutskottet","status":"publish","type":"page","link":"https:\/\/sthlmup.se\/en\/nojesutskottet\/","title":{"rendered":"The Entertainment Committee"},"content":{"rendered":"<p>N\u00f6jesutskottet ser till att studietiden f\u00e5r en extra guldkant. V\u00e5rt uppdrag \u00e4r att f\u00f6ra samman studenter fr\u00e5n samtliga terminer genom att arrangera minnesv\u00e4rda stunder. Vi har som m\u00e5l att spr\u00e4cka h\u00e5l p\u00e5 myten om att det inte finns n\u00e5got studentliv p\u00e5 Stockholm Universitetet, vilket vi g\u00f6r genom att arrangera event s\u00e5 som inspark, tentapubar, sittningar, utlandsresor, fester, skidresor och mycket mer! De planerar grunden till alla event men tar hj\u00e4lp av andra utskott. Har du fr\u00e5gor kring n\u00f6jesutskottet ta kontakt med ordf\u00f6rande f\u00f6r n\u00f6jesutskottet Matilda. <\/p>\n\n\n\n<div class=\"wp-block-buttons is-layout-flex wp-block-buttons-is-layout-flex\">\n<div class=\"wp-block-button\"><a class=\"wp-block-button__link wp-element-button\" href=\"mailto:noje@sthlmup.se\">Kontakta Matilda<\/a><\/div>\n<\/div>","protected":false},"excerpt":{"rendered":"<p>N\u00f6jesutskottet ser till att studietiden f\u00e5r en extra guldkant. V\u00e5rt uppdrag \u00e4r att f\u00f6ra samman studenter fr\u00e5n samtliga terminer genom att arrangera minnesv\u00e4rda stunder. Vi har som m\u00e5l att spr\u00e4cka [&hellip;]<\/p>","protected":false},"author":2,"featured_media":0,"parent":0,"menu_order":0,"comment_status":"closed","ping_status":"closed","template":"","meta":{"footnotes":""},"class_list":["post-4263","page","type-page","status-publish","hentry"],"_links":{"self":[{"href":"https:\/\/sthlmup.se\/en\/wp-json\/wp\/v2\/pages\/4263","targetHints":{"allow":["GET"]}}],"collection":[{"href":"https:\/\/sthlmup.se\/en\/wp-json\/wp\/v2\/pages"}],"about":[{"href":"https:\/\/sthlmup.se\/en\/wp-json\/wp\/v2\/types\/page"}],"author":[{"embeddable":true,"href":"https:\/\/sthlmup.se\/en\/wp-json\/wp\/v2\/users\/2"}],"replies":[{"embeddable":true,"href":"https:\/\/sthlmup.se\/en\/wp-json\/wp\/v2\/comments?post=4263"}],"version-history":[{"count":3,"href":"https:\/\/sthlmup.se\/en\/wp-json\/wp\/v2\/pages\/4263\/revisions"}],"predecessor-version":[{"id":4931,"href":"https:\/\/sthlmup.se\/en\/wp-json\/wp\/v2\/pages\/4263\/revisions\/4931"}],"wp:attachment":[{"href":"https:\/\/sthlmup.se\/en\/wp-json\/wp\/v2\/media?parent=4263"}],"curies":[{"name":"wp","href":"https:\/\/api.w.org\/{rel}","templated":true}]}}