{"id":4467,"date":"2023-10-20T13:12:55","date_gmt":"2023-10-20T13:12:55","guid":{"rendered":"https:\/\/sthlmup.se\/?page_id=4467"},"modified":"2025-09-22T14:37:39","modified_gmt":"2025-09-22T14:37:39","slug":"vara-partners","status":"publish","type":"page","link":"https:\/\/sthlmup.se\/en\/vara-partners\/","title":{"rendered":"Our partners"},"content":{"rendered":"<div data-elementor-type=\"wp-page\" data-elementor-id=\"4467\" class=\"elementor elementor-4467\">\n\t\t\t\t\t\t<section class=\"elementor-section elementor-top-section elementor-element elementor-element-3c97b29 elementor-section-boxed elementor-section-height-default elementor-section-height-default\" data-id=\"3c97b29\" data-element_type=\"section\">\n\t\t\t\t\t\t<div class=\"elementor-container elementor-column-gap-default\">\n\t\t\t\t\t<div class=\"elementor-column elementor-col-50 elementor-top-column elementor-element elementor-element-fe62c7d\" data-id=\"fe62c7d\" data-element_type=\"column\">\n\t\t\t<div class=\"elementor-widget-wrap\">\n\t\t\t\t\t\t\t<\/div>\n\t\t<\/div>\n\t\t\t\t<div class=\"elementor-column elementor-col-50 elementor-top-column elementor-element elementor-element-7eaaab0\" data-id=\"7eaaab0\" data-element_type=\"column\">\n\t\t\t<div class=\"elementor-widget-wrap\">\n\t\t\t\t\t\t\t<\/div>\n\t\t<\/div>\n\t\t\t\t\t<\/div>\n\t\t<\/section>\n\t\t\t\t<section class=\"elementor-section elementor-top-section elementor-element elementor-element-7cf22e9 elementor-section-boxed elementor-section-height-default elementor-section-height-default\" data-id=\"7cf22e9\" data-element_type=\"section\">\n\t\t\t\t\t\t<div class=\"elementor-container elementor-column-gap-default\">\n\t\t\t\t\t<div class=\"elementor-column elementor-col-100 elementor-top-column elementor-element elementor-element-48bef97\" data-id=\"48bef97\" data-element_type=\"column\">\n\t\t\t<div class=\"elementor-widget-wrap elementor-element-populated\">\n\t\t\t\t\t\t<div class=\"elementor-element elementor-element-32cc3ed elementor-widget-divider--view-line_text elementor-widget-divider--element-align-center elementor-widget elementor-widget-divider\" data-id=\"32cc3ed\" data-element_type=\"widget\" data-widget_type=\"divider.default\">\n\t\t\t\t<div class=\"elementor-widget-container\">\n\t\t\t\t\t\t\t<div class=\"elementor-divider\">\n\t\t\t<span class=\"elementor-divider-separator\">\n\t\t\t\t\t\t\t<span class=\"elementor-divider__text elementor-divider__element\">\n\t\t\t\tV\u00e5ra samarbetspartners\t\t\t\t<\/span>\n\t\t\t\t\t\t<\/span>\n\t\t<\/div>\n\t\t\t\t\t\t<\/div>\n\t\t\t\t<\/div>\n\t\t\t\t\t<\/div>\n\t\t<\/div>\n\t\t\t\t\t<\/div>\n\t\t<\/section>\n\t\t\t\t<section class=\"elementor-section elementor-top-section elementor-element elementor-element-444fb24 elementor-section-boxed elementor-section-height-default elementor-section-height-default\" data-id=\"444fb24\" data-element_type=\"section\">\n\t\t\t\t\t\t<div class=\"elementor-container elementor-column-gap-default\">\n\t\t\t\t\t<div class=\"elementor-column elementor-col-50 elementor-top-column elementor-element elementor-element-d472baf\" data-id=\"d472baf\" data-element_type=\"column\">\n\t\t\t<div class=\"elementor-widget-wrap elementor-element-populated\">\n\t\t\t\t\t\t<div class=\"elementor-element elementor-element-23bff96 elementor-widget elementor-widget-image\" data-id=\"23bff96\" data-element_type=\"widget\" data-widget_type=\"image.default\">\n\t\t\t\t<div class=\"elementor-widget-container\">\n\t\t\t\t\t\t\t\t\t\t\t\t\t\t\t\t<a href=\"https:\/\/www.akavia.se\/medlemskapet\/bli-medlem\/\">\n\t\t\t\t\t\t\t<img fetchpriority=\"high\" decoding=\"async\" width=\"1024\" height=\"768\" src=\"https:\/\/sthlmup.se\/wp-content\/uploads\/2025\/09\/Logotyp-1-1-1024x768.png\" class=\"attachment-large size-large wp-image-6071\" alt=\"\" srcset=\"https:\/\/sthlmup.se\/wp-content\/uploads\/2025\/09\/Logotyp-1-1-1024x768.png 1024w, https:\/\/sthlmup.se\/wp-content\/uploads\/2025\/09\/Logotyp-1-1-300x225.png 300w, https:\/\/sthlmup.se\/wp-content\/uploads\/2025\/09\/Logotyp-1-1-768x576.png 768w, https:\/\/sthlmup.se\/wp-content\/uploads\/2025\/09\/Logotyp-1-1-16x12.png 16w, https:\/\/sthlmup.se\/wp-content\/uploads\/2025\/09\/Logotyp-1-1.png 1250w\" sizes=\"(max-width: 1024px) 100vw, 1024px\" \/>\t\t\t\t\t\t\t\t<\/a>\n\t\t\t\t\t\t\t\t\t\t\t\t\t\t\t<\/div>\n\t\t\t\t<\/div>\n\t\t\t\t\t<\/div>\n\t\t<\/div>\n\t\t\t\t<div class=\"elementor-column elementor-col-50 elementor-top-column elementor-element elementor-element-6871233\" data-id=\"6871233\" data-element_type=\"column\">\n\t\t\t<div class=\"elementor-widget-wrap elementor-element-populated\">\n\t\t\t\t\t\t<div class=\"elementor-element elementor-element-555d503 elementor-widget elementor-widget-text-editor\" data-id=\"555d503\" data-element_type=\"widget\" data-widget_type=\"text-editor.default\">\n\t\t\t\t<div class=\"elementor-widget-container\">\n\t\t\t\t\t\t\t\t\t<h3 data-start=\"263\" data-end=\"315\">&nbsp;<\/h3>\n<p data-start=\"316\" data-end=\"568\"><strong>Mary Consulting<\/strong> erbjuder f\u00f6retag och organisationer st\u00f6d i det dagliga HR-arbetet, utan att de beh\u00f6ver anst\u00e4lla. Genom samarbetet f\u00e5r personalvetarstudenter fr\u00e5n Stockholms universitet chans att bidra med sin kompetens i praktiken och samtidigt utveckla sina f\u00e4rdigheter inf\u00f6r framtiden. Studenterna kan st\u00f6tta med allt inom HR, rekrytering oh Talent Acquisition.&nbsp;<\/p>\n<p data-start=\"316\" data-end=\"568\">L\u00e5ter det intressant? H\u00e4r kan du enkelt s\u00f6ka l\u00e4mna en spontanans\u00f6kan:<strong><br><\/strong><\/p>\t\t\t\t\t\t\t\t<\/div>\n\t\t\t\t<\/div>\n\t\t\t\t<div class=\"elementor-element elementor-element-c395563 elementor-button-danger elementor-align-center elementor-widget elementor-widget-button\" data-id=\"c395563\" data-element_type=\"widget\" data-widget_type=\"button.default\">\n\t\t\t\t<div class=\"elementor-widget-container\">\n\t\t\t\t\t\t\t\t\t<div class=\"elementor-button-wrapper\">\n\t\t\t\t\t<a class=\"elementor-button elementor-button-link elementor-size-sm\" href=\"https:\/\/maryconsulting.se\/karriar\/\">\n\t\t\t\t\t\t<span class=\"elementor-button-content-wrapper\">\n\t\t\t\t\t\t\t\t\t<span class=\"elementor-button-text\">SPONTANANS\u00d6KAN<\/span>\n\t\t\t\t\t<\/span>\n\t\t\t\t\t<\/a>\n\t\t\t\t<\/div>\n\t\t\t\t\t\t\t\t<\/div>\n\t\t\t\t<\/div>\n\t\t\t\t\t<\/div>\n\t\t<\/div>\n\t\t\t\t\t<\/div>\n\t\t<\/section>\n\t\t\t\t<section class=\"elementor-section elementor-top-section elementor-element elementor-element-e1b20a7 elementor-section-boxed elementor-section-height-default elementor-section-height-default\" data-id=\"e1b20a7\" data-element_type=\"section\">\n\t\t\t\t\t\t<div class=\"elementor-container elementor-column-gap-default\">\n\t\t\t\t\t<div class=\"elementor-column elementor-col-100 elementor-top-column elementor-element elementor-element-17d1287\" data-id=\"17d1287\" data-element_type=\"column\">\n\t\t\t<div class=\"elementor-widget-wrap elementor-element-populated\">\n\t\t\t\t\t\t<div class=\"elementor-element elementor-element-466c1d8 elementor-widget-divider--view-line elementor-widget elementor-widget-divider\" data-id=\"466c1d8\" data-element_type=\"widget\" data-widget_type=\"divider.default\">\n\t\t\t\t<div class=\"elementor-widget-container\">\n\t\t\t\t\t\t\t<div class=\"elementor-divider\">\n\t\t\t<span class=\"elementor-divider-separator\">\n\t\t\t\t\t\t<\/span>\n\t\t<\/div>\n\t\t\t\t\t\t<\/div>\n\t\t\t\t<\/div>\n\t\t\t\t<div class=\"elementor-element elementor-element-d2ac845 elementor-widget elementor-widget-image\" data-id=\"d2ac845\" data-element_type=\"widget\" data-widget_type=\"image.default\">\n\t\t\t\t<div class=\"elementor-widget-container\">\n\t\t\t\t\t\t\t\t\t\t\t\t\t\t\t<img decoding=\"async\" width=\"225\" height=\"129\" src=\"https:\/\/sthlmup.se\/wp-content\/uploads\/2024\/02\/download-1-e1732786624939.png\" class=\"attachment-medium size-medium wp-image-4741\" alt=\"\" srcset=\"https:\/\/sthlmup.se\/wp-content\/uploads\/2024\/02\/download-1-e1732786624939.png 225w, https:\/\/sthlmup.se\/wp-content\/uploads\/2024\/02\/download-1-e1732786624939-18x10.png 18w\" sizes=\"(max-width: 225px) 100vw, 225px\" \/>\t\t\t\t\t\t\t\t\t\t\t\t\t\t\t<\/div>\n\t\t\t\t<\/div>\n\t\t\t\t<div class=\"elementor-element elementor-element-6c0292e elementor-widget-divider--view-line elementor-widget elementor-widget-divider\" data-id=\"6c0292e\" data-element_type=\"widget\" data-widget_type=\"divider.default\">\n\t\t\t\t<div class=\"elementor-widget-container\">\n\t\t\t\t\t\t\t<div class=\"elementor-divider\">\n\t\t\t<span class=\"elementor-divider-separator\">\n\t\t\t\t\t\t<\/span>\n\t\t<\/div>\n\t\t\t\t\t\t<\/div>\n\t\t\t\t<\/div>\n\t\t\t\t\t<\/div>\n\t\t<\/div>\n\t\t\t\t\t<\/div>\n\t\t<\/section>\n\t\t\t\t<section class=\"elementor-section elementor-top-section elementor-element elementor-element-a8d6ecd elementor-section-boxed elementor-section-height-default elementor-section-height-default\" data-id=\"a8d6ecd\" data-element_type=\"section\">\n\t\t\t\t\t\t<div class=\"elementor-container elementor-column-gap-default\">\n\t\t\t\t\t<div class=\"elementor-column elementor-col-100 elementor-top-column elementor-element elementor-element-76a63ae\" data-id=\"76a63ae\" data-element_type=\"column\">\n\t\t\t<div class=\"elementor-widget-wrap elementor-element-populated\">\n\t\t\t\t\t\t<div class=\"elementor-element elementor-element-3127c67 elementor-widget elementor-widget-image\" data-id=\"3127c67\" data-element_type=\"widget\" data-widget_type=\"image.default\">\n\t\t\t\t<div class=\"elementor-widget-container\">\n\t\t\t\t\t\t\t\t\t\t\t\t\t\t\t<img decoding=\"async\" width=\"300\" height=\"123\" src=\"https:\/\/sthlmup.se\/wp-content\/uploads\/2024\/11\/image-300x123.png\" class=\"attachment-medium size-medium wp-image-5362\" alt=\"\" srcset=\"https:\/\/sthlmup.se\/wp-content\/uploads\/2024\/11\/image-300x123.png 300w, https:\/\/sthlmup.se\/wp-content\/uploads\/2024\/11\/image-18x7.png 18w, https:\/\/sthlmup.se\/wp-content\/uploads\/2024\/11\/image.png 472w\" sizes=\"(max-width: 300px) 100vw, 300px\" \/>\t\t\t\t\t\t\t\t\t\t\t\t\t\t\t<\/div>\n\t\t\t\t<\/div>\n\t\t\t\t\t<\/div>\n\t\t<\/div>\n\t\t\t\t\t<\/div>\n\t\t<\/section>\n\t\t\t\t<section class=\"elementor-section elementor-top-section elementor-element elementor-element-4df690e elementor-section-boxed elementor-section-height-default elementor-section-height-default\" data-id=\"4df690e\" data-element_type=\"section\">\n\t\t\t\t\t\t<div class=\"elementor-container elementor-column-gap-default\">\n\t\t\t\t\t<div class=\"elementor-column elementor-col-100 elementor-top-column elementor-element elementor-element-c1df27b\" data-id=\"c1df27b\" data-element_type=\"column\">\n\t\t\t<div class=\"elementor-widget-wrap elementor-element-populated\">\n\t\t\t\t\t\t<div class=\"elementor-element elementor-element-9fda653 elementor-widget-divider--view-line elementor-widget elementor-widget-divider\" data-id=\"9fda653\" data-element_type=\"widget\" data-widget_type=\"divider.default\">\n\t\t\t\t<div class=\"elementor-widget-container\">\n\t\t\t\t\t\t\t<div class=\"elementor-divider\">\n\t\t\t<span class=\"elementor-divider-separator\">\n\t\t\t\t\t\t<\/span>\n\t\t<\/div>\n\t\t\t\t\t\t<\/div>\n\t\t\t\t<\/div>\n\t\t\t\t<div class=\"elementor-element elementor-element-9f71ef1 elementor-widget elementor-widget-spacer\" data-id=\"9f71ef1\" data-element_type=\"widget\" data-widget_type=\"spacer.default\">\n\t\t\t\t<div class=\"elementor-widget-container\">\n\t\t\t\t\t\t\t<div class=\"elementor-spacer\">\n\t\t\t<div class=\"elementor-spacer-inner\"><\/div>\n\t\t<\/div>\n\t\t\t\t\t\t<\/div>\n\t\t\t\t<\/div>\n\t\t\t\t\t<\/div>\n\t\t<\/div>\n\t\t\t\t\t<\/div>\n\t\t<\/section>\n\t\t\t\t<section class=\"elementor-section elementor-top-section elementor-element elementor-element-e8194d6 elementor-section-boxed elementor-section-height-default elementor-section-height-default\" data-id=\"e8194d6\" data-element_type=\"section\">\n\t\t\t\t\t\t<div class=\"elementor-container elementor-column-gap-default\">\n\t\t\t\t\t<div class=\"elementor-column elementor-col-50 elementor-top-column elementor-element elementor-element-215a33c\" data-id=\"215a33c\" data-element_type=\"column\">\n\t\t\t<div class=\"elementor-widget-wrap elementor-element-populated\">\n\t\t\t\t\t\t<div class=\"elementor-element elementor-element-8ab3738 elementor-widget elementor-widget-image\" data-id=\"8ab3738\" data-element_type=\"widget\" data-widget_type=\"image.default\">\n\t\t\t\t<div class=\"elementor-widget-container\">\n\t\t\t\t\t\t\t\t\t\t\t\t\t\t\t\t<a href=\"https:\/\/www.akavia.se\/medlemskapet\/bli-medlem\/\">\n\t\t\t\t\t\t\t<img loading=\"lazy\" decoding=\"async\" width=\"1024\" height=\"454\" src=\"https:\/\/sthlmup.se\/wp-content\/uploads\/2021\/04\/Infasningslogga-CEJusek-Akavia-1024x454.png\" class=\"attachment-large size-large wp-image-424\" alt=\"\" srcset=\"https:\/\/sthlmup.se\/wp-content\/uploads\/2021\/04\/Infasningslogga-CEJusek-Akavia-1024x454.png 1024w, https:\/\/sthlmup.se\/wp-content\/uploads\/2021\/04\/Infasningslogga-CEJusek-Akavia-300x133.png 300w, https:\/\/sthlmup.se\/wp-content\/uploads\/2021\/04\/Infasningslogga-CEJusek-Akavia-768x341.png 768w, https:\/\/sthlmup.se\/wp-content\/uploads\/2021\/04\/Infasningslogga-CEJusek-Akavia.png 1240w\" sizes=\"(max-width: 1024px) 100vw, 1024px\" \/>\t\t\t\t\t\t\t\t<\/a>\n\t\t\t\t\t\t\t\t\t\t\t\t\t\t\t<\/div>\n\t\t\t\t<\/div>\n\t\t\t\t\t<\/div>\n\t\t<\/div>\n\t\t\t\t<div class=\"elementor-column elementor-col-50 elementor-top-column elementor-element elementor-element-397f920\" data-id=\"397f920\" data-element_type=\"column\">\n\t\t\t<div class=\"elementor-widget-wrap elementor-element-populated\">\n\t\t\t\t\t\t<div class=\"elementor-element elementor-element-9d4d059 elementor-widget elementor-widget-text-editor\" data-id=\"9d4d059\" data-element_type=\"widget\" data-widget_type=\"text-editor.default\">\n\t\t\t\t<div class=\"elementor-widget-container\">\n\t\t\t\t\t\t\t\t\t<p><span style=\"color: #000000; font-family: Aptos, Aptos_EmbeddedFont, Aptos_MSFontService, Calibri, Helvetica, sans-serif; font-size: 12pt;\">Akavia \u00e4r fackf\u00f6rbundet f\u00f6r dig som valt den akademiska v\u00e4gen. F\u00f6rbundet samlar idag 144\u00a0000 ekonomer, jurister, samh\u00e4llsvetare, it-akademiker, personalvetare och kommunikat\u00f6rer.<\/span><\/p>\n<div style=\"background-color: #ffffff; direction: ltr; margin-top: 1em; margin-bottom: 1em; font-family: Aptos, Aptos_EmbeddedFont, Aptos_MSFontService, Calibri, Helvetica, sans-serif; font-size: 12pt; color: #000000;\">Akavia betyder den akademiska v\u00e4gen, AKA f\u00f6r akademi och VIA f\u00f6r v\u00e4g. Akavia vill att du ska f\u00e5 full utv\u00e4xling p\u00e5 din akademiska utbildning, d\u00e4rf\u00f6r \u00e4r vi med dig fr\u00e5n studietiden till pensionen.<\/div>\n<div style=\"background-color: #ffffff; direction: ltr; margin-top: 1em; margin-bottom: 1em; font-family: Aptos, Aptos_EmbeddedFont, Aptos_MSFontService, Calibri, Helvetica, sans-serif; font-size: 12pt; color: #000000;\">Om du studerar till\u00a0<i>personalvetare<\/i>\u00a0\u00e4r Akavia ditt fackf\u00f6rbund. Vi har den samlade kompetensen, erfarenheten och styrkan f\u00f6r dig som valt den akademiska v\u00e4gen. Under studietiden \u00e4r medlemskapet helt kostnadsfritt. Vi vill ge dig ett b\u00e4ttre st\u00f6d i m\u00f6tet med framtidens arbetsmarknad. Bes\u00f6k oss p\u00e5\u00a0<a style=\"color: #1155cc;\" title=\"https:\/\/www.akavia.se\/medlemskapet\/bli-studentmedlem\/\" href=\"https:\/\/www.akavia.se\/medlemskapet\/bli-studentmedlem\/\" target=\"_blank\" rel=\"noopener\" data-saferedirecturl=\"https:\/\/www.google.com\/url?q=https:\/\/www.akavia.se\/medlemskapet\/bli-studentmedlem\/&amp;source=gmail&amp;ust=1749744990996000&amp;usg=AOvVaw1pJhJVlQL4c067BlmmWcD1\">Akavia<\/a>\u00a0s\u00e5 ber\u00e4ttar vi mer.<\/div>\t\t\t\t\t\t\t\t<\/div>\n\t\t\t\t<\/div>\n\t\t\t\t\t<\/div>\n\t\t<\/div>\n\t\t\t\t\t<\/div>\n\t\t<\/section>\n\t\t\t\t<section class=\"elementor-section elementor-top-section elementor-element elementor-element-c4d8e1e elementor-section-boxed elementor-section-height-default elementor-section-height-default\" data-id=\"c4d8e1e\" data-element_type=\"section\">\n\t\t\t\t\t\t<div class=\"elementor-container elementor-column-gap-default\">\n\t\t\t\t\t<div class=\"elementor-column elementor-col-100 elementor-top-column elementor-element elementor-element-a80f939\" data-id=\"a80f939\" data-element_type=\"column\">\n\t\t\t<div class=\"elementor-widget-wrap elementor-element-populated\">\n\t\t\t\t\t\t<div class=\"elementor-element elementor-element-3695444 elementor-widget-divider--view-line elementor-widget elementor-widget-divider\" data-id=\"3695444\" data-element_type=\"widget\" data-widget_type=\"divider.default\">\n\t\t\t\t<div class=\"elementor-widget-container\">\n\t\t\t\t\t\t\t<div class=\"elementor-divider\">\n\t\t\t<span class=\"elementor-divider-separator\">\n\t\t\t\t\t\t<\/span>\n\t\t<\/div>\n\t\t\t\t\t\t<\/div>\n\t\t\t\t<\/div>\n\t\t\t\t<div class=\"elementor-element elementor-element-1d63cc4 elementor-widget elementor-widget-heading\" data-id=\"1d63cc4\" data-element_type=\"widget\" data-widget_type=\"heading.default\">\n\t\t\t\t<div class=\"elementor-widget-container\">\n\t\t\t\t\t<h2 class=\"elementor-heading-title elementor-size-default\"><b>Tr\u00e4na ditt ledarskap &amp; skapa framg\u00e5ng! Gratis ledarskapsutbildning f\u00f6r PAO-studenter! V\u00e4rde 31 500kr<\/b><\/h2>\t\t\t\t<\/div>\n\t\t\t\t<\/div>\n\t\t\t\t\t<\/div>\n\t\t<\/div>\n\t\t\t\t\t<\/div>\n\t\t<\/section>\n\t\t\t\t<section class=\"elementor-section elementor-top-section elementor-element elementor-element-9ffa59b elementor-section-boxed elementor-section-height-default elementor-section-height-default\" data-id=\"9ffa59b\" data-element_type=\"section\">\n\t\t\t\t\t\t<div class=\"elementor-container elementor-column-gap-default\">\n\t\t\t\t\t<div class=\"elementor-column elementor-col-100 elementor-top-column elementor-element elementor-element-e4299d0\" data-id=\"e4299d0\" data-element_type=\"column\">\n\t\t\t<div class=\"elementor-widget-wrap elementor-element-populated\">\n\t\t\t\t\t\t<div class=\"elementor-element elementor-element-dd31110 elementor-widget elementor-widget-text-editor\" data-id=\"dd31110\" data-element_type=\"widget\" data-widget_type=\"text-editor.default\">\n\t\t\t\t<div class=\"elementor-widget-container\">\n\t\t\t\t\t\t\t\t\t<p>Tuff ger nu dig som PAO-student vid SU m\u00f6jligheten att g\u00e5 deras ledarskapsutbildning i b\u00f6rjan av VT, helt gratis!\u00a0\u00a0<\/p>\n<p>Utbildningen str\u00e4cker sig \u00f6ver fyra olika tillf\u00e4llen och utg\u00f6rs av heldagar, tillf\u00e4llena sker oftast i slutet av januari samt februari.<br \/>Du kommer sj\u00e4lvklart att f\u00e5 ett certifikat vid aktivt deltagande.\u00a0\u00a0<\/p>\n<p>Dag 1-2:\u00a0 Under dessa dagar f\u00e5r du en teoretisk bas fr\u00e5n Tuffs fantastiska instrukt\u00f6rer.\u00a0 \u00a0<\/p>\n<p>Dag 3-4:\u00a0 Du f\u00e5r m\u00f6jligheten att applicera det du har l\u00e4rt dig p\u00e5 gemensamma \u00f6vningar ledda av instrukt\u00f6rer fr\u00e5n Tuff ledarskapsutbildning.\u00a0 \u00a0<\/p>\n<p>Plats: Medborgarplatsen\u00a0<\/p>\n<p>Det finns ett f\u00e5tal platser, s\u00e5 s\u00e4kra din plats redan idag!\u00a0 \u00a0<\/p>\n<p><img decoding=\"async\" class=\"emoji\" role=\"img\" draggable=\"false\" src=\"https:\/\/s.w.org\/images\/core\/emoji\/14.0.0\/svg\/1f31f.svg\" alt=\"\ud83c\udf1f\" \/>\u00a0Varf\u00f6r ska man delta? Uppt\u00e4ck strategier f\u00f6r att inspirera ditt team, skapa starka arbetsrelationer och navigera framg\u00e5ngsrikt genom utmaningar. Utbildningen \u00e4r skr\u00e4ddarsydd f\u00f6r att utveckla dina ledaregenskaper och maximera din ledningspotential.\u00a0<\/p>\n<p><img decoding=\"async\" class=\"emoji\" role=\"img\" draggable=\"false\" src=\"https:\/\/s.w.org\/images\/core\/emoji\/14.0.0\/svg\/1f465.svg\" alt=\"\ud83d\udc65\" \/>\u00a0Vem b\u00f6r delta? Utbildningen riktar sig fr\u00e4mst till dig som studerar n\u00e5gon termin p\u00e5 PAO-programmet vid Stockholm Universitet. Det kommer \u00e4ven finnas m\u00f6jlighet f\u00f6r andra studenter som l\u00e4ser liknande inriktningar att f\u00e5 delta.\u00a0\u00a0<\/p>\n<p>\u00a0<img decoding=\"async\" class=\"emoji\" role=\"img\" draggable=\"false\" src=\"https:\/\/s.w.org\/images\/core\/emoji\/14.0.0\/svg\/1f4c8.svg\" alt=\"\ud83d\udcc8\" \/>\u00a0Framtiden B\u00f6rjar H\u00e4r: Anm\u00e4l dig till denna unika m\u00f6jlighet genom att maila:\u00a0<a href=\"http:\/\/utbildning@sthlmup\/\">utbildning@sthlmup<\/a>.se med ditt namn och varf\u00f6r du vill delta p\u00e5 utbildningen. Du kommer f\u00e5 mer information n\u00e4rmare utbildningens start.\u00a0<\/p>\n<p>Framg\u00e5ng b\u00f6rjar med starkt ledarskap \u2013 l\u00e5t oss hj\u00e4lpa dig att n\u00e5 dina m\u00e5l!\u00a0 Intresserad med inte riktigt best\u00e4mt dig? L\u00e4s mer om Tuffs ledarskapsutbildning h\u00e4r:\u00a0<a href=\"https:\/\/www.tuffledarskapstraning.se\/produkt\/tuff-ledarskapstraning-steg-1\/\">https:\/\/www.tuffledarskapstraning.se\/produkt\/tuff-ledarskapstraning-steg-1\/<\/a><\/p>\t\t\t\t\t\t\t\t<\/div>\n\t\t\t\t<\/div>\n\t\t\t\t<div class=\"elementor-element elementor-element-7a26219 elementor-widget elementor-widget-image\" data-id=\"7a26219\" data-element_type=\"widget\" data-widget_type=\"image.default\">\n\t\t\t\t<div class=\"elementor-widget-container\">\n\t\t\t\t\t\t\t\t\t\t\t\t\t\t\t\t<a href=\"https:\/\/www.tuffledarskapstraning.se\/produkt\/tuff-ledarskapstraning-steg-1\/\">\n\t\t\t\t\t\t\t<img loading=\"lazy\" decoding=\"async\" width=\"510\" height=\"86\" src=\"https:\/\/sthlmup.se\/wp-content\/uploads\/2023\/12\/Skarmavbild-2023-12-08-kl.-17.23.47.png\" class=\"attachment-large size-large wp-image-4688\" alt=\"\" srcset=\"https:\/\/sthlmup.se\/wp-content\/uploads\/2023\/12\/Skarmavbild-2023-12-08-kl.-17.23.47.png 510w, https:\/\/sthlmup.se\/wp-content\/uploads\/2023\/12\/Skarmavbild-2023-12-08-kl.-17.23.47-300x51.png 300w, https:\/\/sthlmup.se\/wp-content\/uploads\/2023\/12\/Skarmavbild-2023-12-08-kl.-17.23.47-18x3.png 18w\" sizes=\"(max-width: 510px) 100vw, 510px\" \/>\t\t\t\t\t\t\t\t<\/a>\n\t\t\t\t\t\t\t\t\t\t\t\t\t\t\t<\/div>\n\t\t\t\t<\/div>\n\t\t\t\t<div class=\"elementor-element elementor-element-88b806b elementor-widget-divider--view-line elementor-widget elementor-widget-divider\" data-id=\"88b806b\" data-element_type=\"widget\" data-widget_type=\"divider.default\">\n\t\t\t\t<div class=\"elementor-widget-container\">\n\t\t\t\t\t\t\t<div class=\"elementor-divider\">\n\t\t\t<span class=\"elementor-divider-separator\">\n\t\t\t\t\t\t<\/span>\n\t\t<\/div>\n\t\t\t\t\t\t<\/div>\n\t\t\t\t<\/div>\n\t\t\t\t\t<\/div>\n\t\t<\/div>\n\t\t\t\t\t<\/div>\n\t\t<\/section>\n\t\t\t\t<\/div>","protected":false},"excerpt":{"rendered":"<p>V\u00e5ra samarbetspartners &nbsp; Mary Consulting erbjuder f\u00f6retag och organisationer st\u00f6d i det dagliga HR-arbetet, utan att de beh\u00f6ver anst\u00e4lla. Genom samarbetet f\u00e5r personalvetarstudenter fr\u00e5n Stockholms universitet chans att bidra med [&hellip;]<\/p>","protected":false},"author":2,"featured_media":0,"parent":0,"menu_order":0,"comment_status":"closed","ping_status":"closed","template":"","meta":{"footnotes":""},"class_list":["post-4467","page","type-page","status-publish","hentry"],"_links":{"self":[{"href":"https:\/\/sthlmup.se\/en\/wp-json\/wp\/v2\/pages\/4467","targetHints":{"allow":["GET"]}}],"collection":[{"href":"https:\/\/sthlmup.se\/en\/wp-json\/wp\/v2\/pages"}],"about":[{"href":"https:\/\/sthlmup.se\/en\/wp-json\/wp\/v2\/types\/page"}],"author":[{"embeddable":true,"href":"https:\/\/sthlmup.se\/en\/wp-json\/wp\/v2\/users\/2"}],"replies":[{"embeddable":true,"href":"https:\/\/sthlmup.se\/en\/wp-json\/wp\/v2\/comments?post=4467"}],"version-history":[{"count":67,"href":"https:\/\/sthlmup.se\/en\/wp-json\/wp\/v2\/pages\/4467\/revisions"}],"predecessor-version":[{"id":6110,"href":"https:\/\/sthlmup.se\/en\/wp-json\/wp\/v2\/pages\/4467\/revisions\/6110"}],"wp:attachment":[{"href":"https:\/\/sthlmup.se\/en\/wp-json\/wp\/v2\/media?parent=4467"}],"curies":[{"name":"wp","href":"https:\/\/api.w.org\/{rel}","templated":true}]}}