{"id":4581,"date":"2023-10-20T20:01:08","date_gmt":"2023-10-20T20:01:08","guid":{"rendered":"https:\/\/sthlmup.se\/?page_id=4581"},"modified":"2024-11-28T18:28:26","modified_gmt":"2024-11-28T18:28:26","slug":"val-av-inriktning","status":"publish","type":"page","link":"https:\/\/sthlmup.se\/en\/val-av-inriktning\/","title":{"rendered":"Choice of focus"},"content":{"rendered":"<div data-elementor-type=\"wp-page\" data-elementor-id=\"4581\" class=\"elementor elementor-4581\">\n\t\t\t\t\t\t<section class=\"elementor-section elementor-top-section elementor-element elementor-element-dcb57c2 elementor-section-boxed elementor-section-height-default elementor-section-height-default\" data-id=\"dcb57c2\" data-element_type=\"section\">\n\t\t\t\t\t\t<div class=\"elementor-container elementor-column-gap-default\">\n\t\t\t\t\t<div class=\"elementor-column elementor-col-100 elementor-top-column elementor-element elementor-element-777f6962\" data-id=\"777f6962\" data-element_type=\"column\">\n\t\t\t<div class=\"elementor-widget-wrap elementor-element-populated\">\n\t\t\t\t\t\t<div class=\"elementor-element elementor-element-8d51729 elementor-widget elementor-widget-heading\" data-id=\"8d51729\" data-element_type=\"widget\" data-widget_type=\"heading.default\">\n\t\t\t\t<div class=\"elementor-widget-container\">\n\t\t\t\t\t<h2 class=\"elementor-heading-title elementor-size-default\">Vad finns det f\u00f6r inriktningar?<\/h2>\t\t\t\t<\/div>\n\t\t\t\t<\/div>\n\t\t\t\t\t<\/div>\n\t\t<\/div>\n\t\t\t\t\t<\/div>\n\t\t<\/section>\n\t\t\t\t<section class=\"elementor-section elementor-top-section elementor-element elementor-element-46357b2 elementor-section-boxed elementor-section-height-default elementor-section-height-default\" data-id=\"46357b2\" data-element_type=\"section\">\n\t\t\t\t\t\t<div class=\"elementor-container elementor-column-gap-default\">\n\t\t\t\t\t<div class=\"elementor-column elementor-col-50 elementor-top-column elementor-element elementor-element-15a11a9\" data-id=\"15a11a9\" data-element_type=\"column\">\n\t\t\t<div class=\"elementor-widget-wrap elementor-element-populated\">\n\t\t\t\t\t\t<div class=\"elementor-element elementor-element-e098a89 elementor-widget elementor-widget-text-editor\" data-id=\"e098a89\" data-element_type=\"widget\" data-widget_type=\"text-editor.default\">\n\t\t\t\t<div class=\"elementor-widget-container\">\n\t\t\t\t\t\t\t\t\t<p>L\u00e4ser du PAO-programmet kommer du att v\u00e4lja en \u00e4mnesf\u00f6rdjupning i termin 4, du kan v\u00e4lja mellan pedagogisk inriktning, psykologisk inriktning och sociologisk inriktning, detta avg\u00f6r vilka kurser du kommer att l\u00e4sa i termin 5 &amp; 6.\u00a0<\/p>\n<p>Det finns ett tr\u00f6skelkrav innan du kan p\u00e5b\u00f6rja termin 5 &amp; 6, det vill s\u00e4ga \u00e4mnesf\u00f6rdjupningen, du m\u00e5ste ha klarat Beteendevetenskaplig kurs &#8211; PAO, 60 h\u00f6gskolepo\u00e4ng.\u00a0<\/p>\t\t\t\t\t\t\t\t<\/div>\n\t\t\t\t<\/div>\n\t\t\t\t<div class=\"elementor-element elementor-element-17fee90 elementor-align-center elementor-widget__width-initial elementor-widget elementor-widget-button\" data-id=\"17fee90\" data-element_type=\"widget\" data-widget_type=\"button.default\">\n\t\t\t\t<div class=\"elementor-widget-container\">\n\t\t\t\t\t\t\t\t\t<div class=\"elementor-button-wrapper\">\n\t\t\t\t\t<a class=\"elementor-button elementor-button-link elementor-size-lg\" href=\"https:\/\/www.pao.su.se\/utbildning\/val-av-huvud\u00e4mne\">\n\t\t\t\t\t\t<span class=\"elementor-button-content-wrapper\">\n\t\t\t\t\t\t\t\t\t<span class=\"elementor-button-text\">Mer information<\/span>\n\t\t\t\t\t<\/span>\n\t\t\t\t\t<\/a>\n\t\t\t\t<\/div>\n\t\t\t\t\t\t\t\t<\/div>\n\t\t\t\t<\/div>\n\t\t\t\t\t<\/div>\n\t\t<\/div>\n\t\t\t\t<div class=\"elementor-column elementor-col-50 elementor-top-column elementor-element elementor-element-691fe77\" data-id=\"691fe77\" data-element_type=\"column\">\n\t\t\t<div class=\"elementor-widget-wrap elementor-element-populated\">\n\t\t\t\t\t\t<div class=\"elementor-element elementor-element-d11668a elementor-widget elementor-widget-image\" data-id=\"d11668a\" data-element_type=\"widget\" data-widget_type=\"image.default\">\n\t\t\t\t<div class=\"elementor-widget-container\">\n\t\t\t\t\t\t\t\t\t\t\t\t\t\t\t<img fetchpriority=\"high\" decoding=\"async\" width=\"300\" height=\"268\" src=\"https:\/\/sthlmup.se\/wp-content\/uploads\/2024\/11\/Namnlos-design-3-e1732787824572-300x268.png\" class=\"attachment-medium size-medium wp-image-5262\" alt=\"\" srcset=\"https:\/\/sthlmup.se\/wp-content\/uploads\/2024\/11\/Namnlos-design-3-e1732787824572-300x268.png 300w, https:\/\/sthlmup.se\/wp-content\/uploads\/2024\/11\/Namnlos-design-3-e1732787824572-1024x916.png 1024w, https:\/\/sthlmup.se\/wp-content\/uploads\/2024\/11\/Namnlos-design-3-e1732787824572-768x687.png 768w, https:\/\/sthlmup.se\/wp-content\/uploads\/2024\/11\/Namnlos-design-3-e1732787824572-1536x1374.png 1536w, https:\/\/sthlmup.se\/wp-content\/uploads\/2024\/11\/Namnlos-design-3-e1732787824572-2048x1833.png 2048w, https:\/\/sthlmup.se\/wp-content\/uploads\/2024\/11\/Namnlos-design-3-e1732787824572-13x12.png 13w\" sizes=\"(max-width: 300px) 100vw, 300px\" \/>\t\t\t\t\t\t\t\t\t\t\t\t\t\t\t<\/div>\n\t\t\t\t<\/div>\n\t\t\t\t\t<\/div>\n\t\t<\/div>\n\t\t\t\t\t<\/div>\n\t\t<\/section>\n\t\t\t\t<section class=\"elementor-section elementor-top-section elementor-element elementor-element-21fbde8 elementor-section-boxed elementor-section-height-default elementor-section-height-default\" data-id=\"21fbde8\" data-element_type=\"section\">\n\t\t\t\t\t\t<div class=\"elementor-container elementor-column-gap-default\">\n\t\t\t\t\t<div class=\"elementor-column elementor-col-100 elementor-top-column elementor-element elementor-element-6a3553c\" data-id=\"6a3553c\" data-element_type=\"column\">\n\t\t\t<div class=\"elementor-widget-wrap elementor-element-populated\">\n\t\t\t\t\t\t<div class=\"elementor-element elementor-element-e145a74 elementor-widget-divider--view-line elementor-widget elementor-widget-divider\" data-id=\"e145a74\" data-element_type=\"widget\" data-widget_type=\"divider.default\">\n\t\t\t\t<div class=\"elementor-widget-container\">\n\t\t\t\t\t\t\t<div class=\"elementor-divider\">\n\t\t\t<span class=\"elementor-divider-separator\">\n\t\t\t\t\t\t<\/span>\n\t\t<\/div>\n\t\t\t\t\t\t<\/div>\n\t\t\t\t<\/div>\n\t\t\t\t<div class=\"elementor-element elementor-element-7dcc02e elementor-widget elementor-widget-heading\" data-id=\"7dcc02e\" data-element_type=\"widget\" data-widget_type=\"heading.default\">\n\t\t\t\t<div class=\"elementor-widget-container\">\n\t\t\t\t\t<h2 class=\"elementor-heading-title elementor-size-default\">Hur \u00e5ker jag p\u00e5 utbytestermin?<\/h2>\t\t\t\t<\/div>\n\t\t\t\t<\/div>\n\t\t\t\t<section class=\"elementor-section elementor-inner-section elementor-element elementor-element-7853f31 elementor-section-boxed elementor-section-height-default elementor-section-height-default\" data-id=\"7853f31\" data-element_type=\"section\">\n\t\t\t\t\t\t<div class=\"elementor-container elementor-column-gap-default\">\n\t\t\t\t\t<div class=\"elementor-column elementor-col-50 elementor-inner-column elementor-element elementor-element-d6a86b1\" data-id=\"d6a86b1\" data-element_type=\"column\">\n\t\t\t<div class=\"elementor-widget-wrap elementor-element-populated\">\n\t\t\t\t\t\t<div class=\"elementor-element elementor-element-195fbf8 elementor-widget elementor-widget-image\" data-id=\"195fbf8\" data-element_type=\"widget\" data-widget_type=\"image.default\">\n\t\t\t\t<div class=\"elementor-widget-container\">\n\t\t\t\t\t\t\t\t\t\t\t\t\t\t\t<img decoding=\"async\" width=\"300\" height=\"300\" src=\"https:\/\/sthlmup.se\/wp-content\/uploads\/2024\/04\/cropped-cropped-IMG_2039-300x300.png\" class=\"attachment-medium size-medium wp-image-4770\" alt=\"\" srcset=\"https:\/\/sthlmup.se\/wp-content\/uploads\/2024\/04\/cropped-cropped-IMG_2039-300x300.png 300w, https:\/\/sthlmup.se\/wp-content\/uploads\/2024\/04\/cropped-cropped-IMG_2039-150x150.png 150w, https:\/\/sthlmup.se\/wp-content\/uploads\/2024\/04\/cropped-cropped-IMG_2039-12x12.png 12w, https:\/\/sthlmup.se\/wp-content\/uploads\/2024\/04\/cropped-cropped-IMG_2039-270x270.png 270w, https:\/\/sthlmup.se\/wp-content\/uploads\/2024\/04\/cropped-cropped-IMG_2039-192x192.png 192w, https:\/\/sthlmup.se\/wp-content\/uploads\/2024\/04\/cropped-cropped-IMG_2039-180x180.png 180w, https:\/\/sthlmup.se\/wp-content\/uploads\/2024\/04\/cropped-cropped-IMG_2039-32x32.png 32w, https:\/\/sthlmup.se\/wp-content\/uploads\/2024\/04\/elementor\/thumbs\/cropped-cropped-IMG_2039-qmihkg0mld6lry76149sqn7omovnd3ko4nlcpruu0k.png 50w, https:\/\/sthlmup.se\/wp-content\/uploads\/2024\/04\/elementor\/thumbs\/cropped-cropped-IMG_2039-qmihkg0n7aktkya18kpdsomv5czgoz6j2jvxsh3g14.png 100w, https:\/\/sthlmup.se\/wp-content\/uploads\/2024\/04\/elementor\/thumbs\/cropped-cropped-IMG_2039-qmihkg0mwbvpog8lmuhl9nx9w0xk11dlllqn94h50u.png 75w, https:\/\/sthlmup.se\/wp-content\/uploads\/2024\/04\/elementor\/thumbs\/cropped-cropped-IMG_2039-qmihkg0mpr28xr0jh0cwy93iqfat89w8pu1vbwwk0o.png 60w, https:\/\/sthlmup.se\/wp-content\/uploads\/2024\/04\/cropped-cropped-IMG_2039.png 512w\" sizes=\"(max-width: 300px) 100vw, 300px\" \/>\t\t\t\t\t\t\t\t\t\t\t\t\t\t\t<\/div>\n\t\t\t\t<\/div>\n\t\t\t\t\t<\/div>\n\t\t<\/div>\n\t\t\t\t<div class=\"elementor-column elementor-col-50 elementor-inner-column elementor-element elementor-element-314d799\" data-id=\"314d799\" data-element_type=\"column\">\n\t\t\t<div class=\"elementor-widget-wrap elementor-element-populated\">\n\t\t\t\t\t\t<div class=\"elementor-element elementor-element-ffb5090 elementor-widget elementor-widget-text-editor\" data-id=\"ffb5090\" data-element_type=\"widget\" data-widget_type=\"text-editor.default\">\n\t\t\t\t<div class=\"elementor-widget-container\">\n\t\t\t\t\t\t\t\t\t<p>Information kommer inom kort.\u00a0<\/p>\t\t\t\t\t\t\t\t<\/div>\n\t\t\t\t<\/div>\n\t\t\t\t\t<\/div>\n\t\t<\/div>\n\t\t\t\t\t<\/div>\n\t\t<\/section>\n\t\t\t\t<div class=\"elementor-element elementor-element-f128e6b elementor-widget-divider--view-line elementor-widget elementor-widget-divider\" data-id=\"f128e6b\" data-element_type=\"widget\" data-widget_type=\"divider.default\">\n\t\t\t\t<div class=\"elementor-widget-container\">\n\t\t\t\t\t\t\t<div class=\"elementor-divider\">\n\t\t\t<span class=\"elementor-divider-separator\">\n\t\t\t\t\t\t<\/span>\n\t\t<\/div>\n\t\t\t\t\t\t<\/div>\n\t\t\t\t<\/div>\n\t\t\t\t\t<\/div>\n\t\t<\/div>\n\t\t\t\t\t<\/div>\n\t\t<\/section>\n\t\t\t\t<section class=\"elementor-section elementor-top-section elementor-element elementor-element-c083124 elementor-section-boxed elementor-section-height-default elementor-section-height-default\" data-id=\"c083124\" data-element_type=\"section\">\n\t\t\t\t\t\t<div class=\"elementor-container elementor-column-gap-default\">\n\t\t\t\t\t<div class=\"elementor-column elementor-col-100 elementor-top-column elementor-element elementor-element-0c7698c\" data-id=\"0c7698c\" data-element_type=\"column\">\n\t\t\t<div class=\"elementor-widget-wrap elementor-element-populated\">\n\t\t\t\t\t\t<div class=\"elementor-element elementor-element-eb5df4b elementor-widget elementor-widget-heading\" data-id=\"eb5df4b\" data-element_type=\"widget\" data-widget_type=\"heading.default\">\n\t\t\t\t<div class=\"elementor-widget-container\">\n\t\t\t\t\t<h2 class=\"elementor-heading-title elementor-size-default\">Hur g\u00e5r jag med i styrelsen?<\/h2>\t\t\t\t<\/div>\n\t\t\t\t<\/div>\n\t\t\t\t<section class=\"elementor-section elementor-inner-section elementor-element elementor-element-80dd3b0 elementor-section-boxed elementor-section-height-default elementor-section-height-default\" data-id=\"80dd3b0\" data-element_type=\"section\">\n\t\t\t\t\t\t<div class=\"elementor-container elementor-column-gap-default\">\n\t\t\t\t\t<div class=\"elementor-column elementor-col-50 elementor-inner-column elementor-element elementor-element-480441c\" data-id=\"480441c\" data-element_type=\"column\">\n\t\t\t<div class=\"elementor-widget-wrap elementor-element-populated\">\n\t\t\t\t\t\t<div class=\"elementor-element elementor-element-d157457 elementor-widget elementor-widget-text-editor\" data-id=\"d157457\" data-element_type=\"widget\" data-widget_type=\"text-editor.default\">\n\t\t\t\t<div class=\"elementor-widget-container\">\n\t\t\t\t\t\t\t\t\t<p>Varje \u00e5r h\u00e5ller SthlmUP ett \u00e5rsm\u00f6te och ett halv\u00e5rsm\u00f6te d\u00e4r olika f\u00f6rtroendeposter \u00f6ppnas upp f\u00f6r dig som medlem att s\u00f6ka. Blir du f\u00f6rtroendevald har du mandat f\u00f6r din roll under ett \u00e5rs tid.<\/p>\n<p>Du kan ans\u00f6ka om en roll sj\u00e4lv eller nominera n\u00e5gon annan n\u00e4r de vakanta posterna sl\u00e4pps. Om du missar att ans\u00f6ka i f\u00f6rv\u00e4g, kan du \u00e4ven golvnominera dig sj\u00e4lv under m\u00f6tet.<\/p>\n<p>H\u00e5ll utkik efter information om vilka poster som \u00e4r tillg\u00e4ngliga och ta chansen att engagera dig i SthlmUP:s arbete!\u00a0<\/p>\t\t\t\t\t\t\t\t<\/div>\n\t\t\t\t<\/div>\n\t\t\t\t\t<\/div>\n\t\t<\/div>\n\t\t\t\t<div class=\"elementor-column elementor-col-50 elementor-inner-column elementor-element elementor-element-dacc678\" data-id=\"dacc678\" data-element_type=\"column\">\n\t\t\t<div class=\"elementor-widget-wrap elementor-element-populated\">\n\t\t\t\t\t\t<div class=\"elementor-element elementor-element-40b92a6 elementor-widget elementor-widget-image\" data-id=\"40b92a6\" data-element_type=\"widget\" data-widget_type=\"image.default\">\n\t\t\t\t<div class=\"elementor-widget-container\">\n\t\t\t\t\t\t\t\t\t\t\t\t\t\t\t<img decoding=\"async\" width=\"1024\" height=\"762\" src=\"https:\/\/sthlmup.se\/wp-content\/uploads\/2024\/11\/Skarmavbild-2024-11-27-kl.-15.44.46-1024x762.png\" class=\"attachment-large size-large wp-image-4960\" alt=\"\" srcset=\"https:\/\/sthlmup.se\/wp-content\/uploads\/2024\/11\/Skarmavbild-2024-11-27-kl.-15.44.46-1024x762.png 1024w, https:\/\/sthlmup.se\/wp-content\/uploads\/2024\/11\/Skarmavbild-2024-11-27-kl.-15.44.46-300x223.png 300w, https:\/\/sthlmup.se\/wp-content\/uploads\/2024\/11\/Skarmavbild-2024-11-27-kl.-15.44.46-768x571.png 768w, https:\/\/sthlmup.se\/wp-content\/uploads\/2024\/11\/Skarmavbild-2024-11-27-kl.-15.44.46-16x12.png 16w, https:\/\/sthlmup.se\/wp-content\/uploads\/2024\/11\/Skarmavbild-2024-11-27-kl.-15.44.46.png 1532w\" sizes=\"(max-width: 1024px) 100vw, 1024px\" \/>\t\t\t\t\t\t\t\t\t\t\t\t\t\t\t<\/div>\n\t\t\t\t<\/div>\n\t\t\t\t<div class=\"elementor-element elementor-element-38b2102 elementor-shape-rounded elementor-grid-0 e-grid-align-center elementor-widget elementor-widget-social-icons\" data-id=\"38b2102\" data-element_type=\"widget\" data-widget_type=\"social-icons.default\">\n\t\t\t\t<div class=\"elementor-widget-container\">\n\t\t\t\t\t\t\t<div class=\"elementor-social-icons-wrapper elementor-grid\">\n\t\t\t\t\t\t\t<span class=\"elementor-grid-item\">\n\t\t\t\t\t<a class=\"elementor-icon elementor-social-icon elementor-social-icon-instagram elementor-repeater-item-b501595\" href=\"https:\/\/www.instagram.com\/sthlmup\/\" target=\"_blank\">\n\t\t\t\t\t\t<span class=\"elementor-screen-only\">Instagram<\/span>\n\t\t\t\t\t\t<i class=\"fab fa-instagram\"><\/i>\t\t\t\t\t<\/a>\n\t\t\t\t<\/span>\n\t\t\t\t\t<\/div>\n\t\t\t\t\t\t<\/div>\n\t\t\t\t<\/div>\n\t\t\t\t\t<\/div>\n\t\t<\/div>\n\t\t\t\t\t<\/div>\n\t\t<\/section>\n\t\t\t\t\t<\/div>\n\t\t<\/div>\n\t\t\t\t\t<\/div>\n\t\t<\/section>\n\t\t\t\t<\/div>","protected":false},"excerpt":{"rendered":"<p>Vad finns det f\u00f6r inriktningar? L\u00e4ser du PAO-programmet kommer du att v\u00e4lja en \u00e4mnesf\u00f6rdjupning i termin 4, du kan v\u00e4lja mellan pedagogisk inriktning, psykologisk inriktning och sociologisk inriktning, detta avg\u00f6r [&hellip;]<\/p>","protected":false},"author":2,"featured_media":0,"parent":0,"menu_order":0,"comment_status":"closed","ping_status":"closed","template":"","meta":{"footnotes":""},"class_list":["post-4581","page","type-page","status-publish","hentry"],"_links":{"self":[{"href":"https:\/\/sthlmup.se\/en\/wp-json\/wp\/v2\/pages\/4581","targetHints":{"allow":["GET"]}}],"collection":[{"href":"https:\/\/sthlmup.se\/en\/wp-json\/wp\/v2\/pages"}],"about":[{"href":"https:\/\/sthlmup.se\/en\/wp-json\/wp\/v2\/types\/page"}],"author":[{"embeddable":true,"href":"https:\/\/sthlmup.se\/en\/wp-json\/wp\/v2\/users\/2"}],"replies":[{"embeddable":true,"href":"https:\/\/sthlmup.se\/en\/wp-json\/wp\/v2\/comments?post=4581"}],"version-history":[{"count":13,"href":"https:\/\/sthlmup.se\/en\/wp-json\/wp\/v2\/pages\/4581\/revisions"}],"predecessor-version":[{"id":5423,"href":"https:\/\/sthlmup.se\/en\/wp-json\/wp\/v2\/pages\/4581\/revisions\/5423"}],"wp:attachment":[{"href":"https:\/\/sthlmup.se\/en\/wp-json\/wp\/v2\/media?parent=4581"}],"curies":[{"name":"wp","href":"https:\/\/api.w.org\/{rel}","templated":true}]}}