{"id":4584,"date":"2023-10-20T20:08:20","date_gmt":"2023-10-20T20:08:20","guid":{"rendered":"https:\/\/sthlmup.se\/?page_id=4584"},"modified":"2023-10-20T20:08:33","modified_gmt":"2023-10-20T20:08:33","slug":"utbytestermin","status":"publish","type":"page","link":"https:\/\/sthlmup.se\/en\/utbytestermin\/","title":{"rendered":"Exchange term"},"content":{"rendered":"<p>Traveling and discovering the world is something most people want to check off on their bucket list and who has said that studies need to stop you? In term 5, you who read the PAO program have the opportunity to read an exchange term. We believe that it is important to be prepared if you are going to travel, so we have compiled everything you need to know below.<\/p>\n\n\n\n<p>Stockholms universitets utbytesavtal finns p\u00e5 tv\u00e5 olika niv\u00e5er:&nbsp;central niv\u00e5&nbsp;och&nbsp;institutionsniv\u00e5.<\/p>\n\n\n\n<figure class=\"wp-block-image\"><img fetchpriority=\"high\" decoding=\"async\" width=\"650\" height=\"365\" src=\"https:\/\/sthlmup.se\/wp-content\/uploads\/2021\/04\/6562395-650x.jpg\" alt=\"\" class=\"wp-image-452\" srcset=\"https:\/\/sthlmup.se\/wp-content\/uploads\/2021\/04\/6562395-650x.jpg 650w, https:\/\/sthlmup.se\/wp-content\/uploads\/2021\/04\/6562395-650x-300x168.jpg 300w\" sizes=\"(max-width: 650px) 100vw, 650px\" \/><\/figure>\n\n\n\n<p>Every semester, students from the PAO program go on an exchange, so we have chosen to compile presentations and answers to questions from several students who have been away on an exchange in recent years.<\/p>\n\n\n\n<p>Institutionsniv\u00e5:&nbsp;PAO-programmet har inga egna avtal och d\u00e4rf\u00f6r kan du v\u00e4nda dig till den institution du har valt att inrikta din utbildning mot. Institutionen kommer sedan att hj\u00e4lpa dig med att f\u00e5 information om vilka utbytesavtal som finns tillhands.<\/p>\n\n\n\n<ul class=\"wp-block-list\">\n<li>Department of Education: For those of you who have chosen pedagogy as a major, there is a very wide range of exchange places around the world. You can study in Europe, the USA, Australia and Asia, among other places.<\/li>\n\n\n\n<li>Department of Sociology: This department uses the Erasmus exchange program. You who study sociology can go to Great Britain, Denmark, Italy and Austria.<\/li>\n\n\n\n<li>Department of Psychology: This department uses the Erasmus and Nordplus exchange programs. It is possible to go to Spain, Germany and Finland, among other places.<\/li>\n<\/ul>\n\n\n\n<div class=\"wp-block-buttons is-layout-flex wp-block-buttons-is-layout-flex\">\n<div class=\"wp-block-button\"><a class=\"wp-block-button__link wp-element-button\" href=\"https:\/\/www.su.se\/utbildning\/studera-utomlands\/utbytesstudier\">Read more about exchange studies here<\/a><\/div>\n<\/div>","protected":false},"excerpt":{"rendered":"<p>Att resa och uppt\u00e4cka v\u00e4rlden \u00e4r n\u00e5got dem flesta vill checka av p\u00e5 sin bucketlist och vem har sagt att studier ska beh\u00f6va stoppa dig? I termin 5 s\u00e5 har [&hellip;]<\/p>","protected":false},"author":2,"featured_media":0,"parent":0,"menu_order":0,"comment_status":"closed","ping_status":"closed","template":"","meta":{"footnotes":""},"class_list":["post-4584","page","type-page","status-publish","hentry"],"_links":{"self":[{"href":"https:\/\/sthlmup.se\/en\/wp-json\/wp\/v2\/pages\/4584","targetHints":{"allow":["GET"]}}],"collection":[{"href":"https:\/\/sthlmup.se\/en\/wp-json\/wp\/v2\/pages"}],"about":[{"href":"https:\/\/sthlmup.se\/en\/wp-json\/wp\/v2\/types\/page"}],"author":[{"embeddable":true,"href":"https:\/\/sthlmup.se\/en\/wp-json\/wp\/v2\/users\/2"}],"replies":[{"embeddable":true,"href":"https:\/\/sthlmup.se\/en\/wp-json\/wp\/v2\/comments?post=4584"}],"version-history":[{"count":2,"href":"https:\/\/sthlmup.se\/en\/wp-json\/wp\/v2\/pages\/4584\/revisions"}],"predecessor-version":[{"id":4589,"href":"https:\/\/sthlmup.se\/en\/wp-json\/wp\/v2\/pages\/4584\/revisions\/4589"}],"wp:attachment":[{"href":"https:\/\/sthlmup.se\/en\/wp-json\/wp\/v2\/media?parent=4584"}],"curies":[{"name":"wp","href":"https:\/\/api.w.org\/{rel}","templated":true}]}}