{"id":5040,"date":"2024-11-27T16:53:29","date_gmt":"2024-11-27T16:53:29","guid":{"rendered":"https:\/\/sthlmup.se\/?page_id=5040"},"modified":"2025-05-14T13:58:01","modified_gmt":"2025-05-14T13:58:01","slug":"om-oss","status":"publish","type":"page","link":"https:\/\/sthlmup.se\/en\/om-oss\/","title":{"rendered":"Om oss"},"content":{"rendered":"<div data-elementor-type=\"wp-page\" data-elementor-id=\"5040\" class=\"elementor elementor-5040\">\n\t\t\t\t\t\t<section class=\"elementor-section elementor-top-section elementor-element elementor-element-82db982 elementor-section-boxed elementor-section-height-default elementor-section-height-default\" data-id=\"82db982\" data-element_type=\"section\">\n\t\t\t\t\t\t<div class=\"elementor-container elementor-column-gap-default\">\n\t\t\t\t\t<div class=\"elementor-column elementor-col-100 elementor-top-column elementor-element elementor-element-37d819f\" data-id=\"37d819f\" data-element_type=\"column\">\n\t\t\t<div class=\"elementor-widget-wrap elementor-element-populated\">\n\t\t\t\t\t\t<div class=\"elementor-element elementor-element-1cbdbf1 elementor-widget elementor-widget-heading\" data-id=\"1cbdbf1\" data-element_type=\"widget\" data-widget_type=\"heading.default\">\n\t\t\t\t<div class=\"elementor-widget-container\">\n\t\t\t\t\t<h2 class=\"elementor-heading-title elementor-size-default\">Who are we?<\/h2>\t\t\t\t<\/div>\n\t\t\t\t<\/div>\n\t\t\t\t<div class=\"elementor-element elementor-element-9a3f78e elementor-widget elementor-widget-image\" data-id=\"9a3f78e\" data-element_type=\"widget\" data-widget_type=\"image.default\">\n\t\t\t\t<div class=\"elementor-widget-container\">\n\t\t\t\t\t\t\t\t\t\t\t\t\t\t\t<img fetchpriority=\"high\" decoding=\"async\" width=\"1024\" height=\"376\" src=\"https:\/\/sthlmup.se\/wp-content\/uploads\/2025\/05\/IMG_7624-scaled-e1747230712859-1024x376.jpg\" class=\"attachment-large size-large wp-image-5920\" alt=\"\" srcset=\"https:\/\/sthlmup.se\/wp-content\/uploads\/2025\/05\/IMG_7624-scaled-e1747230712859-1024x376.jpg 1024w, https:\/\/sthlmup.se\/wp-content\/uploads\/2025\/05\/IMG_7624-scaled-e1747230712859-300x110.jpg 300w, https:\/\/sthlmup.se\/wp-content\/uploads\/2025\/05\/IMG_7624-scaled-e1747230712859-768x282.jpg 768w, https:\/\/sthlmup.se\/wp-content\/uploads\/2025\/05\/IMG_7624-scaled-e1747230712859-1536x564.jpg 1536w, https:\/\/sthlmup.se\/wp-content\/uploads\/2025\/05\/IMG_7624-scaled-e1747230712859-2048x752.jpg 2048w, https:\/\/sthlmup.se\/wp-content\/uploads\/2025\/05\/IMG_7624-scaled-e1747230712859-18x7.jpg 18w\" sizes=\"(max-width: 1024px) 100vw, 1024px\" \/>\t\t\t\t\t\t\t\t\t\t\t\t\t\t\t<\/div>\n\t\t\t\t<\/div>\n\t\t\t\t\t<\/div>\n\t\t<\/div>\n\t\t\t\t\t<\/div>\n\t\t<\/section>\n\t\t\t\t<section class=\"elementor-section elementor-top-section elementor-element elementor-element-37964ac elementor-section-boxed elementor-section-height-default elementor-section-height-default\" data-id=\"37964ac\" data-element_type=\"section\">\n\t\t\t\t\t\t<div class=\"elementor-container elementor-column-gap-default\">\n\t\t\t\t\t<div class=\"elementor-column elementor-col-50 elementor-top-column elementor-element elementor-element-93c22c2\" data-id=\"93c22c2\" data-element_type=\"column\">\n\t\t\t<div class=\"elementor-widget-wrap elementor-element-populated\">\n\t\t\t\t\t\t<div class=\"elementor-element elementor-element-62f4a0d elementor-widget elementor-widget-text-editor\" data-id=\"62f4a0d\" data-element_type=\"widget\" data-widget_type=\"text-editor.default\">\n\t\t\t\t<div class=\"elementor-widget-container\">\n\t\t\t\t\t\t\t\t\t<p style=\"text-align: center;\">SthlmUP \u00e4r en studentf\u00f6rening f\u00f6r dig som studerar PAO-programmet, PAO-master, AKPA eller liknande utbildning p\u00e5 Stockholms universitet.\u00a0<\/p><p style=\"text-align: center;\">F\u00f6lj g\u00e4rna oss p\u00e5 sociala medier!<\/p>\t\t\t\t\t\t\t\t<\/div>\n\t\t\t\t<\/div>\n\t\t\t\t\t<\/div>\n\t\t<\/div>\n\t\t\t\t<div class=\"elementor-column elementor-col-50 elementor-top-column elementor-element elementor-element-1592554\" data-id=\"1592554\" data-element_type=\"column\">\n\t\t\t<div class=\"elementor-widget-wrap elementor-element-populated\">\n\t\t\t\t\t\t<div class=\"elementor-element elementor-element-a4295f0 elementor-shape-rounded elementor-grid-0 e-grid-align-center elementor-widget elementor-widget-social-icons\" data-id=\"a4295f0\" data-element_type=\"widget\" data-widget_type=\"social-icons.default\">\n\t\t\t\t<div class=\"elementor-widget-container\">\n\t\t\t\t\t\t\t<div class=\"elementor-social-icons-wrapper elementor-grid\">\n\t\t\t\t\t\t\t<span class=\"elementor-grid-item\">\n\t\t\t\t\t<a class=\"elementor-icon elementor-social-icon elementor-social-icon-instagram elementor-repeater-item-f556d5e\" href=\"https:\/\/www.instagram.com\/sthlmup\/\" target=\"_blank\">\n\t\t\t\t\t\t<span class=\"elementor-screen-only\">Instagram<\/span>\n\t\t\t\t\t\t<i class=\"fab fa-instagram\"><\/i>\t\t\t\t\t<\/a>\n\t\t\t\t<\/span>\n\t\t\t\t\t\t\t<span class=\"elementor-grid-item\">\n\t\t\t\t\t<a class=\"elementor-icon elementor-social-icon elementor-social-icon-linkedin elementor-repeater-item-f2d2d55\" href=\"https:\/\/www.linkedin.com\/company\/sthlmup\/\" target=\"_blank\">\n\t\t\t\t\t\t<span class=\"elementor-screen-only\">Linkedin<\/span>\n\t\t\t\t\t\t<i class=\"fab fa-linkedin\"><\/i>\t\t\t\t\t<\/a>\n\t\t\t\t<\/span>\n\t\t\t\t\t\t\t<span class=\"elementor-grid-item\">\n\t\t\t\t\t<a class=\"elementor-icon elementor-social-icon elementor-social-icon-facebook elementor-repeater-item-f626b84\" href=\"https:\/\/www.facebook.com\/SthlmUP\" target=\"_blank\">\n\t\t\t\t\t\t<span class=\"elementor-screen-only\">Facebook<\/span>\n\t\t\t\t\t\t<i class=\"fab fa-facebook\"><\/i>\t\t\t\t\t<\/a>\n\t\t\t\t<\/span>\n\t\t\t\t\t<\/div>\n\t\t\t\t\t\t<\/div>\n\t\t\t\t<\/div>\n\t\t\t\t<div class=\"elementor-element elementor-element-0ef9932 elementor-widget elementor-widget-spacer\" data-id=\"0ef9932\" data-element_type=\"widget\" data-widget_type=\"spacer.default\">\n\t\t\t\t<div class=\"elementor-widget-container\">\n\t\t\t\t\t\t\t<div class=\"elementor-spacer\">\n\t\t\t<div class=\"elementor-spacer-inner\"><\/div>\n\t\t<\/div>\n\t\t\t\t\t\t<\/div>\n\t\t\t\t<\/div>\n\t\t\t\t\t<\/div>\n\t\t<\/div>\n\t\t\t\t\t<\/div>\n\t\t<\/section>\n\t\t\t\t<section class=\"elementor-section elementor-top-section elementor-element elementor-element-ce7f39f elementor-section-boxed elementor-section-height-default elementor-section-height-default\" data-id=\"ce7f39f\" data-element_type=\"section\">\n\t\t\t\t\t\t<div class=\"elementor-container elementor-column-gap-default\">\n\t\t\t\t\t<div class=\"elementor-column elementor-col-100 elementor-top-column elementor-element elementor-element-749e0a7\" data-id=\"749e0a7\" data-element_type=\"column\">\n\t\t\t<div class=\"elementor-widget-wrap elementor-element-populated\">\n\t\t\t\t\t\t<div class=\"elementor-element elementor-element-e7e5b9c elementor-widget-divider--view-line elementor-widget elementor-widget-divider\" data-id=\"e7e5b9c\" data-element_type=\"widget\" data-widget_type=\"divider.default\">\n\t\t\t\t<div class=\"elementor-widget-container\">\n\t\t\t\t\t\t\t<div class=\"elementor-divider\">\n\t\t\t<span class=\"elementor-divider-separator\">\n\t\t\t\t\t\t<\/span>\n\t\t<\/div>\n\t\t\t\t\t\t<\/div>\n\t\t\t\t<\/div>\n\t\t\t\t\t<\/div>\n\t\t<\/div>\n\t\t\t\t\t<\/div>\n\t\t<\/section>\n\t\t\t\t<\/div>","protected":false},"excerpt":{"rendered":"<p>Vilka \u00e4r vi? SthlmUP \u00e4r en studentf\u00f6rening f\u00f6r dig som studerar PAO-programmet, PAO-master, AKPA eller liknande utbildning p\u00e5 Stockholms universitet.\u00a0 F\u00f6lj g\u00e4rna oss p\u00e5 sociala medier! Instagram Linkedin Facebook<\/p>","protected":false},"author":2,"featured_media":0,"parent":0,"menu_order":0,"comment_status":"closed","ping_status":"closed","template":"","meta":{"footnotes":""},"class_list":["post-5040","page","type-page","status-publish","hentry"],"_links":{"self":[{"href":"https:\/\/sthlmup.se\/en\/wp-json\/wp\/v2\/pages\/5040","targetHints":{"allow":["GET"]}}],"collection":[{"href":"https:\/\/sthlmup.se\/en\/wp-json\/wp\/v2\/pages"}],"about":[{"href":"https:\/\/sthlmup.se\/en\/wp-json\/wp\/v2\/types\/page"}],"author":[{"embeddable":true,"href":"https:\/\/sthlmup.se\/en\/wp-json\/wp\/v2\/users\/2"}],"replies":[{"embeddable":true,"href":"https:\/\/sthlmup.se\/en\/wp-json\/wp\/v2\/comments?post=5040"}],"version-history":[{"count":25,"href":"https:\/\/sthlmup.se\/en\/wp-json\/wp\/v2\/pages\/5040\/revisions"}],"predecessor-version":[{"id":5954,"href":"https:\/\/sthlmup.se\/en\/wp-json\/wp\/v2\/pages\/5040\/revisions\/5954"}],"wp:attachment":[{"href":"https:\/\/sthlmup.se\/en\/wp-json\/wp\/v2\/media?parent=5040"}],"curies":[{"name":"wp","href":"https:\/\/api.w.org\/{rel}","templated":true}]}}