{"id":58,"date":"2021-03-03T19:51:23","date_gmt":"2021-03-03T19:51:23","guid":{"rendered":"http:\/\/sthlmup.se\/?page_id=58"},"modified":"2025-05-14T14:19:29","modified_gmt":"2025-05-14T14:19:29","slug":"for-studenter","status":"publish","type":"page","link":"https:\/\/sthlmup.se\/en\/for-studenter\/","title":{"rendered":"For students"},"content":{"rendered":"<div data-elementor-type=\"wp-page\" data-elementor-id=\"58\" class=\"elementor elementor-58\">\n\t\t\t\t\t\t<section class=\"elementor-section elementor-top-section elementor-element elementor-element-78e95e1 elementor-section-boxed elementor-section-height-default elementor-section-height-default\" data-id=\"78e95e1\" data-element_type=\"section\">\n\t\t\t\t\t\t<div class=\"elementor-container elementor-column-gap-default\">\n\t\t\t\t\t<div class=\"elementor-column elementor-col-33 elementor-top-column elementor-element elementor-element-f834ad2\" data-id=\"f834ad2\" data-element_type=\"column\">\n\t\t\t<div class=\"elementor-widget-wrap elementor-element-populated\">\n\t\t\t\t\t\t<div class=\"elementor-element elementor-element-c9fa269 elementor-widget elementor-widget-image\" data-id=\"c9fa269\" data-element_type=\"widget\" data-widget_type=\"image.default\">\n\t\t\t\t<div class=\"elementor-widget-container\">\n\t\t\t\t\t\t\t\t\t\t\t\t\t\t\t<img fetchpriority=\"high\" decoding=\"async\" width=\"1024\" height=\"768\" src=\"https:\/\/sthlmup.se\/wp-content\/uploads\/2025\/05\/IMG_7595-1024x768.jpg\" class=\"attachment-large size-large wp-image-5898\" alt=\"\" srcset=\"https:\/\/sthlmup.se\/wp-content\/uploads\/2025\/05\/IMG_7595-1024x768.jpg 1024w, https:\/\/sthlmup.se\/wp-content\/uploads\/2025\/05\/IMG_7595-300x225.jpg 300w, https:\/\/sthlmup.se\/wp-content\/uploads\/2025\/05\/IMG_7595-768x576.jpg 768w, https:\/\/sthlmup.se\/wp-content\/uploads\/2025\/05\/IMG_7595-1536x1152.jpg 1536w, https:\/\/sthlmup.se\/wp-content\/uploads\/2025\/05\/IMG_7595-2048x1536.jpg 2048w, https:\/\/sthlmup.se\/wp-content\/uploads\/2025\/05\/IMG_7595-16x12.jpg 16w\" sizes=\"(max-width: 1024px) 100vw, 1024px\" \/>\t\t\t\t\t\t\t\t\t\t\t\t\t\t\t<\/div>\n\t\t\t\t<\/div>\n\t\t\t\t\t<\/div>\n\t\t<\/div>\n\t\t\t\t<div class=\"elementor-column elementor-col-66 elementor-top-column elementor-element elementor-element-eb640ed\" data-id=\"eb640ed\" data-element_type=\"column\">\n\t\t\t<div class=\"elementor-widget-wrap elementor-element-populated\">\n\t\t\t\t\t\t<div class=\"elementor-element elementor-element-5ccb962 elementor-widget elementor-widget-heading\" data-id=\"5ccb962\" data-element_type=\"widget\" data-widget_type=\"heading.default\">\n\t\t\t\t<div class=\"elementor-widget-container\">\n\t\t\t\t\t<h2 class=\"elementor-heading-title elementor-size-default\">For students<\/h2>\t\t\t\t<\/div>\n\t\t\t\t<\/div>\n\t\t\t\t<div class=\"elementor-element elementor-element-48388ae elementor-widget elementor-widget-text-editor\" data-id=\"48388ae\" data-element_type=\"widget\" data-widget_type=\"text-editor.default\">\n\t\t\t\t<div class=\"elementor-widget-container\">\n\t\t\t\t\t\t\t\t\t<p>F\u00f6r att f\u00e5 ut de allra mesta av er studietid rekommenderar vi er som studerar PAO, AKPA eller liknande utbildning vid Stockholms universitet att g\u00e5 med i SthlmUP. Ni f\u00e5r m\u00f6jlighet att delta p\u00e5 roliga evenemang, inspirerande arbetsm\u00e4ssor samt f\u00e5r chansen att tr\u00e4ffa studenter fr\u00e5n olika terminer. Ni blir medlemmar via Hitract.&nbsp;<\/p>\t\t\t\t\t\t\t\t<\/div>\n\t\t\t\t<\/div>\n\t\t\t\t<div class=\"elementor-element elementor-element-41bb0e0 elementor-align-center elementor-widget elementor-widget-button\" data-id=\"41bb0e0\" data-element_type=\"widget\" data-widget_type=\"button.default\">\n\t\t\t\t<div class=\"elementor-widget-container\">\n\t\t\t\t\t\t\t\t\t<div class=\"elementor-button-wrapper\">\n\t\t\t\t\t<a class=\"elementor-button elementor-button-link elementor-size-lg\" href=\"https:\/\/hitract.se\/hitclub\/sthlmup\/hitprofile\">\n\t\t\t\t\t\t<span class=\"elementor-button-content-wrapper\">\n\t\t\t\t\t\t\t\t\t<span class=\"elementor-button-text\">Sign up<\/span>\n\t\t\t\t\t<\/span>\n\t\t\t\t\t<\/a>\n\t\t\t\t<\/div>\n\t\t\t\t\t\t\t\t<\/div>\n\t\t\t\t<\/div>\n\t\t\t\t\t<\/div>\n\t\t<\/div>\n\t\t\t\t\t<\/div>\n\t\t<\/section>\n\t\t\t\t<section class=\"elementor-section elementor-top-section elementor-element elementor-element-c15763e elementor-section-boxed elementor-section-height-default elementor-section-height-default\" data-id=\"c15763e\" data-element_type=\"section\">\n\t\t\t\t\t\t<div class=\"elementor-container elementor-column-gap-default\">\n\t\t\t\t\t<div class=\"elementor-column elementor-col-100 elementor-top-column elementor-element elementor-element-8823d06\" data-id=\"8823d06\" data-element_type=\"column\">\n\t\t\t<div class=\"elementor-widget-wrap elementor-element-populated\">\n\t\t\t\t\t\t<div class=\"elementor-element elementor-element-16f8bba elementor-widget-divider--view-line elementor-widget elementor-widget-divider\" data-id=\"16f8bba\" data-element_type=\"widget\" data-widget_type=\"divider.default\">\n\t\t\t\t<div class=\"elementor-widget-container\">\n\t\t\t\t\t\t\t<div class=\"elementor-divider\">\n\t\t\t<span class=\"elementor-divider-separator\">\n\t\t\t\t\t\t<\/span>\n\t\t<\/div>\n\t\t\t\t\t\t<\/div>\n\t\t\t\t<\/div>\n\t\t\t\t<div class=\"elementor-element elementor-element-f72ec6e elementor-widget elementor-widget-heading\" data-id=\"f72ec6e\" data-element_type=\"widget\" data-widget_type=\"heading.default\">\n\t\t\t\t<div class=\"elementor-widget-container\">\n\t\t\t\t\t<h2 class=\"elementor-heading-title elementor-size-default\">Fr\u00e5n insparkssittning 2024<\/h2>\t\t\t\t<\/div>\n\t\t\t\t<\/div>\n\t\t\t\t\t<\/div>\n\t\t<\/div>\n\t\t\t\t\t<\/div>\n\t\t<\/section>\n\t\t\t\t<section class=\"elementor-section elementor-top-section elementor-element elementor-element-bf8250f elementor-section-boxed elementor-section-height-default elementor-section-height-default\" data-id=\"bf8250f\" data-element_type=\"section\">\n\t\t\t\t\t\t<div class=\"elementor-container elementor-column-gap-default\">\n\t\t\t\t\t<div class=\"elementor-column elementor-col-100 elementor-top-column elementor-element elementor-element-a3765a6\" data-id=\"a3765a6\" data-element_type=\"column\">\n\t\t\t<div class=\"elementor-widget-wrap elementor-element-populated\">\n\t\t\t\t\t\t<div class=\"elementor-element elementor-element-a25f4db elementor-arrows-position-inside elementor-pagination-position-outside elementor-widget elementor-widget-image-carousel\" data-id=\"a25f4db\" data-element_type=\"widget\" data-settings=\"{&quot;navigation&quot;:&quot;both&quot;,&quot;autoplay&quot;:&quot;yes&quot;,&quot;pause_on_hover&quot;:&quot;yes&quot;,&quot;pause_on_interaction&quot;:&quot;yes&quot;,&quot;autoplay_speed&quot;:5000,&quot;infinite&quot;:&quot;yes&quot;,&quot;speed&quot;:500}\" data-widget_type=\"image-carousel.default\">\n\t\t\t\t<div class=\"elementor-widget-container\">\n\t\t\t\t\t\t\t<div class=\"elementor-image-carousel-wrapper swiper\" role=\"region\" aria-roledescription=\"carousel\" aria-label=\"Bildkarusell\" dir=\"ltr\">\n\t\t\t<div class=\"elementor-image-carousel swiper-wrapper\" aria-live=\"off\">\n\t\t\t\t\t\t\t\t<div class=\"swiper-slide\" role=\"group\" aria-roledescription=\"slide\" aria-label=\"1 of 22\"><figure class=\"swiper-slide-inner\"><img decoding=\"async\" class=\"swiper-slide-image\" src=\"https:\/\/sthlmup.se\/wp-content\/uploads\/elementor\/thumbs\/IMG_5736-qy0suhod2ngf9fqfalxtzxzewjc8qyqh0trwjxetxc.jpg\" alt=\"IMG_5736\" \/><\/figure><\/div><div class=\"swiper-slide\" role=\"group\" aria-roledescription=\"slide\" aria-label=\"2 of 22\"><figure class=\"swiper-slide-inner\"><img decoding=\"async\" class=\"swiper-slide-image\" src=\"https:\/\/sthlmup.se\/wp-content\/uploads\/elementor\/thumbs\/IMG_5738-qy0suo98ehpfipgv86s7zebn28ft8ugldqcawv52ps.jpg\" alt=\"IMG_5738\" \/><\/figure><\/div><div class=\"swiper-slide\" role=\"group\" aria-roledescription=\"slide\" aria-label=\"3 of 22\"><figure class=\"swiper-slide-inner\"><img decoding=\"async\" class=\"swiper-slide-image\" src=\"https:\/\/sthlmup.se\/wp-content\/uploads\/elementor\/thumbs\/IMG_5742-qy0stv48imljisn6yc6sc3ocnaffm88wxq491aca2o.jpg\" alt=\"IMG_5742\" \/><\/figure><\/div><div class=\"swiper-slide\" role=\"group\" aria-roledescription=\"slide\" aria-label=\"4 of 22\"><figure class=\"swiper-slide-inner\"><img decoding=\"async\" class=\"swiper-slide-image\" src=\"https:\/\/sthlmup.se\/wp-content\/uploads\/elementor\/thumbs\/IMG_5737-qy0sulfptzlkjvkyonkc9x19a2tplr5edcduh1998g.jpg\" alt=\"IMG_5737\" \/><\/figure><\/div><div class=\"swiper-slide\" role=\"group\" aria-roledescription=\"slide\" aria-label=\"5 of 22\"><figure class=\"swiper-slide-inner\"><img decoding=\"async\" class=\"swiper-slide-image\" src=\"https:\/\/sthlmup.se\/wp-content\/uploads\/elementor\/thumbs\/IMG_5740-qy0sufsoozdum7t5ll4kuyghprlibkj0ckgxldhm9s.jpg\" alt=\"IMG_5740\" \/><\/figure><\/div><div class=\"swiper-slide\" role=\"group\" aria-roledescription=\"slide\" aria-label=\"6 of 22\"><figure class=\"swiper-slide-inner\"><img decoding=\"async\" class=\"swiper-slide-image\" src=\"https:\/\/sthlmup.se\/wp-content\/uploads\/elementor\/thumbs\/IMG_5753-qy0su1p3ugujs2dmvx16bk0kszj043z1amone82iv4.jpg\" alt=\"IMG_5753\" \/><\/figure><\/div><div class=\"swiper-slide\" role=\"group\" aria-roledescription=\"slide\" aria-label=\"7 of 22\"><figure class=\"swiper-slide-inner\"><img decoding=\"async\" class=\"swiper-slide-image\" src=\"https:\/\/sthlmup.se\/wp-content\/uploads\/elementor\/thumbs\/IMG_5766-qy0su89z6b3k1c42thvkb0csyomklzp5nj91r5srnk.jpg\" alt=\"IMG_5766\" \/><\/figure><\/div><div class=\"swiper-slide\" role=\"group\" aria-roledescription=\"slide\" aria-label=\"8 of 22\"><figure class=\"swiper-slide-inner\"><img decoding=\"async\" class=\"swiper-slide-image\" src=\"https:\/\/sthlmup.se\/wp-content\/uploads\/elementor\/thumbs\/IMG_5756-qy0suc1bxn8pbrym7ji2kzenc841gs4301uzo9n6yo.jpg\" alt=\"IMG_5756\" \/><\/figure><\/div><div class=\"swiper-slide\" role=\"group\" aria-roledescription=\"slide\" aria-label=\"9 of 22\"><figure class=\"swiper-slide-inner\"><img decoding=\"async\" class=\"swiper-slide-image\" src=\"https:\/\/sthlmup.se\/wp-content\/uploads\/elementor\/thumbs\/IMG_5747-qy0su0r9nmt9ggf01emjr2947lnmwevayi15wy3x1c.jpg\" alt=\"IMG_5747\" \/><\/figure><\/div><div class=\"swiper-slide\" role=\"group\" aria-roledescription=\"slide\" aria-label=\"10 of 22\"><figure class=\"swiper-slide-inner\"><img decoding=\"async\" class=\"swiper-slide-image\" src=\"https:\/\/sthlmup.se\/wp-content\/uploads\/elementor\/thumbs\/IMG_5743-qy0stwzwwao460kgnd01h379u2661mgdlzf7zu9hq8.jpg\" alt=\"IMG_5743\" \/><\/figure><\/div><div class=\"swiper-slide\" role=\"group\" aria-roledescription=\"slide\" aria-label=\"11 of 22\"><figure class=\"swiper-slide-inner\"><img decoding=\"async\" class=\"swiper-slide-image\" src=\"https:\/\/sthlmup.se\/wp-content\/uploads\/elementor\/thumbs\/IMG_5755-qy0sua5njz64ok1ciiotfzvq5gdb1dwmbsk0pppzb4.jpg\" alt=\"IMG_5755\" \/><\/figure><\/div><div class=\"swiper-slide\" role=\"group\" aria-roledescription=\"slide\" aria-label=\"12 of 22\"><figure class=\"swiper-slide-inner\"><img decoding=\"async\" class=\"swiper-slide-image\" src=\"https:\/\/sthlmup.se\/wp-content\/uploads\/elementor\/thumbs\/IMG_5757-qy0su6easn0ze46t4h2b60tvrwvu6lhoz9y2slvk00.jpg\" alt=\"IMG_5757\" \/><\/figure><\/div><div class=\"swiper-slide\" role=\"group\" aria-roledescription=\"slide\" aria-label=\"13 of 22\"><figure class=\"swiper-slide-inner\"><img decoding=\"async\" class=\"swiper-slide-image\" src=\"https:\/\/sthlmup.se\/wp-content\/uploads\/elementor\/thumbs\/IMG_5760-qy0su3ks84x4faawkxufgjjhzr9qji6hyvzmcrzqio.jpg\" alt=\"IMG_5760\" \/><\/figure><\/div><div class=\"swiper-slide\" role=\"group\" aria-roledescription=\"slide\" aria-label=\"14 of 22\"><figure class=\"swiper-slide-inner\"><img decoding=\"async\" class=\"swiper-slide-image\" src=\"https:\/\/sthlmup.se\/wp-content\/uploads\/elementor\/thumbs\/IMG_5758-qy0sucz64h9zndx921wp5h63xlzeoh7tc6ih5jlssg.jpg\" alt=\"IMG_5758\" \/><\/figure><\/div><div class=\"swiper-slide\" role=\"group\" aria-roledescription=\"slide\" aria-label=\"15 of 22\"><figure class=\"swiper-slide-inner\"><img decoding=\"async\" class=\"swiper-slide-image\" src=\"https:\/\/sthlmup.se\/wp-content\/uploads\/elementor\/thumbs\/IMG_5751-qy0stiwc1s4tbv4xxowmxorcxa3nu5wek1mxsouebk.jpg\" alt=\"IMG_5751\" \/><\/figure><\/div><div class=\"swiper-slide\" role=\"group\" aria-roledescription=\"slide\" aria-label=\"16 of 22\"><figure class=\"swiper-slide-inner\"><img decoding=\"async\" class=\"swiper-slide-image\" src=\"https:\/\/sthlmup.se\/wp-content\/uploads\/elementor\/thumbs\/IMG_0932-qy0styvl9yqot8hqcdtam2q70twwh0nua8q6ye6pds.jpg\" alt=\"IMG_0932\" \/><\/figure><\/div><div class=\"swiper-slide\" role=\"group\" aria-roledescription=\"slide\" aria-label=\"17 of 22\"><figure class=\"swiper-slide-inner\"><img decoding=\"async\" class=\"swiper-slide-image\" src=\"https:\/\/sthlmup.se\/wp-content\/uploads\/elementor\/thumbs\/IMG_5739-qy0sujk1gbizwnnozmr34xic3b2z6cxxp32vihc1kw.jpg\" alt=\"IMG_5739\" \/><\/figure><\/div><div class=\"swiper-slide\" role=\"group\" aria-roledescription=\"slide\" aria-label=\"18 of 22\"><figure class=\"swiper-slide-inner\"><img decoding=\"async\" class=\"swiper-slide-image\" src=\"https:\/\/sthlmup.se\/wp-content\/uploads\/elementor\/thumbs\/IMG_5741-qy0stt8k4yiyvkpx9bdj745fgiop6u1g9gta2qf2f4.jpg\" alt=\"IMG_5741\" \/><\/figure><\/div><div class=\"swiper-slide\" role=\"group\" aria-roledescription=\"slide\" aria-label=\"19 of 22\"><figure class=\"swiper-slide-inner\"><img decoding=\"async\" class=\"swiper-slide-image\" src=\"https:\/\/sthlmup.se\/wp-content\/uploads\/elementor\/thumbs\/IMG_5750-qy0sth0no428on7o8o3dsp8fqicxeroxvsbyu4x6o0.jpg\" alt=\"IMG_5750\" \/><\/figure><\/div><div class=\"swiper-slide\" role=\"group\" aria-roledescription=\"slide\" aria-label=\"20 of 22\"><figure class=\"swiper-slide-inner\"><img decoding=\"async\" class=\"swiper-slide-image\" src=\"https:\/\/sthlmup.se\/wp-content\/uploads\/elementor\/thumbs\/IMG_5763-qy0stf4zafzo1faejna4nppijqm6zdhh7j0zvkzz0g.jpg\" alt=\"IMG_5763\" \/><\/figure><\/div><div class=\"swiper-slide\" role=\"group\" aria-roledescription=\"slide\" aria-label=\"21 of 22\"><figure class=\"swiper-slide-inner\"><img decoding=\"async\" class=\"swiper-slide-image\" src=\"https:\/\/sthlmup.se\/wp-content\/uploads\/elementor\/thumbs\/IMG_5752-scaled-qy0stph7dmdtl4vdv9r0x53l2z78c1miwy7c5mkn40.jpg\" alt=\"IMG_5752\" \/><\/figure><\/div><div class=\"swiper-slide\" role=\"group\" aria-roledescription=\"slide\" aria-label=\"22 of 22\"><figure class=\"swiper-slide-inner\"><img decoding=\"async\" class=\"swiper-slide-image\" src=\"https:\/\/sthlmup.se\/wp-content\/uploads\/elementor\/thumbs\/IMG_5762-qy0stks0fg7dz327mppw2oaa41ue9k3v8axwr8rlz4.jpg\" alt=\"IMG_5762\" \/><\/figure><\/div>\t\t\t<\/div>\n\t\t\t\t\t\t\t\t\t\t\t\t<div class=\"elementor-swiper-button elementor-swiper-button-prev\" role=\"button\" tabindex=\"0\">\n\t\t\t\t\t\t<i aria-hidden=\"true\" class=\"eicon-chevron-left\"><\/i>\t\t\t\t\t<\/div>\n\t\t\t\t\t<div class=\"elementor-swiper-button elementor-swiper-button-next\" role=\"button\" tabindex=\"0\">\n\t\t\t\t\t\t<i aria-hidden=\"true\" class=\"eicon-chevron-right\"><\/i>\t\t\t\t\t<\/div>\n\t\t\t\t\n\t\t\t\t\t\t\t\t\t<div class=\"swiper-pagination\"><\/div>\n\t\t\t\t\t\t\t\t\t<\/div>\n\t\t\t\t\t\t<\/div>\n\t\t\t\t<\/div>\n\t\t\t\t<div class=\"elementor-element elementor-element-44295cd elementor-widget-divider--view-line elementor-widget elementor-widget-divider\" data-id=\"44295cd\" data-element_type=\"widget\" data-widget_type=\"divider.default\">\n\t\t\t\t<div class=\"elementor-widget-container\">\n\t\t\t\t\t\t\t<div class=\"elementor-divider\">\n\t\t\t<span class=\"elementor-divider-separator\">\n\t\t\t\t\t\t<\/span>\n\t\t<\/div>\n\t\t\t\t\t\t<\/div>\n\t\t\t\t<\/div>\n\t\t\t\t\t<\/div>\n\t\t<\/div>\n\t\t\t\t\t<\/div>\n\t\t<\/section>\n\t\t\t\t<section class=\"elementor-section elementor-top-section elementor-element elementor-element-b83e478 elementor-section-boxed elementor-section-height-default elementor-section-height-default\" data-id=\"b83e478\" data-element_type=\"section\">\n\t\t\t\t\t\t<div class=\"elementor-container elementor-column-gap-default\">\n\t\t\t\t\t<div class=\"elementor-column elementor-col-100 elementor-top-column elementor-element elementor-element-666f2f2\" data-id=\"666f2f2\" data-element_type=\"column\">\n\t\t\t<div class=\"elementor-widget-wrap elementor-element-populated\">\n\t\t\t\t\t\t<div class=\"elementor-element elementor-element-318c44e elementor-widget elementor-widget-sbi-widget\" data-id=\"318c44e\" data-element_type=\"widget\" data-widget_type=\"sbi-widget.default\">\n\t\t\t\t<div class=\"elementor-widget-container\">\n\t\t\t\t\t\t\t<div id=\"sbi_mod_error\" >\n\t\t\t<span>This error message is only visible to WordPress admins<\/span><br\/>\n\t\t\t<p><strong>Error: No feed with the ID 1 found.<\/strong>\n\t\t\t<p>Please go to the Instagram Feed settings page to create a feed.<\/p>\n\t\t<\/div>\n\t\t\t\t\t\t<\/div>\n\t\t\t\t<\/div>\n\t\t\t\t\t<\/div>\n\t\t<\/div>\n\t\t\t\t\t<\/div>\n\t\t<\/section>\n\t\t\t\t<\/div>","protected":false},"excerpt":{"rendered":"<p>F\u00f6r studenter F\u00f6r att f\u00e5 ut de allra mesta av er studietid rekommenderar vi er som studerar PAO, AKPA eller liknande utbildning vid Stockholms universitet att g\u00e5 med i SthlmUP. [&hellip;]<\/p>","protected":false},"author":1,"featured_media":0,"parent":0,"menu_order":0,"comment_status":"closed","ping_status":"closed","template":"","meta":{"footnotes":""},"class_list":["post-58","page","type-page","status-publish","hentry"],"_links":{"self":[{"href":"https:\/\/sthlmup.se\/en\/wp-json\/wp\/v2\/pages\/58","targetHints":{"allow":["GET"]}}],"collection":[{"href":"https:\/\/sthlmup.se\/en\/wp-json\/wp\/v2\/pages"}],"about":[{"href":"https:\/\/sthlmup.se\/en\/wp-json\/wp\/v2\/types\/page"}],"author":[{"embeddable":true,"href":"https:\/\/sthlmup.se\/en\/wp-json\/wp\/v2\/users\/1"}],"replies":[{"embeddable":true,"href":"https:\/\/sthlmup.se\/en\/wp-json\/wp\/v2\/comments?post=58"}],"version-history":[{"count":127,"href":"https:\/\/sthlmup.se\/en\/wp-json\/wp\/v2\/pages\/58\/revisions"}],"predecessor-version":[{"id":5974,"href":"https:\/\/sthlmup.se\/en\/wp-json\/wp\/v2\/pages\/58\/revisions\/5974"}],"wp:attachment":[{"href":"https:\/\/sthlmup.se\/en\/wp-json\/wp\/v2\/media?parent=58"}],"curies":[{"name":"wp","href":"https:\/\/api.w.org\/{rel}","templated":true}]}}