{"id":59,"date":"2021-03-03T19:51:29","date_gmt":"2021-03-03T19:51:29","guid":{"rendered":"http:\/\/sthlmup.se\/?page_id=59"},"modified":"2024-12-10T14:46:03","modified_gmt":"2024-12-10T14:46:03","slug":"for-foretag","status":"publish","type":"page","link":"https:\/\/sthlmup.se\/en\/for-foretag\/","title":{"rendered":"For companies"},"content":{"rendered":"<div data-elementor-type=\"wp-page\" data-elementor-id=\"59\" class=\"elementor elementor-59\">\n\t\t\t\t\t\t<section class=\"elementor-section elementor-top-section elementor-element elementor-element-cb9dbb3 elementor-section-full_width elementor-section-height-default elementor-section-height-default\" data-id=\"cb9dbb3\" data-element_type=\"section\" id=\"samarbete\">\n\t\t\t\t\t\t<div class=\"elementor-container elementor-column-gap-default\">\n\t\t\t\t\t<div class=\"elementor-column elementor-col-100 elementor-top-column elementor-element elementor-element-9d5ff65\" data-id=\"9d5ff65\" data-element_type=\"column\">\n\t\t\t<div class=\"elementor-widget-wrap elementor-element-populated\">\n\t\t\t\t\t\t<div class=\"elementor-element elementor-element-99c4719 elementor-widget-divider--view-line elementor-widget elementor-widget-divider\" data-id=\"99c4719\" data-element_type=\"widget\" data-widget_type=\"divider.default\">\n\t\t\t\t<div class=\"elementor-widget-container\">\n\t\t\t\t\t\t\t<div class=\"elementor-divider\">\n\t\t\t<span class=\"elementor-divider-separator\">\n\t\t\t\t\t\t<\/span>\n\t\t<\/div>\n\t\t\t\t\t\t<\/div>\n\t\t\t\t<\/div>\n\t\t\t\t<section class=\"elementor-section elementor-inner-section elementor-element elementor-element-ba27aab elementor-section-boxed elementor-section-height-default elementor-section-height-default\" data-id=\"ba27aab\" data-element_type=\"section\">\n\t\t\t\t\t\t<div class=\"elementor-container elementor-column-gap-default\">\n\t\t\t\t\t<div class=\"elementor-column elementor-col-50 elementor-inner-column elementor-element elementor-element-9834e0b\" data-id=\"9834e0b\" data-element_type=\"column\">\n\t\t\t<div class=\"elementor-widget-wrap elementor-element-populated\">\n\t\t\t\t\t\t<div class=\"elementor-element elementor-element-a78a39e elementor-widget__width-initial elementor-widget elementor-widget-heading\" data-id=\"a78a39e\" data-element_type=\"widget\" data-widget_type=\"heading.default\">\n\t\t\t\t<div class=\"elementor-widget-container\">\n\t\t\t\t\t<h3 class=\"elementor-heading-title elementor-size-xl\">\u00c4r ni intresserade av att samarbeta med oss?<\/h3>\t\t\t\t<\/div>\n\t\t\t\t<\/div>\n\t\t\t\t<div class=\"elementor-element elementor-element-d7373fe elementor-widget__width-initial elementor-widget elementor-widget-text-editor\" data-id=\"d7373fe\" data-element_type=\"widget\" data-widget_type=\"text-editor.default\">\n\t\t\t\t<div class=\"elementor-widget-container\">\n\t\t\t\t\t\t\t\t\t<p><br><\/p>\n<p>Skicka en intresseanm\u00e4lan till&nbsp;<a class=\"link1\" href=\"mailto:naringsliv@sthlmup.se?subject=Intresseanm%C3%A4lan%20f%C3%B6r%20samarbete%202020\" style=\"font-size: 16px;\">naringsliv@sthlmup.se<\/a>&nbsp;we will contact you as soon as possible!<br><\/p>\t\t\t\t\t\t\t\t<\/div>\n\t\t\t\t<\/div>\n\t\t\t\t<div class=\"elementor-element elementor-element-be346b4 elementor-widget elementor-widget-image\" data-id=\"be346b4\" data-element_type=\"widget\" data-widget_type=\"image.default\">\n\t\t\t\t<div class=\"elementor-widget-container\">\n\t\t\t\t\t\t\t\t\t\t\t\t\t\t\t<img decoding=\"async\" src=\"https:\/\/sthlmup.se\/wp-content\/uploads\/elementor\/thumbs\/Lagg-till-en-underrubrik-qxq46idu0uh4ut9gdd4eo5s5erdoffijnhqcmt7jas.png\" title=\"L\u00e4gg till en underrubrik\" alt=\"L\u00e4gg till en underrubrik\" loading=\"lazy\" \/>\t\t\t\t\t\t\t\t\t\t\t\t\t\t\t<\/div>\n\t\t\t\t<\/div>\n\t\t\t\t\t<\/div>\n\t\t<\/div>\n\t\t\t\t<div class=\"elementor-column elementor-col-50 elementor-inner-column elementor-element elementor-element-d11f68b\" data-id=\"d11f68b\" data-element_type=\"column\">\n\t\t\t<div class=\"elementor-widget-wrap elementor-element-populated\">\n\t\t\t\t\t\t<div class=\"elementor-element elementor-element-645bb1a elementor-widget__width-initial elementor-widget elementor-widget-image\" data-id=\"645bb1a\" data-element_type=\"widget\" data-widget_type=\"image.default\">\n\t\t\t\t<div class=\"elementor-widget-container\">\n\t\t\t\t\t\t\t\t\t\t\t\t\t\t\t<img fetchpriority=\"high\" decoding=\"async\" width=\"268\" height=\"300\" src=\"https:\/\/sthlmup.se\/wp-content\/uploads\/2024\/11\/IMG_5697-268x300.jpg\" class=\"attachment-medium size-medium wp-image-5405\" alt=\"\" srcset=\"https:\/\/sthlmup.se\/wp-content\/uploads\/2024\/11\/IMG_5697-268x300.jpg 268w, https:\/\/sthlmup.se\/wp-content\/uploads\/2024\/11\/IMG_5697-11x12.jpg 11w, https:\/\/sthlmup.se\/wp-content\/uploads\/2024\/11\/IMG_5697.jpg 707w\" sizes=\"(max-width: 268px) 100vw, 268px\" \/>\t\t\t\t\t\t\t\t\t\t\t\t\t\t\t<\/div>\n\t\t\t\t<\/div>\n\t\t\t\t\t<\/div>\n\t\t<\/div>\n\t\t\t\t\t<\/div>\n\t\t<\/section>\n\t\t\t\t\t<\/div>\n\t\t<\/div>\n\t\t\t\t\t<\/div>\n\t\t<\/section>\n\t\t\t\t<section class=\"elementor-section elementor-top-section elementor-element elementor-element-39941c1 elementor-section-boxed elementor-section-height-default elementor-section-height-default\" data-id=\"39941c1\" data-element_type=\"section\">\n\t\t\t\t\t\t<div class=\"elementor-container elementor-column-gap-default\">\n\t\t\t\t\t<div class=\"elementor-column elementor-col-100 elementor-top-column elementor-element elementor-element-f911cfe\" data-id=\"f911cfe\" data-element_type=\"column\">\n\t\t\t<div class=\"elementor-widget-wrap elementor-element-populated\">\n\t\t\t\t\t\t<div class=\"elementor-element elementor-element-d8f0950 elementor-widget-divider--view-line elementor-widget elementor-widget-divider\" data-id=\"d8f0950\" data-element_type=\"widget\" data-widget_type=\"divider.default\">\n\t\t\t\t<div class=\"elementor-widget-container\">\n\t\t\t\t\t\t\t<div class=\"elementor-divider\">\n\t\t\t<span class=\"elementor-divider-separator\">\n\t\t\t\t\t\t<\/span>\n\t\t<\/div>\n\t\t\t\t\t\t<\/div>\n\t\t\t\t<\/div>\n\t\t\t\t\t<\/div>\n\t\t<\/div>\n\t\t\t\t\t<\/div>\n\t\t<\/section>\n\t\t\t\t<\/div>","protected":false},"excerpt":{"rendered":"<p>\u00c4r ni intresserade av att samarbeta med oss? Skicka en intresseanm\u00e4lan till&nbsp;naringsliv@sthlmup.se&nbsp;s\u00e5 kontaktar vi er s\u00e5 snart som m\u00f6jligt!<\/p>","protected":false},"author":1,"featured_media":0,"parent":0,"menu_order":0,"comment_status":"closed","ping_status":"closed","template":"","meta":{"footnotes":""},"class_list":["post-59","page","type-page","status-publish","hentry"],"_links":{"self":[{"href":"https:\/\/sthlmup.se\/en\/wp-json\/wp\/v2\/pages\/59","targetHints":{"allow":["GET"]}}],"collection":[{"href":"https:\/\/sthlmup.se\/en\/wp-json\/wp\/v2\/pages"}],"about":[{"href":"https:\/\/sthlmup.se\/en\/wp-json\/wp\/v2\/types\/page"}],"author":[{"embeddable":true,"href":"https:\/\/sthlmup.se\/en\/wp-json\/wp\/v2\/users\/1"}],"replies":[{"embeddable":true,"href":"https:\/\/sthlmup.se\/en\/wp-json\/wp\/v2\/comments?post=59"}],"version-history":[{"count":68,"href":"https:\/\/sthlmup.se\/en\/wp-json\/wp\/v2\/pages\/59\/revisions"}],"predecessor-version":[{"id":5622,"href":"https:\/\/sthlmup.se\/en\/wp-json\/wp\/v2\/pages\/59\/revisions\/5622"}],"wp:attachment":[{"href":"https:\/\/sthlmup.se\/en\/wp-json\/wp\/v2\/media?parent=59"}],"curies":[{"name":"wp","href":"https:\/\/api.w.org\/{rel}","templated":true}]}}