{"id":608,"date":"2021-04-30T09:31:00","date_gmt":"2021-04-30T09:31:00","guid":{"rendered":"http:\/\/sthlmup.se\/?page_id=608"},"modified":"2023-10-12T21:44:50","modified_gmt":"2023-10-12T21:44:50","slug":"personalvetardagen","status":"publish","type":"page","link":"https:\/\/sthlmup.se\/en\/personalvetardagen\/","title":{"rendered":"Human Resources Day"},"content":{"rendered":"<div data-elementor-type=\"wp-page\" data-elementor-id=\"608\" class=\"elementor elementor-608\">\n\t\t\t\t\t\t<section class=\"elementor-section elementor-top-section elementor-element elementor-element-8efae22 elementor-section-boxed elementor-section-height-default elementor-section-height-default\" data-id=\"8efae22\" data-element_type=\"section\">\n\t\t\t\t\t\t<div class=\"elementor-container elementor-column-gap-default\">\n\t\t\t\t\t<div class=\"elementor-column elementor-col-100 elementor-top-column elementor-element elementor-element-d147a68\" data-id=\"d147a68\" data-element_type=\"column\">\n\t\t\t<div class=\"elementor-widget-wrap elementor-element-populated\">\n\t\t\t\t\t\t<div class=\"elementor-element elementor-element-38887235 elementor-widget elementor-widget-heading\" data-id=\"38887235\" data-element_type=\"widget\" data-widget_type=\"heading.default\">\n\t\t\t\t<div class=\"elementor-widget-container\">\n\t\t\t\t\t<h2 class=\"elementor-heading-title elementor-size-default\">Human Resources Day<\/h2>\t\t\t\t<\/div>\n\t\t\t\t<\/div>\n\t\t\t\t<div class=\"elementor-element elementor-element-7baad554 elementor-widget elementor-widget-text-editor\" data-id=\"7baad554\" data-element_type=\"widget\" data-widget_type=\"text-editor.default\">\n\t\t\t\t<div class=\"elementor-widget-container\">\n\t\t\t\t\t\t\t\t\t<p><span class=\"textheading2\">An inspiration day and labor market fair aimed at students with an interest in a career in HR.<\/span><\/p>\t\t\t\t\t\t\t\t<\/div>\n\t\t\t\t<\/div>\n\t\t\t\t<section class=\"elementor-section elementor-inner-section elementor-element elementor-element-bb974ce elementor-section-boxed elementor-section-height-default elementor-section-height-default\" data-id=\"bb974ce\" data-element_type=\"section\">\n\t\t\t\t\t\t<div class=\"elementor-container elementor-column-gap-default\">\n\t\t\t\t\t<div class=\"elementor-column elementor-col-50 elementor-inner-column elementor-element elementor-element-74422578\" data-id=\"74422578\" data-element_type=\"column\">\n\t\t\t<div class=\"elementor-widget-wrap elementor-element-populated\">\n\t\t\t\t\t\t<div class=\"elementor-element elementor-element-10f57f77 elementor-widget elementor-widget-image\" data-id=\"10f57f77\" data-element_type=\"widget\" data-widget_type=\"image.default\">\n\t\t\t\t<div class=\"elementor-widget-container\">\n\t\t\t\t\t\t\t\t\t\t\t\t\t\t\t<img fetchpriority=\"high\" decoding=\"async\" width=\"1024\" height=\"1024\" src=\"https:\/\/sthlmup.se\/wp-content\/uploads\/2021\/04\/2-1024x1024.png\" class=\"attachment-large size-large wp-image-438\" alt=\"\" srcset=\"https:\/\/sthlmup.se\/wp-content\/uploads\/2021\/04\/2-1024x1024.png 1024w, https:\/\/sthlmup.se\/wp-content\/uploads\/2021\/04\/2-300x300.png 300w, https:\/\/sthlmup.se\/wp-content\/uploads\/2021\/04\/2-150x150.png 150w, https:\/\/sthlmup.se\/wp-content\/uploads\/2021\/04\/2-768x768.png 768w, https:\/\/sthlmup.se\/wp-content\/uploads\/2021\/04\/2.png 1080w\" sizes=\"(max-width: 1024px) 100vw, 1024px\" \/>\t\t\t\t\t\t\t\t\t\t\t\t\t\t\t<\/div>\n\t\t\t\t<\/div>\n\t\t\t\t\t<\/div>\n\t\t<\/div>\n\t\t\t\t<div class=\"elementor-column elementor-col-50 elementor-inner-column elementor-element elementor-element-6e804f0d\" data-id=\"6e804f0d\" data-element_type=\"column\">\n\t\t\t<div class=\"elementor-widget-wrap elementor-element-populated\">\n\t\t\t\t\t\t<div class=\"elementor-element elementor-element-4286ad76 elementor-widget elementor-widget-heading\" data-id=\"4286ad76\" data-element_type=\"widget\" data-widget_type=\"heading.default\">\n\t\t\t\t<div class=\"elementor-widget-container\">\n\t\t\t\t\t<h3 class=\"elementor-heading-title elementor-size-default\">What is the Human Resources Day?<\/h3>\t\t\t\t<\/div>\n\t\t\t\t<\/div>\n\t\t\t\t<div class=\"elementor-element elementor-element-64e63624 elementor-widget elementor-widget-text-editor\" data-id=\"64e63624\" data-element_type=\"widget\" data-widget_type=\"text-editor.default\">\n\t\t\t\t<div class=\"elementor-widget-container\">\n\t\t\t\t\t\t\t\t\t<p class=\"textheading2\"><span class=\"textheading2\">During the education, the PAO students gain a lot of theoretical knowledge about personnel science. But what happens after graduation? What opportunities are there? Which roads can you go? These are just a few questions that visitors are answered with the help of inspiring lecturers. Visitors also have the opportunity to make contact with companies that may become their future employers. It is a fantastic day to explore the HR industry and be inspired by the various opportunities that await them.<\/span><\/p>\t\t\t\t\t\t\t\t<\/div>\n\t\t\t\t<\/div>\n\t\t\t\t\t<\/div>\n\t\t<\/div>\n\t\t\t\t\t<\/div>\n\t\t<\/section>\n\t\t\t\t\t<\/div>\n\t\t<\/div>\n\t\t\t\t\t<\/div>\n\t\t<\/section>\n\t\t\t\t<section class=\"elementor-section elementor-top-section elementor-element elementor-element-39093f9f elementor-section-boxed elementor-section-height-default elementor-section-height-default\" data-id=\"39093f9f\" data-element_type=\"section\" id=\"personalvetardagen\">\n\t\t\t\t\t\t<div class=\"elementor-container elementor-column-gap-default\">\n\t\t\t\t\t<div class=\"elementor-column elementor-col-100 elementor-top-column elementor-element elementor-element-27164d3b\" data-id=\"27164d3b\" data-element_type=\"column\">\n\t\t\t<div class=\"elementor-widget-wrap elementor-element-populated\">\n\t\t\t\t\t\t<div class=\"elementor-element elementor-element-3a4bc7c6 elementor-widget elementor-widget-image\" data-id=\"3a4bc7c6\" data-element_type=\"widget\" data-widget_type=\"image.default\">\n\t\t\t\t<div class=\"elementor-widget-container\">\n\t\t\t\t\t\t\t\t\t\t\t\t\t\t\t<img decoding=\"async\" width=\"1024\" height=\"683\" src=\"https:\/\/sthlmup.se\/wp-content\/uploads\/2021\/03\/IMG_3241-2-1024x683.jpg\" class=\"attachment-large size-large wp-image-147\" alt=\"\" srcset=\"https:\/\/sthlmup.se\/wp-content\/uploads\/2021\/03\/IMG_3241-2-1024x683.jpg 1024w, https:\/\/sthlmup.se\/wp-content\/uploads\/2021\/03\/IMG_3241-2-300x200.jpg 300w, https:\/\/sthlmup.se\/wp-content\/uploads\/2021\/03\/IMG_3241-2-768x512.jpg 768w, https:\/\/sthlmup.se\/wp-content\/uploads\/2021\/03\/IMG_3241-2-1536x1024.jpg 1536w, https:\/\/sthlmup.se\/wp-content\/uploads\/2021\/03\/IMG_3241-2-2048x1365.jpg 2048w\" sizes=\"(max-width: 1024px) 100vw, 1024px\" \/>\t\t\t\t\t\t\t\t\t\t\t\t\t\t\t<\/div>\n\t\t\t\t<\/div>\n\t\t\t\t<div class=\"elementor-element elementor-element-76bd9358 elementor-widget elementor-widget-text-editor\" data-id=\"76bd9358\" data-element_type=\"widget\" data-widget_type=\"text-editor.default\">\n\t\t\t\t<div class=\"elementor-widget-container\">\n\t\t\t\t\t\t\t\t\t<p><span class=\"textheading2\">Once a year, SthlmUP&#039;s business committee arranges a staff science day. Current and former students and newly graduated personnel scientists from both Stockholm University, Uppsala University and S\u00f6dert\u00f6rn University are welcome to participate.<\/span><br \/><span class=\"textheading2\">Become part of the humanities students&#039; most noticed day of the year!<\/span><\/p>\t\t\t\t\t\t\t\t<\/div>\n\t\t\t\t<\/div>\n\t\t\t\t<div class=\"elementor-element elementor-element-74823696 elementor-align-center elementor-widget elementor-widget-button\" data-id=\"74823696\" data-element_type=\"widget\" data-widget_type=\"button.default\">\n\t\t\t\t<div class=\"elementor-widget-container\">\n\t\t\t\t\t\t\t\t\t<div class=\"elementor-button-wrapper\">\n\t\t\t\t\t<a class=\"elementor-button elementor-button-link elementor-size-sm\" href=\"mailto:naringsliv@sthlmup.se\">\n\t\t\t\t\t\t<span class=\"elementor-button-content-wrapper\">\n\t\t\t\t\t\t\t\t\t<span class=\"elementor-button-text\">Registration of interest<\/span>\n\t\t\t\t\t<\/span>\n\t\t\t\t\t<\/a>\n\t\t\t\t<\/div>\n\t\t\t\t\t\t\t\t<\/div>\n\t\t\t\t<\/div>\n\t\t\t\t\t<\/div>\n\t\t<\/div>\n\t\t\t\t\t<\/div>\n\t\t<\/section>\n\t\t\t\t<section class=\"elementor-section elementor-top-section elementor-element elementor-element-458cbad elementor-section-boxed elementor-section-height-default elementor-section-height-default\" data-id=\"458cbad\" data-element_type=\"section\">\n\t\t\t\t\t\t<div class=\"elementor-container elementor-column-gap-default\">\n\t\t\t\t\t<div class=\"elementor-column elementor-col-100 elementor-top-column elementor-element elementor-element-0054484\" data-id=\"0054484\" data-element_type=\"column\">\n\t\t\t<div class=\"elementor-widget-wrap elementor-element-populated\">\n\t\t\t\t\t\t<div class=\"elementor-element elementor-element-f09ae09 elementor-widget elementor-widget-heading\" data-id=\"f09ae09\" data-element_type=\"widget\" data-widget_type=\"heading.default\">\n\t\t\t\t<div class=\"elementor-widget-container\">\n\t\t\t\t\t<h2 class=\"elementor-heading-title elementor-size-default\">Human Resources Day<\/h2>\t\t\t\t<\/div>\n\t\t\t\t<\/div>\n\t\t\t\t\t<\/div>\n\t\t<\/div>\n\t\t\t\t\t<\/div>\n\t\t<\/section>\n\t\t\t\t<section class=\"elementor-section elementor-top-section elementor-element elementor-element-c44b22e elementor-section-boxed elementor-section-height-default elementor-section-height-default\" data-id=\"c44b22e\" data-element_type=\"section\">\n\t\t\t\t\t\t<div class=\"elementor-container elementor-column-gap-default\">\n\t\t\t\t\t<div class=\"elementor-column elementor-col-100 elementor-top-column elementor-element elementor-element-f1fdedf\" data-id=\"f1fdedf\" data-element_type=\"column\">\n\t\t\t<div class=\"elementor-widget-wrap elementor-element-populated\">\n\t\t\t\t\t\t<div class=\"elementor-element elementor-element-89672f6 elementor-widget elementor-widget-text-editor\" data-id=\"89672f6\" data-element_type=\"widget\" data-widget_type=\"text-editor.default\">\n\t\t\t\t<div class=\"elementor-widget-container\">\n\t\t\t\t\t\t\t\t\t<p>F\u00f6retag och fackf\u00f6reningar som har varit med:<\/p><ul><li>Spotify (HR-chefen h\u00f6ll i en f\u00f6rel\u00e4sning)\u00a0<\/li><li>Polisen<\/li><li>Systembolaget<\/li><li>Academic work\u00a0<\/li><li>Clockwork<\/li><li>Jurek<\/li><li>Wise<\/li><li>KFX<\/li><li>Almega<\/li><li>Ants<\/li><li>Akademikerf\u00f6rbundet<\/li><li>People provide\u00a0<\/li><li>Student node<\/li><li>ST<\/li><li>Akavia<\/li><li>Vision<\/li><\/ul><div>\u00a0<\/div><div>Och m\u00e5nga fler fantastiska f\u00f6retag och f\u00f6reningar.\u00a0<\/div>\t\t\t\t\t\t\t\t<\/div>\n\t\t\t\t<\/div>\n\t\t\t\t\t<\/div>\n\t\t<\/div>\n\t\t\t\t\t<\/div>\n\t\t<\/section>\n\t\t\t\t<\/div>","protected":false},"excerpt":{"rendered":"<p>Personnel Science Day An inspiration day and labor market fair aimed at students with an interest in a career in HR. What is the Human Resources Day? During the education, the PAO students gain a lot of theoretical knowledge [\u2026]<\/p>","protected":false},"author":1,"featured_media":0,"parent":0,"menu_order":0,"comment_status":"closed","ping_status":"closed","template":"","meta":{"footnotes":""},"class_list":["post-608","page","type-page","status-publish","hentry"],"_links":{"self":[{"href":"https:\/\/sthlmup.se\/en\/wp-json\/wp\/v2\/pages\/608","targetHints":{"allow":["GET"]}}],"collection":[{"href":"https:\/\/sthlmup.se\/en\/wp-json\/wp\/v2\/pages"}],"about":[{"href":"https:\/\/sthlmup.se\/en\/wp-json\/wp\/v2\/types\/page"}],"author":[{"embeddable":true,"href":"https:\/\/sthlmup.se\/en\/wp-json\/wp\/v2\/users\/1"}],"replies":[{"embeddable":true,"href":"https:\/\/sthlmup.se\/en\/wp-json\/wp\/v2\/comments?post=608"}],"version-history":[{"count":28,"href":"https:\/\/sthlmup.se\/en\/wp-json\/wp\/v2\/pages\/608\/revisions"}],"predecessor-version":[{"id":4198,"href":"https:\/\/sthlmup.se\/en\/wp-json\/wp\/v2\/pages\/608\/revisions\/4198"}],"wp:attachment":[{"href":"https:\/\/sthlmup.se\/en\/wp-json\/wp\/v2\/media?parent=608"}],"curies":[{"name":"wp","href":"https:\/\/api.w.org\/{rel}","templated":true}]}}